{"id":10382,"date":"2021-08-31T11:28:06","date_gmt":"2021-08-31T14:28:06","guid":{"rendered":"https:\/\/gamestore.com.uy\/store\/?post_type=product&#038;p=10382"},"modified":"2022-02-01T17:55:10","modified_gmt":"2022-02-01T20:55:10","slug":"radio-mk-18-corriente-pila-am-fm","status":"publish","type":"product","link":"https:\/\/gamestore.com.uy\/store\/producto\/radio-mk-18-corriente-pila-am-fm\/","title":{"rendered":"Radio MK-18 Corriente \/Pila AM FM"},"content":{"rendered":"<p>Estilo: Port\u00e1til<br \/>\nCertificaci\u00f3n: CE<br \/>\nTipo: AM\/FM<br \/>\nLugar del origen: Guangdong, China<br \/>\nMarca: CMiK<br \/>\nN\u00famero de Modelo: MK-18<br \/>\nPantalla: No<br \/>\nFunci\u00f3n: Altavoz integrado<br \/>\nFuente de alimentaci\u00f3n: AC\/DC<br \/>\nBanda: FM\/AM\/SW1\/SW2<br \/>\nDe la bater\u00eda: 3V UM1 * 2<br \/>\nFunci\u00f3n 1: Altavoz Grande integrado<br \/>\nFunction2: Mano manivela Dinamo<br \/>\nFunction3: Reproductor Mp3 de tarjeta USB\/TF<br \/>\nFunction4: Manual de mando<br \/>\nFunction5: Linterna LED blanco<br \/>\nCaracter\u00edstica: Alta sensibilidad de la antena<\/p>\n","protected":false},"excerpt":{"rendered":"<p>Estilo: Port\u00e1til Certificaci\u00f3n: CE Tipo: AM\/FM Lugar del origen: Guangdong, China Marca: CMiK N\u00famero de Modelo: MK-18 Pantalla: No Funci\u00f3n: Altavoz integrado Fuente de alimentaci\u00f3n: AC\/DC Banda: FM\/AM\/SW1\/SW2 De la bater\u00eda: 3V UM1 * 2 Funci\u00f3n 1: Altavoz Grande integrado Function2: Mano manivela Dinamo Function3: Reproductor Mp3 de tarjeta USB\/TF Function4: Manual de mando Function5: [&hellip;]<\/p>\n","protected":false},"featured_media":10383,"template":"","meta":[],"pwb-brand":[],"product_brand":[],"product_cat":[247,246],"product_tag":[],"class_list":{"0":"post-10382","1":"product","2":"type-product","3":"status-publish","4":"has-post-thumbnail","6":"product_cat-audio-hogar","7":"product_cat-hogar","9":"first","10":"instock","11":"shipping-taxable","12":"purchasable","13":"product-type-simple"},"brands":[],"_links":{"self":[{"href":"https:\/\/gamestore.com.uy\/store\/wp-json\/wp\/v2\/product\/10382","targetHints":{"allow":["GET"]}}],"collection":[{"href":"https:\/\/gamestore.com.uy\/store\/wp-json\/wp\/v2\/product"}],"about":[{"href":"https:\/\/gamestore.com.uy\/store\/wp-json\/wp\/v2\/types\/product"}],"version-history":[{"count":1,"href":"https:\/\/gamestore.com.uy\/store\/wp-json\/wp\/v2\/product\/10382\/revisions"}],"predecessor-version":[{"id":10385,"href":"https:\/\/gamestore.com.uy\/store\/wp-json\/wp\/v2\/product\/10382\/revisions\/10385"}],"wp:featuredmedia":[{"embeddable":true,"href":"https:\/\/gamestore.com.uy\/store\/wp-json\/wp\/v2\/media\/10383"}],"wp:attachment":[{"href":"https:\/\/gamestore.com.uy\/store\/wp-json\/wp\/v2\/media?parent=10382"}],"wp:term":[{"taxonomy":"pwb-brand","embeddable":true,"href":"https:\/\/gamestore.com.uy\/store\/wp-json\/wp\/v2\/pwb-brand?post=10382"},{"taxonomy":"product_brand","embeddable":true,"href":"https:\/\/gamestore.com.uy\/store\/wp-json\/wp\/v2\/product_brand?post=10382"},{"taxonomy":"product_cat","embeddable":true,"href":"https:\/\/gamestore.com.uy\/store\/wp-json\/wp\/v2\/product_cat?post=10382"},{"taxonomy":"product_tag","embeddable":true,"href":"https:\/\/gamestore.com.uy\/store\/wp-json\/wp\/v2\/product_tag?post=10382"}],"curies":[{"name":"wp","href":"https:\/\/api.w.org\/{rel}","templated":true}]}}