{"id":10386,"date":"2021-08-31T11:30:57","date_gmt":"2021-08-31T14:30:57","guid":{"rendered":"https:\/\/gamestore.com.uy\/store\/?post_type=product&#038;p=10386"},"modified":"2022-02-01T17:55:09","modified_gmt":"2022-02-01T20:55:09","slug":"radio-icf-8-am-fm-pilas","status":"publish","type":"product","link":"https:\/\/gamestore.com.uy\/store\/producto\/radio-icf-8-am-fm-pilas\/","title":{"rendered":"Radio ICF-8 AM\/FM Pilas"},"content":{"rendered":"<ul>\n<li>AM \/ FM de 2 bandas<\/li>\n<li>Altavoz incorporado<\/li>\n<li>Enchufe de aud\u00edfonos<\/li>\n<li>Rango de frecuencia: FM: 76 ~ 108MHz AM: 530 ~ 1700KHz<\/li>\n<li>Energ\u00eda: bater\u00edas de tama\u00f1o 2 * AA<\/li>\n<li>Dimensi\u00f3n: 12,1 * 3,3 * 7,0 CM<\/li>\n<\/ul>\n","protected":false},"excerpt":{"rendered":"<p>AM \/ FM de 2 bandas Altavoz incorporado Enchufe de aud\u00edfonos Rango de frecuencia: FM: 76 ~ 108MHz AM: 530 ~ 1700KHz Energ\u00eda: bater\u00edas de tama\u00f1o 2 * AA Dimensi\u00f3n: 12,1 * 3,3 * 7,0 CM<\/p>\n","protected":false},"featured_media":10387,"template":"","meta":[],"pwb-brand":[],"product_brand":[],"product_cat":[247,246],"product_tag":[],"class_list":{"0":"post-10386","1":"product","2":"type-product","3":"status-publish","4":"has-post-thumbnail","6":"product_cat-audio-hogar","7":"product_cat-hogar","9":"first","10":"instock","11":"shipping-taxable","12":"purchasable","13":"product-type-simple"},"brands":[],"_links":{"self":[{"href":"https:\/\/gamestore.com.uy\/store\/wp-json\/wp\/v2\/product\/10386","targetHints":{"allow":["GET"]}}],"collection":[{"href":"https:\/\/gamestore.com.uy\/store\/wp-json\/wp\/v2\/product"}],"about":[{"href":"https:\/\/gamestore.com.uy\/store\/wp-json\/wp\/v2\/types\/product"}],"version-history":[{"count":1,"href":"https:\/\/gamestore.com.uy\/store\/wp-json\/wp\/v2\/product\/10386\/revisions"}],"predecessor-version":[{"id":10389,"href":"https:\/\/gamestore.com.uy\/store\/wp-json\/wp\/v2\/product\/10386\/revisions\/10389"}],"wp:featuredmedia":[{"embeddable":true,"href":"https:\/\/gamestore.com.uy\/store\/wp-json\/wp\/v2\/media\/10387"}],"wp:attachment":[{"href":"https:\/\/gamestore.com.uy\/store\/wp-json\/wp\/v2\/media?parent=10386"}],"wp:term":[{"taxonomy":"pwb-brand","embeddable":true,"href":"https:\/\/gamestore.com.uy\/store\/wp-json\/wp\/v2\/pwb-brand?post=10386"},{"taxonomy":"product_brand","embeddable":true,"href":"https:\/\/gamestore.com.uy\/store\/wp-json\/wp\/v2\/product_brand?post=10386"},{"taxonomy":"product_cat","embeddable":true,"href":"https:\/\/gamestore.com.uy\/store\/wp-json\/wp\/v2\/product_cat?post=10386"},{"taxonomy":"product_tag","embeddable":true,"href":"https:\/\/gamestore.com.uy\/store\/wp-json\/wp\/v2\/product_tag?post=10386"}],"curies":[{"name":"wp","href":"https:\/\/api.w.org\/{rel}","templated":true}]}}