{"id":10456,"date":"2021-08-31T14:01:17","date_gmt":"2021-08-31T17:01:17","guid":{"rendered":"https:\/\/gamestore.com.uy\/store\/?post_type=product&#038;p=10456"},"modified":"2026-02-28T14:42:44","modified_gmt":"2026-02-28T17:42:44","slug":"parlante-home-genius-sw-5-1-1020","status":"publish","type":"product","link":"https:\/\/gamestore.com.uy\/store\/producto\/parlante-home-genius-sw-5-1-1020\/","title":{"rendered":"Parlante Home Genius SW-5.1 1020"},"content":{"rendered":"<p>Los cinco altavoces sat\u00e9lite de color negro brillante de 2,5\u2033 y el subwoofer de 4\u2033 en caja de madera proporcionan una experiencia de sonido desde profundos bajos hasta sonidos altos muy claros.<br \/>\nEl sistema de altavoces surround Genius SW-5.1 1020 se puede usar con casi cualquier dispositivo de entretenimiento como ordenadores de sobremesa, port\u00e1tiles o reproductores MP3. Con tan solo desconectar del PC los jacks de 3,5 mm diferenciados 3 colores y conectar el jack de 3,5 mm de color verde al iPod, se puede hacer que cualquier habitaci\u00f3n pase de ser un cine a una sala de m\u00fasica.<\/p>\n<p>El volumen del sonido se ajusta con un control situado en el subwoofer para no molestar a los vecinos o compa\u00f1eros de piso. Adem\u00e1s, al escuchar m\u00fasica hip-hop o heavy metal, el sonido de bajos es f\u00e1cil de ajustar gracias a los controles integrados en el subwoofer. Adem\u00e1s, el sistema permite conectar auriculares a la salida de 3,5 mm situada al lado de los controles de volumen y de bajos: ya no es necesario buscar la salida de audio del PC.<\/p>\n","protected":false},"excerpt":{"rendered":"<p>Los cinco altavoces sat\u00e9lite de color negro brillante de 2,5\u2033 y el subwoofer de 4\u2033 en caja de madera proporcionan una experiencia de sonido desde profundos bajos hasta sonidos altos muy claros. El sistema de altavoces surround Genius SW-5.1 1020 se puede usar con casi cualquier dispositivo de entretenimiento como ordenadores de sobremesa, port\u00e1tiles o [&hellip;]<\/p>\n","protected":false},"featured_media":10458,"template":"","meta":[],"pwb-brand":[],"product_brand":[],"product_cat":[247,245,246,130],"product_tag":[],"class_list":{"0":"post-10456","1":"product","2":"type-product","3":"status-publish","4":"has-post-thumbnail","6":"product_cat-audio-hogar","7":"product_cat-audio-video","8":"product_cat-hogar","9":"product_cat-informatica","11":"first","12":"instock","13":"shipping-taxable","14":"purchasable","15":"product-type-simple"},"brands":[],"_links":{"self":[{"href":"https:\/\/gamestore.com.uy\/store\/wp-json\/wp\/v2\/product\/10456","targetHints":{"allow":["GET"]}}],"collection":[{"href":"https:\/\/gamestore.com.uy\/store\/wp-json\/wp\/v2\/product"}],"about":[{"href":"https:\/\/gamestore.com.uy\/store\/wp-json\/wp\/v2\/types\/product"}],"version-history":[{"count":1,"href":"https:\/\/gamestore.com.uy\/store\/wp-json\/wp\/v2\/product\/10456\/revisions"}],"predecessor-version":[{"id":10462,"href":"https:\/\/gamestore.com.uy\/store\/wp-json\/wp\/v2\/product\/10456\/revisions\/10462"}],"wp:featuredmedia":[{"embeddable":true,"href":"https:\/\/gamestore.com.uy\/store\/wp-json\/wp\/v2\/media\/10458"}],"wp:attachment":[{"href":"https:\/\/gamestore.com.uy\/store\/wp-json\/wp\/v2\/media?parent=10456"}],"wp:term":[{"taxonomy":"pwb-brand","embeddable":true,"href":"https:\/\/gamestore.com.uy\/store\/wp-json\/wp\/v2\/pwb-brand?post=10456"},{"taxonomy":"product_brand","embeddable":true,"href":"https:\/\/gamestore.com.uy\/store\/wp-json\/wp\/v2\/product_brand?post=10456"},{"taxonomy":"product_cat","embeddable":true,"href":"https:\/\/gamestore.com.uy\/store\/wp-json\/wp\/v2\/product_cat?post=10456"},{"taxonomy":"product_tag","embeddable":true,"href":"https:\/\/gamestore.com.uy\/store\/wp-json\/wp\/v2\/product_tag?post=10456"}],"curies":[{"name":"wp","href":"https:\/\/api.w.org\/{rel}","templated":true}]}}