{"id":10496,"date":"2021-08-31T15:24:26","date_gmt":"2021-08-31T18:24:26","guid":{"rendered":"https:\/\/gamestore.com.uy\/store\/?post_type=product&#038;p=10496"},"modified":"2022-02-01T17:54:54","modified_gmt":"2022-02-01T20:54:54","slug":"parlante-bluetooth-philips-everplay","status":"publish","type":"product","link":"https:\/\/gamestore.com.uy\/store\/producto\/parlante-bluetooth-philips-everplay\/","title":{"rendered":"Parlante Bluetooth Philips EverPlay"},"content":{"rendered":"<p>Mi m\u00fasica nunca se detiene. El parlante port\u00e1til inal\u00e1mbrico Everplay sigue reproduciendo m\u00fasica todo el tiempo y sin interrupci\u00f3n gracias a la potente conexi\u00f3n Bluetooth y las opciones de carga intuitivas. Es hermoso y muy duradero gracias a su estructura personalizada<\/p>\n","protected":false},"excerpt":{"rendered":"<p>Mi m\u00fasica nunca se detiene. El parlante port\u00e1til inal\u00e1mbrico Everplay sigue reproduciendo m\u00fasica todo el tiempo y sin interrupci\u00f3n gracias a la potente conexi\u00f3n Bluetooth y las opciones de carga intuitivas. Es hermoso y muy duradero gracias a su estructura personalizada<\/p>\n","protected":false},"featured_media":10497,"template":"","meta":[],"pwb-brand":[],"product_brand":[],"product_cat":[247,245,246,130],"product_tag":[],"class_list":{"0":"post-10496","1":"product","2":"type-product","3":"status-publish","4":"has-post-thumbnail","6":"product_cat-audio-hogar","7":"product_cat-audio-video","8":"product_cat-hogar","9":"product_cat-informatica","11":"first","12":"instock","13":"shipping-taxable","14":"purchasable","15":"product-type-simple"},"brands":[],"_links":{"self":[{"href":"https:\/\/gamestore.com.uy\/store\/wp-json\/wp\/v2\/product\/10496","targetHints":{"allow":["GET"]}}],"collection":[{"href":"https:\/\/gamestore.com.uy\/store\/wp-json\/wp\/v2\/product"}],"about":[{"href":"https:\/\/gamestore.com.uy\/store\/wp-json\/wp\/v2\/types\/product"}],"version-history":[{"count":1,"href":"https:\/\/gamestore.com.uy\/store\/wp-json\/wp\/v2\/product\/10496\/revisions"}],"predecessor-version":[{"id":10498,"href":"https:\/\/gamestore.com.uy\/store\/wp-json\/wp\/v2\/product\/10496\/revisions\/10498"}],"wp:featuredmedia":[{"embeddable":true,"href":"https:\/\/gamestore.com.uy\/store\/wp-json\/wp\/v2\/media\/10497"}],"wp:attachment":[{"href":"https:\/\/gamestore.com.uy\/store\/wp-json\/wp\/v2\/media?parent=10496"}],"wp:term":[{"taxonomy":"pwb-brand","embeddable":true,"href":"https:\/\/gamestore.com.uy\/store\/wp-json\/wp\/v2\/pwb-brand?post=10496"},{"taxonomy":"product_brand","embeddable":true,"href":"https:\/\/gamestore.com.uy\/store\/wp-json\/wp\/v2\/product_brand?post=10496"},{"taxonomy":"product_cat","embeddable":true,"href":"https:\/\/gamestore.com.uy\/store\/wp-json\/wp\/v2\/product_cat?post=10496"},{"taxonomy":"product_tag","embeddable":true,"href":"https:\/\/gamestore.com.uy\/store\/wp-json\/wp\/v2\/product_tag?post=10496"}],"curies":[{"name":"wp","href":"https:\/\/api.w.org\/{rel}","templated":true}]}}