{"id":10924,"date":"2021-09-08T11:50:25","date_gmt":"2021-09-08T14:50:25","guid":{"rendered":"https:\/\/gamestore.com.uy\/store\/?post_type=product&#038;p=10924"},"modified":"2022-02-01T17:54:13","modified_gmt":"2022-02-01T20:54:13","slug":"parlante-edifier-luna-eclipse-e25-bluetooth","status":"publish","type":"product","link":"https:\/\/gamestore.com.uy\/store\/producto\/parlante-edifier-luna-eclipse-e25-bluetooth\/","title":{"rendered":"Parlante Edifier Luna Eclipse E25 Bluetooth"},"content":{"rendered":"<h3>Descripci\u00f3n<\/h3>\n<div id=\"productDescription_fullView\">\n<div class=\"a-section a-spacing-large text-direction-override\" dir=\"auto\">\n<p><span>Luna Eclipse es un impresionante conjunto de altavoces Bluetooth 2.0 de 74 vatios.\u00a0Ideal para escritorios y entornos dom\u00e9sticos, Luna eclipse es imprescindible para los entusiastas del audio que buscan un audio excepcional y una experiencia visualmente impactante.\u00a0Con\u00e9ctese a un dispositivo habilitado para Bluetooth para audio inal\u00e1mbrico, o a su host de audio usando el cable auxiliar provisto.\u00a0Controles sensibles al tacto.\u00a0ubicado en el altavoz activo, controle el volumen, la potencia y el cambio de pista con un movimiento de deslizamiento cuando est\u00e9 en modo Bluetooth.\u00a0Cada altavoz contiene un tweeter de 3\/4 \u00ab\/ 19 mm y un altavoz de rango completo de 3\u00bb \/ 76,2 mm, lo que produce un RMS total de 74 vatios.\u00a0Adem\u00e1s, cada altavoz contiene dos radiadores de graves pasivos de 3 \u00ab\/ 76,2 mm, que maximizan el rendimiento de los graves y la experiencia auditiva. La incorporaci\u00f3n de DSP y DRC minimiza la distorsi\u00f3n incluso a los vol\u00famenes m\u00e1s altos, produciendo un audio claro y limpio.<\/span><\/p>\n<\/div>\n<\/div>\n","protected":false},"excerpt":{"rendered":"<p>Descripci\u00f3n Luna Eclipse es un impresionante conjunto de altavoces Bluetooth 2.0 de 74 vatios.\u00a0Ideal para escritorios y entornos dom\u00e9sticos, Luna eclipse es imprescindible para los entusiastas del audio que buscan un audio excepcional y una experiencia visualmente impactante.\u00a0Con\u00e9ctese a un dispositivo habilitado para Bluetooth para audio inal\u00e1mbrico, o a su host de audio usando el [&hellip;]<\/p>\n","protected":false},"featured_media":10925,"template":"","meta":[],"pwb-brand":[],"product_brand":[],"product_cat":[247,246,130],"product_tag":[],"class_list":{"0":"post-10924","1":"product","2":"type-product","3":"status-publish","4":"has-post-thumbnail","6":"product_cat-audio-hogar","7":"product_cat-hogar","8":"product_cat-informatica","10":"first","11":"instock","12":"shipping-taxable","13":"purchasable","14":"product-type-simple"},"brands":[],"_links":{"self":[{"href":"https:\/\/gamestore.com.uy\/store\/wp-json\/wp\/v2\/product\/10924","targetHints":{"allow":["GET"]}}],"collection":[{"href":"https:\/\/gamestore.com.uy\/store\/wp-json\/wp\/v2\/product"}],"about":[{"href":"https:\/\/gamestore.com.uy\/store\/wp-json\/wp\/v2\/types\/product"}],"version-history":[{"count":1,"href":"https:\/\/gamestore.com.uy\/store\/wp-json\/wp\/v2\/product\/10924\/revisions"}],"predecessor-version":[{"id":10930,"href":"https:\/\/gamestore.com.uy\/store\/wp-json\/wp\/v2\/product\/10924\/revisions\/10930"}],"wp:featuredmedia":[{"embeddable":true,"href":"https:\/\/gamestore.com.uy\/store\/wp-json\/wp\/v2\/media\/10925"}],"wp:attachment":[{"href":"https:\/\/gamestore.com.uy\/store\/wp-json\/wp\/v2\/media?parent=10924"}],"wp:term":[{"taxonomy":"pwb-brand","embeddable":true,"href":"https:\/\/gamestore.com.uy\/store\/wp-json\/wp\/v2\/pwb-brand?post=10924"},{"taxonomy":"product_brand","embeddable":true,"href":"https:\/\/gamestore.com.uy\/store\/wp-json\/wp\/v2\/product_brand?post=10924"},{"taxonomy":"product_cat","embeddable":true,"href":"https:\/\/gamestore.com.uy\/store\/wp-json\/wp\/v2\/product_cat?post=10924"},{"taxonomy":"product_tag","embeddable":true,"href":"https:\/\/gamestore.com.uy\/store\/wp-json\/wp\/v2\/product_tag?post=10924"}],"curies":[{"name":"wp","href":"https:\/\/api.w.org\/{rel}","templated":true}]}}