{"id":10935,"date":"2021-09-08T12:05:35","date_gmt":"2021-09-08T15:05:35","guid":{"rendered":"https:\/\/gamestore.com.uy\/store\/?post_type=product&#038;p=10935"},"modified":"2022-02-01T17:54:12","modified_gmt":"2022-02-01T20:54:12","slug":"microfono-studio-dm-18u-dinamico-vocal-unidireccional","status":"publish","type":"product","link":"https:\/\/gamestore.com.uy\/store\/producto\/microfono-studio-dm-18u-dinamico-vocal-unidireccional\/","title":{"rendered":"Micr\u00f3fono Studio DM-18U Din\u00e1mico Vocal Unidireccional"},"content":{"rendered":"<p><b>Caracter\u00edsticas principales<\/b><br \/>\n\u2022 Tipo: Dinamico<br \/>\n\u2022 Patr\u00f3n polar: Unidireccional (Cardioide)<br \/>\n\u2022 Impedancia: 600 ohms +- 30% (a 1 KHz)<br \/>\nRespuesta de frecuencia: 60 hasta 15KHz<br \/>\n\u2022 Sensibilidad: -74 dB +- 3 dB (a 1 KHz)<br \/>\n\u2022 Long. del cable: 7 m<\/p>\n","protected":false},"excerpt":{"rendered":"<p>Caracter\u00edsticas principales \u2022 Tipo: Dinamico \u2022 Patr\u00f3n polar: Unidireccional (Cardioide) \u2022 Impedancia: 600 ohms +- 30% (a 1 KHz) Respuesta de frecuencia: 60 hasta 15KHz \u2022 Sensibilidad: -74 dB +- 3 dB (a 1 KHz) \u2022 Long. del cable: 7 m<\/p>\n","protected":false},"featured_media":10936,"template":"","meta":[],"pwb-brand":[],"product_brand":[],"product_cat":[247,245,246,130],"product_tag":[],"class_list":{"0":"post-10935","1":"product","2":"type-product","3":"status-publish","4":"has-post-thumbnail","6":"product_cat-audio-hogar","7":"product_cat-audio-video","8":"product_cat-hogar","9":"product_cat-informatica","11":"first","12":"instock","13":"shipping-taxable","14":"purchasable","15":"product-type-simple"},"brands":[],"_links":{"self":[{"href":"https:\/\/gamestore.com.uy\/store\/wp-json\/wp\/v2\/product\/10935","targetHints":{"allow":["GET"]}}],"collection":[{"href":"https:\/\/gamestore.com.uy\/store\/wp-json\/wp\/v2\/product"}],"about":[{"href":"https:\/\/gamestore.com.uy\/store\/wp-json\/wp\/v2\/types\/product"}],"version-history":[{"count":1,"href":"https:\/\/gamestore.com.uy\/store\/wp-json\/wp\/v2\/product\/10935\/revisions"}],"predecessor-version":[{"id":10938,"href":"https:\/\/gamestore.com.uy\/store\/wp-json\/wp\/v2\/product\/10935\/revisions\/10938"}],"wp:featuredmedia":[{"embeddable":true,"href":"https:\/\/gamestore.com.uy\/store\/wp-json\/wp\/v2\/media\/10936"}],"wp:attachment":[{"href":"https:\/\/gamestore.com.uy\/store\/wp-json\/wp\/v2\/media?parent=10935"}],"wp:term":[{"taxonomy":"pwb-brand","embeddable":true,"href":"https:\/\/gamestore.com.uy\/store\/wp-json\/wp\/v2\/pwb-brand?post=10935"},{"taxonomy":"product_brand","embeddable":true,"href":"https:\/\/gamestore.com.uy\/store\/wp-json\/wp\/v2\/product_brand?post=10935"},{"taxonomy":"product_cat","embeddable":true,"href":"https:\/\/gamestore.com.uy\/store\/wp-json\/wp\/v2\/product_cat?post=10935"},{"taxonomy":"product_tag","embeddable":true,"href":"https:\/\/gamestore.com.uy\/store\/wp-json\/wp\/v2\/product_tag?post=10935"}],"curies":[{"name":"wp","href":"https:\/\/api.w.org\/{rel}","templated":true}]}}