{"id":11331,"date":"2021-10-23T12:31:54","date_gmt":"2021-10-23T15:31:54","guid":{"rendered":"https:\/\/gamestore.com.uy\/store\/?post_type=product&#038;p=11331"},"modified":"2024-03-12T13:28:02","modified_gmt":"2024-03-12T16:28:02","slug":"lamina-de-hidrogel-celulares-smartwatch-tablet","status":"publish","type":"product","link":"https:\/\/gamestore.com.uy\/store\/producto\/lamina-de-hidrogel-celulares-smartwatch-tablet\/","title":{"rendered":"L\u00e1mina de Hidrogel Celulares Smartwatch Tablet"},"content":{"rendered":"<p>Colocaci\u00f3n de L\u00e1minas de Hidrogel para cualquier pantalla hasta 7&#8243;<\/p>\n","protected":false},"excerpt":{"rendered":"<p>Colocaci\u00f3n de L\u00e1minas de Hidrogel para cualquier pantalla hasta 7&#8243;<\/p>\n","protected":false},"featured_media":11332,"template":"","meta":[],"pwb-brand":[],"product_brand":[],"product_cat":[246],"product_tag":[],"class_list":{"0":"post-11331","1":"product","2":"type-product","3":"status-publish","4":"has-post-thumbnail","6":"product_cat-hogar","8":"first","9":"instock","10":"shipping-taxable","11":"purchasable","12":"product-type-simple"},"brands":[],"_links":{"self":[{"href":"https:\/\/gamestore.com.uy\/store\/wp-json\/wp\/v2\/product\/11331","targetHints":{"allow":["GET"]}}],"collection":[{"href":"https:\/\/gamestore.com.uy\/store\/wp-json\/wp\/v2\/product"}],"about":[{"href":"https:\/\/gamestore.com.uy\/store\/wp-json\/wp\/v2\/types\/product"}],"version-history":[{"count":1,"href":"https:\/\/gamestore.com.uy\/store\/wp-json\/wp\/v2\/product\/11331\/revisions"}],"predecessor-version":[{"id":11333,"href":"https:\/\/gamestore.com.uy\/store\/wp-json\/wp\/v2\/product\/11331\/revisions\/11333"}],"wp:featuredmedia":[{"embeddable":true,"href":"https:\/\/gamestore.com.uy\/store\/wp-json\/wp\/v2\/media\/11332"}],"wp:attachment":[{"href":"https:\/\/gamestore.com.uy\/store\/wp-json\/wp\/v2\/media?parent=11331"}],"wp:term":[{"taxonomy":"pwb-brand","embeddable":true,"href":"https:\/\/gamestore.com.uy\/store\/wp-json\/wp\/v2\/pwb-brand?post=11331"},{"taxonomy":"product_brand","embeddable":true,"href":"https:\/\/gamestore.com.uy\/store\/wp-json\/wp\/v2\/product_brand?post=11331"},{"taxonomy":"product_cat","embeddable":true,"href":"https:\/\/gamestore.com.uy\/store\/wp-json\/wp\/v2\/product_cat?post=11331"},{"taxonomy":"product_tag","embeddable":true,"href":"https:\/\/gamestore.com.uy\/store\/wp-json\/wp\/v2\/product_tag?post=11331"}],"curies":[{"name":"wp","href":"https:\/\/api.w.org\/{rel}","templated":true}]}}