{"id":11947,"date":"2021-11-24T13:46:52","date_gmt":"2021-11-24T16:46:52","guid":{"rendered":"https:\/\/gamestore.com.uy\/store\/?post_type=product&#038;p=11947"},"modified":"2026-02-28T18:36:48","modified_gmt":"2026-02-28T21:36:48","slug":"dinosaurio-t-rex-robot-sonido-luces-lanzador-armadura-32cms-original-zuru","status":"publish","type":"product","link":"https:\/\/gamestore.com.uy\/store\/producto\/dinosaurio-t-rex-robot-sonido-luces-lanzador-armadura-32cms-original-zuru\/","title":{"rendered":"Dinosaurio T-rex Robot Sonido Luces Lanzador Armadura 32cms Original Zuru"},"content":{"rendered":"<p>DESCRIPCI\u00d3N DEL PRODUCTO<\/p>\n<p>\u00a1Prep\u00e1rate para una batalla \u00e9pica de dinosaurios! \u00a1El nuevo Robo Alive Dino Wars T-Rex de ZURU est\u00e1 construido con tecnolog\u00eda rob\u00f3tica avanzada y viene completo con armas de fuego reales!<\/p>\n<p>Con rugidos realistas y movimientos de dinosaurios realistas, esta no es una mascota com\u00fan.<\/p>\n<p>Ponte la armadura defensiva, carga el Dino Blaster y lucha. \u00a1Con funciones de iluminaci\u00f3n, este T-Rex puede incluso correr y cazar en la oscuridad!<\/p>\n<p>Con ojos de aspecto realista, brillo en la cicatriz, un rugido jur\u00e1sico y una boca iluminada, este dinosaurio realmente cobra vida.<\/p>\n<p>Ademas su arma dispara de verdad hasta una distancia de 2 metros.<\/p>\n<p>Dimensiones 32x22cms<\/p>\n<p>Linea: Robo Alive<br \/>\nEdad: 3 a\u00f1os en adelante<br \/>\nCantidad de jugadores: 1 o mas<br \/>\nContenido: 1 Dinosaurio T-Rex<br \/>\nRequiere 2 Pilas AAA<\/p>\n","protected":false},"excerpt":{"rendered":"<p>DESCRIPCI\u00d3N DEL PRODUCTO \u00a1Prep\u00e1rate para una batalla \u00e9pica de dinosaurios! \u00a1El nuevo Robo Alive Dino Wars T-Rex de ZURU est\u00e1 construido con tecnolog\u00eda rob\u00f3tica avanzada y viene completo con armas de fuego reales! Con rugidos realistas y movimientos de dinosaurios realistas, esta no es una mascota com\u00fan. Ponte la armadura defensiva, carga el Dino Blaster [&hellip;]<\/p>\n","protected":false},"featured_media":11948,"template":"","meta":[],"pwb-brand":[675,2075],"product_brand":[],"product_cat":[131,135,266],"product_tag":[],"class_list":{"0":"post-11947","1":"product","2":"type-product","3":"status-publish","4":"has-post-thumbnail","6":"pwb-brand-roboalive","7":"pwb-brand-zuru","8":"product_cat-juguetes","9":"product_cat-muniecos","10":"product_cat-robots","12":"first","13":"instock","14":"sale","15":"shipping-taxable","16":"purchasable","17":"product-type-simple"},"brands":[{"id":675,"name":"RoboAlive","slug":"roboalive"},{"id":2075,"name":"ZURU","slug":"zuru"}],"_links":{"self":[{"href":"https:\/\/gamestore.com.uy\/store\/wp-json\/wp\/v2\/product\/11947","targetHints":{"allow":["GET"]}}],"collection":[{"href":"https:\/\/gamestore.com.uy\/store\/wp-json\/wp\/v2\/product"}],"about":[{"href":"https:\/\/gamestore.com.uy\/store\/wp-json\/wp\/v2\/types\/product"}],"version-history":[{"count":1,"href":"https:\/\/gamestore.com.uy\/store\/wp-json\/wp\/v2\/product\/11947\/revisions"}],"predecessor-version":[{"id":11951,"href":"https:\/\/gamestore.com.uy\/store\/wp-json\/wp\/v2\/product\/11947\/revisions\/11951"}],"wp:featuredmedia":[{"embeddable":true,"href":"https:\/\/gamestore.com.uy\/store\/wp-json\/wp\/v2\/media\/11948"}],"wp:attachment":[{"href":"https:\/\/gamestore.com.uy\/store\/wp-json\/wp\/v2\/media?parent=11947"}],"wp:term":[{"taxonomy":"pwb-brand","embeddable":true,"href":"https:\/\/gamestore.com.uy\/store\/wp-json\/wp\/v2\/pwb-brand?post=11947"},{"taxonomy":"product_brand","embeddable":true,"href":"https:\/\/gamestore.com.uy\/store\/wp-json\/wp\/v2\/product_brand?post=11947"},{"taxonomy":"product_cat","embeddable":true,"href":"https:\/\/gamestore.com.uy\/store\/wp-json\/wp\/v2\/product_cat?post=11947"},{"taxonomy":"product_tag","embeddable":true,"href":"https:\/\/gamestore.com.uy\/store\/wp-json\/wp\/v2\/product_tag?post=11947"}],"curies":[{"name":"wp","href":"https:\/\/api.w.org\/{rel}","templated":true}]}}