{"id":11952,"date":"2021-11-24T13:51:30","date_gmt":"2021-11-24T16:51:30","guid":{"rendered":"https:\/\/gamestore.com.uy\/store\/?post_type=product&#038;p=11952"},"modified":"2026-02-28T18:36:48","modified_gmt":"2026-02-28T21:36:48","slug":"dinosaurio-stegosaurus-luces-sonidos-armadura-lanzador-33cms-original-zuru","status":"publish","type":"product","link":"https:\/\/gamestore.com.uy\/store\/producto\/dinosaurio-stegosaurus-luces-sonidos-armadura-lanzador-33cms-original-zuru\/","title":{"rendered":"Dinosaurio Stegosaurus Luces Sonidos Armadura Lanzador 33cms Original Zuru"},"content":{"rendered":"<p>Descripci\u00f3n del producto<br \/>\nPrep\u00e1rate para una \u00e9pica batalla de Dino! \u00a1El nuevo Robo Alive Dino Wars Stegosaurus de ZURU est\u00e1 construido con tecnolog\u00eda rob\u00f3tica avanzada y viene completo con armas de fuego reales! Con rugidos realistas y un movimiento realista de dinosaurios, esta no es una mascota com\u00fan.<\/p>\n<p>Ponte la armadura defensiva, carga el Dino Blaster y lucha. \u00a1Con caracter\u00edsticas de iluminaci\u00f3n, este Stegosaurus puede incluso correr y cazar en la oscuridad! Est\u00e1 m\u00e1s que vivo, \u00a1Es Robo Alive!<\/p>\n<p>Este estegosaurio camina y suena como un dinosaurio real<br \/>\nCon ojos de aspecto realista y grandes placas traseras iluminadas, este Stegosaurus realmente cobra vida.<br \/>\n\u00a1Totalmente equipado con tres placas de armadura defensiva y un dino blaster que puede disparar 7 pies!<br \/>\nCombinando tecnolog\u00eda de alta calidad con un dise\u00f1o realista, este Raptor realmente cobra vida<br \/>\nRobo Alive cuenta con mascotas rob\u00f3ticas en funcionamiento, que se mueven y act\u00faan como si estuvieran reales.<\/p>\n<p>Dimensiones 33 x 18cms<\/p>\n<p>Contenido:<br \/>\n1 Stegosaurus<br \/>\n3 Armadura Defensiva<br \/>\n1 Dino Blaster<br \/>\n1 Folleto de Instrucciones<\/p>\n","protected":false},"excerpt":{"rendered":"<p>Descripci\u00f3n del producto Prep\u00e1rate para una \u00e9pica batalla de Dino! \u00a1El nuevo Robo Alive Dino Wars Stegosaurus de ZURU est\u00e1 construido con tecnolog\u00eda rob\u00f3tica avanzada y viene completo con armas de fuego reales! Con rugidos realistas y un movimiento realista de dinosaurios, esta no es una mascota com\u00fan. Ponte la armadura defensiva, carga el Dino [&hellip;]<\/p>\n","protected":false},"featured_media":11953,"template":"","meta":[],"pwb-brand":[675,2075],"product_brand":[],"product_cat":[131,135,266],"product_tag":[],"class_list":{"0":"post-11952","1":"product","2":"type-product","3":"status-publish","4":"has-post-thumbnail","6":"pwb-brand-roboalive","7":"pwb-brand-zuru","8":"product_cat-juguetes","9":"product_cat-muniecos","10":"product_cat-robots","12":"first","13":"instock","14":"sale","15":"shipping-taxable","16":"purchasable","17":"product-type-simple"},"brands":[{"id":675,"name":"RoboAlive","slug":"roboalive"},{"id":2075,"name":"ZURU","slug":"zuru"}],"_links":{"self":[{"href":"https:\/\/gamestore.com.uy\/store\/wp-json\/wp\/v2\/product\/11952","targetHints":{"allow":["GET"]}}],"collection":[{"href":"https:\/\/gamestore.com.uy\/store\/wp-json\/wp\/v2\/product"}],"about":[{"href":"https:\/\/gamestore.com.uy\/store\/wp-json\/wp\/v2\/types\/product"}],"version-history":[{"count":1,"href":"https:\/\/gamestore.com.uy\/store\/wp-json\/wp\/v2\/product\/11952\/revisions"}],"predecessor-version":[{"id":11957,"href":"https:\/\/gamestore.com.uy\/store\/wp-json\/wp\/v2\/product\/11952\/revisions\/11957"}],"wp:featuredmedia":[{"embeddable":true,"href":"https:\/\/gamestore.com.uy\/store\/wp-json\/wp\/v2\/media\/11953"}],"wp:attachment":[{"href":"https:\/\/gamestore.com.uy\/store\/wp-json\/wp\/v2\/media?parent=11952"}],"wp:term":[{"taxonomy":"pwb-brand","embeddable":true,"href":"https:\/\/gamestore.com.uy\/store\/wp-json\/wp\/v2\/pwb-brand?post=11952"},{"taxonomy":"product_brand","embeddable":true,"href":"https:\/\/gamestore.com.uy\/store\/wp-json\/wp\/v2\/product_brand?post=11952"},{"taxonomy":"product_cat","embeddable":true,"href":"https:\/\/gamestore.com.uy\/store\/wp-json\/wp\/v2\/product_cat?post=11952"},{"taxonomy":"product_tag","embeddable":true,"href":"https:\/\/gamestore.com.uy\/store\/wp-json\/wp\/v2\/product_tag?post=11952"}],"curies":[{"name":"wp","href":"https:\/\/api.w.org\/{rel}","templated":true}]}}