{"id":11958,"date":"2021-11-24T13:57:40","date_gmt":"2021-11-24T16:57:40","guid":{"rendered":"https:\/\/gamestore.com.uy\/store\/?post_type=product&#038;p=11958"},"modified":"2026-02-28T18:36:48","modified_gmt":"2026-02-28T21:36:48","slug":"dragon-gigante-robot-luces-sonidos-armadura-43cms-original-zuru","status":"publish","type":"product","link":"https:\/\/gamestore.com.uy\/store\/producto\/dragon-gigante-robot-luces-sonidos-armadura-43cms-original-zuru\/","title":{"rendered":"Dragon Gigante Robot Luces Sonidos Armadura 43cms Original Zuru"},"content":{"rendered":"<p>DESCRIPCI\u00d3N DEL PRODUCTO<\/p>\n<p>\u00a1Esc\u00fachalo rugir y ten cuidado con su mortal mordedura! Estos dragones tienen un dise\u00f1o realista, rob\u00f3tica avanzada que permiten movimientos realistas y efectos de sonido impresionantes.<\/p>\n<p>Incre\u00edbles efectos LED de respiraci\u00f3n de fuego y chorro de hielo que dan vida a estos dragones. (El efecto Hielo o Fuego depende del modelo seleccionado)<\/p>\n<p>Camina hacia adelante, mueve la cabeza, ruge y muerde de una manera que podr\u00edas creer que lo har\u00eda un drag\u00f3n.<\/p>\n<p>Linea: Robo Alive<br \/>\nEdad: 3 a\u00f1os en adelante<br \/>\nCantidad de jugadores: 1 o mas<br \/>\nContenido: 1 Dragon<br \/>\nRequiere 3 Pilas AAA<\/p>\n","protected":false},"excerpt":{"rendered":"<p>DESCRIPCI\u00d3N DEL PRODUCTO \u00a1Esc\u00fachalo rugir y ten cuidado con su mortal mordedura! Estos dragones tienen un dise\u00f1o realista, rob\u00f3tica avanzada que permiten movimientos realistas y efectos de sonido impresionantes. Incre\u00edbles efectos LED de respiraci\u00f3n de fuego y chorro de hielo que dan vida a estos dragones. (El efecto Hielo o Fuego depende del modelo seleccionado) [&hellip;]<\/p>\n","protected":false},"featured_media":11959,"template":"","meta":[],"pwb-brand":[675,2075],"product_brand":[],"product_cat":[131,135,266],"product_tag":[],"class_list":{"0":"post-11958","1":"product","2":"type-product","3":"status-publish","4":"has-post-thumbnail","6":"pwb-brand-roboalive","7":"pwb-brand-zuru","8":"product_cat-juguetes","9":"product_cat-muniecos","10":"product_cat-robots","12":"first","13":"instock","14":"shipping-taxable","15":"purchasable","16":"product-type-simple"},"brands":[{"id":675,"name":"RoboAlive","slug":"roboalive"},{"id":2075,"name":"ZURU","slug":"zuru"}],"_links":{"self":[{"href":"https:\/\/gamestore.com.uy\/store\/wp-json\/wp\/v2\/product\/11958","targetHints":{"allow":["GET"]}}],"collection":[{"href":"https:\/\/gamestore.com.uy\/store\/wp-json\/wp\/v2\/product"}],"about":[{"href":"https:\/\/gamestore.com.uy\/store\/wp-json\/wp\/v2\/types\/product"}],"version-history":[{"count":1,"href":"https:\/\/gamestore.com.uy\/store\/wp-json\/wp\/v2\/product\/11958\/revisions"}],"predecessor-version":[{"id":11961,"href":"https:\/\/gamestore.com.uy\/store\/wp-json\/wp\/v2\/product\/11958\/revisions\/11961"}],"wp:featuredmedia":[{"embeddable":true,"href":"https:\/\/gamestore.com.uy\/store\/wp-json\/wp\/v2\/media\/11959"}],"wp:attachment":[{"href":"https:\/\/gamestore.com.uy\/store\/wp-json\/wp\/v2\/media?parent=11958"}],"wp:term":[{"taxonomy":"pwb-brand","embeddable":true,"href":"https:\/\/gamestore.com.uy\/store\/wp-json\/wp\/v2\/pwb-brand?post=11958"},{"taxonomy":"product_brand","embeddable":true,"href":"https:\/\/gamestore.com.uy\/store\/wp-json\/wp\/v2\/product_brand?post=11958"},{"taxonomy":"product_cat","embeddable":true,"href":"https:\/\/gamestore.com.uy\/store\/wp-json\/wp\/v2\/product_cat?post=11958"},{"taxonomy":"product_tag","embeddable":true,"href":"https:\/\/gamestore.com.uy\/store\/wp-json\/wp\/v2\/product_tag?post=11958"}],"curies":[{"name":"wp","href":"https:\/\/api.w.org\/{rel}","templated":true}]}}