{"id":11962,"date":"2021-11-24T14:19:32","date_gmt":"2021-11-24T17:19:32","guid":{"rendered":"https:\/\/gamestore.com.uy\/store\/?post_type=product&#038;p=11962"},"modified":"2026-02-28T18:36:47","modified_gmt":"2026-02-28T21:36:47","slug":"dinosaurio-raptor-velociraptor-robot-luces-armadura-26cm-original-zuru","status":"publish","type":"product","link":"https:\/\/gamestore.com.uy\/store\/producto\/dinosaurio-raptor-velociraptor-robot-luces-armadura-26cm-original-zuru\/","title":{"rendered":"Dinosaurio Raptor Velociraptor Robot Luces Armadura 26cm Original Zuru"},"content":{"rendered":"<p>Descripcion del Producto<\/p>\n<p>\u00a1Prep\u00e1rate para una \u00e9pica batalla de Dino! El nuevo Robo Alive Dino Wars Raptor de ZURU est\u00e1 construido con tecnolog\u00eda rob\u00f3tica avanzada. Con rugidos realistas y un movimiento realista de dinosaurios, esta no es una mascota com\u00fan. \u00a1El r\u00e1pido movimiento de agarre hace de este un dinosaurio imprescindible para tu pr\u00f3xima batalla de dinosaurios!. \u00a1Con caracter\u00edsticas de iluminaci\u00f3n, este Raptor puede incluso correr y cazar en la oscuridad! Est\u00e1 m\u00e1s que vivo, \u00a1Es Robo Alive!<\/p>\n","protected":false},"excerpt":{"rendered":"<p>Descripcion del Producto \u00a1Prep\u00e1rate para una \u00e9pica batalla de Dino! El nuevo Robo Alive Dino Wars Raptor de ZURU est\u00e1 construido con tecnolog\u00eda rob\u00f3tica avanzada. Con rugidos realistas y un movimiento realista de dinosaurios, esta no es una mascota com\u00fan. \u00a1El r\u00e1pido movimiento de agarre hace de este un dinosaurio imprescindible para tu pr\u00f3xima batalla [&hellip;]<\/p>\n","protected":false},"featured_media":11963,"template":"","meta":[],"pwb-brand":[675,2075],"product_brand":[],"product_cat":[131,135,266],"product_tag":[],"class_list":{"0":"post-11962","1":"product","2":"type-product","3":"status-publish","4":"has-post-thumbnail","6":"pwb-brand-roboalive","7":"pwb-brand-zuru","8":"product_cat-juguetes","9":"product_cat-muniecos","10":"product_cat-robots","12":"first","13":"instock","14":"shipping-taxable","15":"purchasable","16":"product-type-simple"},"brands":[{"id":675,"name":"RoboAlive","slug":"roboalive"},{"id":2075,"name":"ZURU","slug":"zuru"}],"_links":{"self":[{"href":"https:\/\/gamestore.com.uy\/store\/wp-json\/wp\/v2\/product\/11962","targetHints":{"allow":["GET"]}}],"collection":[{"href":"https:\/\/gamestore.com.uy\/store\/wp-json\/wp\/v2\/product"}],"about":[{"href":"https:\/\/gamestore.com.uy\/store\/wp-json\/wp\/v2\/types\/product"}],"version-history":[{"count":1,"href":"https:\/\/gamestore.com.uy\/store\/wp-json\/wp\/v2\/product\/11962\/revisions"}],"predecessor-version":[{"id":11966,"href":"https:\/\/gamestore.com.uy\/store\/wp-json\/wp\/v2\/product\/11962\/revisions\/11966"}],"wp:featuredmedia":[{"embeddable":true,"href":"https:\/\/gamestore.com.uy\/store\/wp-json\/wp\/v2\/media\/11963"}],"wp:attachment":[{"href":"https:\/\/gamestore.com.uy\/store\/wp-json\/wp\/v2\/media?parent=11962"}],"wp:term":[{"taxonomy":"pwb-brand","embeddable":true,"href":"https:\/\/gamestore.com.uy\/store\/wp-json\/wp\/v2\/pwb-brand?post=11962"},{"taxonomy":"product_brand","embeddable":true,"href":"https:\/\/gamestore.com.uy\/store\/wp-json\/wp\/v2\/product_brand?post=11962"},{"taxonomy":"product_cat","embeddable":true,"href":"https:\/\/gamestore.com.uy\/store\/wp-json\/wp\/v2\/product_cat?post=11962"},{"taxonomy":"product_tag","embeddable":true,"href":"https:\/\/gamestore.com.uy\/store\/wp-json\/wp\/v2\/product_tag?post=11962"}],"curies":[{"name":"wp","href":"https:\/\/api.w.org\/{rel}","templated":true}]}}