{"id":11988,"date":"2021-11-24T15:35:41","date_gmt":"2021-11-24T18:35:41","guid":{"rendered":"https:\/\/gamestore.com.uy\/store\/?post_type=product&#038;p=11988"},"modified":"2026-02-28T18:36:46","modified_gmt":"2026-02-28T21:36:46","slug":"pista-de-autos-lanzador-ataque-del-tiburon-original-zuru","status":"publish","type":"product","link":"https:\/\/gamestore.com.uy\/store\/producto\/pista-de-autos-lanzador-ataque-del-tiburon-original-zuru\/","title":{"rendered":"Pista De Autos Lanzador Ataque Del Tibur\u00f3n 2.63M Original Zuru"},"content":{"rendered":"<p>Lanza tu coche Metal Machine furiosamente con el poderoso lanzador y derriba al Tibur\u00f3n que ha estado aterrorizando a la regi\u00f3n! \u00bfPuedes construir suficiente potencia para acelerar m\u00e1s all\u00e1 de los bucles dobles de 360 y directamente sobre la rampa de acrobacias hacia la boca de los Sharks, derrib\u00e1ndola de sus pies? Aseg\u00farese de tomar el control o se convertir\u00e1 en alimento para tiburones. Disfruta del exclusivo coche &#8216;wild thing&#8217; y a\u00f1\u00e1dalo a tu colecci\u00f3n Metal Machines.<\/p>\n<p>ARMADA MIDE 2.63M<\/p>\n","protected":false},"excerpt":{"rendered":"<p>Lanza tu coche Metal Machine furiosamente con el poderoso lanzador y derriba al Tibur\u00f3n que ha estado aterrorizando a la regi\u00f3n! \u00bfPuedes construir suficiente potencia para acelerar m\u00e1s all\u00e1 de los bucles dobles de 360 y directamente sobre la rampa de acrobacias hacia la boca de los Sharks, derrib\u00e1ndola de sus pies? Aseg\u00farese de tomar [&hellip;]<\/p>\n","protected":false},"featured_media":11990,"template":"","meta":[],"pwb-brand":[677,2075],"product_brand":[],"product_cat":[131],"product_tag":[],"class_list":{"0":"post-11988","1":"product","2":"type-product","3":"status-publish","4":"has-post-thumbnail","6":"pwb-brand-metalmachines","7":"pwb-brand-zuru","8":"product_cat-juguetes","10":"first","11":"instock","12":"sale","13":"shipping-taxable","14":"purchasable","15":"product-type-simple"},"brands":[{"id":677,"name":"Metal Machines","slug":"metalmachines"},{"id":2075,"name":"ZURU","slug":"zuru"}],"_links":{"self":[{"href":"https:\/\/gamestore.com.uy\/store\/wp-json\/wp\/v2\/product\/11988","targetHints":{"allow":["GET"]}}],"collection":[{"href":"https:\/\/gamestore.com.uy\/store\/wp-json\/wp\/v2\/product"}],"about":[{"href":"https:\/\/gamestore.com.uy\/store\/wp-json\/wp\/v2\/types\/product"}],"version-history":[{"count":3,"href":"https:\/\/gamestore.com.uy\/store\/wp-json\/wp\/v2\/product\/11988\/revisions"}],"predecessor-version":[{"id":12014,"href":"https:\/\/gamestore.com.uy\/store\/wp-json\/wp\/v2\/product\/11988\/revisions\/12014"}],"wp:featuredmedia":[{"embeddable":true,"href":"https:\/\/gamestore.com.uy\/store\/wp-json\/wp\/v2\/media\/11990"}],"wp:attachment":[{"href":"https:\/\/gamestore.com.uy\/store\/wp-json\/wp\/v2\/media?parent=11988"}],"wp:term":[{"taxonomy":"pwb-brand","embeddable":true,"href":"https:\/\/gamestore.com.uy\/store\/wp-json\/wp\/v2\/pwb-brand?post=11988"},{"taxonomy":"product_brand","embeddable":true,"href":"https:\/\/gamestore.com.uy\/store\/wp-json\/wp\/v2\/product_brand?post=11988"},{"taxonomy":"product_cat","embeddable":true,"href":"https:\/\/gamestore.com.uy\/store\/wp-json\/wp\/v2\/product_cat?post=11988"},{"taxonomy":"product_tag","embeddable":true,"href":"https:\/\/gamestore.com.uy\/store\/wp-json\/wp\/v2\/product_tag?post=11988"}],"curies":[{"name":"wp","href":"https:\/\/api.w.org\/{rel}","templated":true}]}}