{"id":12889,"date":"2022-04-05T22:30:16","date_gmt":"2022-04-06T01:30:16","guid":{"rendered":"https:\/\/gamestore.com.uy\/store\/?post_type=product&#038;p=12889"},"modified":"2024-10-11T09:58:23","modified_gmt":"2024-10-11T12:58:23","slug":"harry-potter-puzzle-rompecabezas-3d-holografico-500-piezas","status":"publish","type":"product","link":"https:\/\/gamestore.com.uy\/store\/producto\/harry-potter-puzzle-rompecabezas-3d-holografico-500-piezas\/","title":{"rendered":"Harry Potter Puzzle Rompecabezas 3d 500 Piezas"},"content":{"rendered":"<p>Puzzle 3D Hogwarts Harry Potter 500 piezas<\/p>\n<p>Con la escuela de magia y brujer\u00eda m\u00e1s incre\u00edble que pueda existir. Im\u00e1genes meramente ilustrativas Caracter\u00edsticas principales:<br \/>\n&#8211; Edad indicada: +6 a\u00f1os<br \/>\n&#8211; Incre\u00edble puzzle 3D de Harry Potter prime con 500 piezas para que armes y te diviertas en esta aventura.<br \/>\n&#8211; La l\u00ednea de rompecabezas 3D de Harry Potter te ofrece productos encantadores y de alta calidad.<br \/>\n&#8211; Adem\u00e1s de la diversi\u00f3n garantizada y el desaf\u00edo de utilizar las piezas tridimensionales para el montaje, el resultado es una pieza de decoraci\u00f3n incre\u00edble, \u00a1perfecta para cualquier aficionado! Contenido del Paquete:- 1x 3D Hogwarts Harry Potter Puzzle 500 piezas<\/p>\n","protected":false},"excerpt":{"rendered":"<p>Harry Potter Puzzle Rompecabezas 3D Holografico 500 Piezas<br \/>\nDimensiones armado 61 x 46cms<\/p>\n","protected":false},"featured_media":12892,"template":"","meta":[],"pwb-brand":[],"product_brand":[],"product_cat":[133],"product_tag":[],"class_list":{"0":"post-12889","1":"product","2":"type-product","3":"status-publish","4":"has-post-thumbnail","6":"product_cat-juegos-mesa","8":"first","9":"instock","10":"sale","11":"shipping-taxable","12":"purchasable","13":"product-type-simple"},"brands":[],"_links":{"self":[{"href":"https:\/\/gamestore.com.uy\/store\/wp-json\/wp\/v2\/product\/12889","targetHints":{"allow":["GET"]}}],"collection":[{"href":"https:\/\/gamestore.com.uy\/store\/wp-json\/wp\/v2\/product"}],"about":[{"href":"https:\/\/gamestore.com.uy\/store\/wp-json\/wp\/v2\/types\/product"}],"version-history":[{"count":3,"href":"https:\/\/gamestore.com.uy\/store\/wp-json\/wp\/v2\/product\/12889\/revisions"}],"predecessor-version":[{"id":26010,"href":"https:\/\/gamestore.com.uy\/store\/wp-json\/wp\/v2\/product\/12889\/revisions\/26010"}],"wp:featuredmedia":[{"embeddable":true,"href":"https:\/\/gamestore.com.uy\/store\/wp-json\/wp\/v2\/media\/12892"}],"wp:attachment":[{"href":"https:\/\/gamestore.com.uy\/store\/wp-json\/wp\/v2\/media?parent=12889"}],"wp:term":[{"taxonomy":"pwb-brand","embeddable":true,"href":"https:\/\/gamestore.com.uy\/store\/wp-json\/wp\/v2\/pwb-brand?post=12889"},{"taxonomy":"product_brand","embeddable":true,"href":"https:\/\/gamestore.com.uy\/store\/wp-json\/wp\/v2\/product_brand?post=12889"},{"taxonomy":"product_cat","embeddable":true,"href":"https:\/\/gamestore.com.uy\/store\/wp-json\/wp\/v2\/product_cat?post=12889"},{"taxonomy":"product_tag","embeddable":true,"href":"https:\/\/gamestore.com.uy\/store\/wp-json\/wp\/v2\/product_tag?post=12889"}],"curies":[{"name":"wp","href":"https:\/\/api.w.org\/{rel}","templated":true}]}}