{"id":12931,"date":"2022-04-12T12:58:26","date_gmt":"2022-04-12T15:58:26","guid":{"rendered":"https:\/\/gamestore.com.uy\/store\/?post_type=product&#038;p=12931"},"modified":"2022-04-12T12:58:27","modified_gmt":"2022-04-12T15:58:27","slug":"coleccion-de-libros-cajita-con-sorpresas-programa-bilingue-para-primeros-lectores-5-anos","status":"publish","type":"product","link":"https:\/\/gamestore.com.uy\/store\/producto\/coleccion-de-libros-cajita-con-sorpresas-programa-bilingue-para-primeros-lectores-5-anos\/","title":{"rendered":"Colecci\u00f3n de Libros Cajita con Sorpresas Programa Biling\u00fce para Primeros Lectores +5 a\u00f1os"},"content":{"rendered":"<p>Descripci\u00f3n<br \/>\nCajita con sorpresas es un programa biling\u00fce ideado para que los ni\u00f1os den sus primeros pasos en la lectura, tanto en ingl\u00e9s como en espa\u00f1ol.<br \/>\nLos libros que forman parte de esta obra han Sido agrupados en cuatro ejes tem\u00e1ticos, teniendo en cuenta el grado de complejidad y la adquisici\u00f3n paulatina del vocabulario para facilitar el aprendizaje progresivo. MI MUNDO, MIS PRIMERAS EXPERIENCIAS, APRENDO VALORES, HISTORIAS DE ANIMALES. Los libros cuentan con el texto en ingl\u00e9s y su traducci\u00f3n al espa\u00f1ol, vocabulario y actividades finales de comprensi\u00f3n de texto. Para acompa\u00f1ar la lectura y facilitar el aprendizaje el CD contiene los audios de los cuentos en ambos idiomas.<\/p>\n<p>Sus 14 vol\u00famenes cuentan con un glosario final para acompa\u00f1ar las lecturas, adem\u00e1s de un CD con los audios en ambos idiomas.<\/p>\n<p>Una obra para llevar adonde quiera que vayan.<\/p>\n<p>FICHA T\u00c9CNICA<br \/>\n\u2022 14 vol\u00famenes.<br \/>\n\u2022 448 p\u00e1ginas en total.<br \/>\n\u2022 4 l\u00e1minas educativas.<br \/>\n\u2022 4 se\u00f1aladores.<br \/>\n\u2022 1 CD de audio.<br \/>\n\u2022 Formato de Caja 22,5 x 14 x 14cm.<\/p>\n","protected":false},"excerpt":{"rendered":"<p>Descripci\u00f3n Cajita con sorpresas es un programa biling\u00fce ideado para que los ni\u00f1os den sus primeros pasos en la lectura, tanto en ingl\u00e9s como en espa\u00f1ol. Los libros que forman parte de esta obra han Sido agrupados en cuatro ejes tem\u00e1ticos, teniendo en cuenta el grado de complejidad y la adquisici\u00f3n paulatina del vocabulario para [&hellip;]<\/p>\n","protected":false},"featured_media":12932,"template":"","meta":[],"pwb-brand":[],"product_brand":[],"product_cat":[158,157],"product_tag":[],"class_list":{"0":"post-12931","1":"product","2":"type-product","3":"status-publish","4":"has-post-thumbnail","6":"product_cat-educativos","7":"product_cat-libros","9":"first","10":"instock","11":"shipping-taxable","12":"purchasable","13":"product-type-simple"},"brands":[],"_links":{"self":[{"href":"https:\/\/gamestore.com.uy\/store\/wp-json\/wp\/v2\/product\/12931","targetHints":{"allow":["GET"]}}],"collection":[{"href":"https:\/\/gamestore.com.uy\/store\/wp-json\/wp\/v2\/product"}],"about":[{"href":"https:\/\/gamestore.com.uy\/store\/wp-json\/wp\/v2\/types\/product"}],"version-history":[{"count":1,"href":"https:\/\/gamestore.com.uy\/store\/wp-json\/wp\/v2\/product\/12931\/revisions"}],"predecessor-version":[{"id":12934,"href":"https:\/\/gamestore.com.uy\/store\/wp-json\/wp\/v2\/product\/12931\/revisions\/12934"}],"wp:featuredmedia":[{"embeddable":true,"href":"https:\/\/gamestore.com.uy\/store\/wp-json\/wp\/v2\/media\/12932"}],"wp:attachment":[{"href":"https:\/\/gamestore.com.uy\/store\/wp-json\/wp\/v2\/media?parent=12931"}],"wp:term":[{"taxonomy":"pwb-brand","embeddable":true,"href":"https:\/\/gamestore.com.uy\/store\/wp-json\/wp\/v2\/pwb-brand?post=12931"},{"taxonomy":"product_brand","embeddable":true,"href":"https:\/\/gamestore.com.uy\/store\/wp-json\/wp\/v2\/product_brand?post=12931"},{"taxonomy":"product_cat","embeddable":true,"href":"https:\/\/gamestore.com.uy\/store\/wp-json\/wp\/v2\/product_cat?post=12931"},{"taxonomy":"product_tag","embeddable":true,"href":"https:\/\/gamestore.com.uy\/store\/wp-json\/wp\/v2\/product_tag?post=12931"}],"curies":[{"name":"wp","href":"https:\/\/api.w.org\/{rel}","templated":true}]}}