{"id":14376,"date":"2022-07-06T14:46:35","date_gmt":"2022-07-06T17:46:35","guid":{"rendered":"https:\/\/gamestore.com.uy\/store\/?post_type=product&#038;p=14376"},"modified":"2022-07-06T14:46:35","modified_gmt":"2022-07-06T17:46:35","slug":"libro-unicornios-magicos-mi-maleta-de-actividades-y-colorear","status":"publish","type":"product","link":"https:\/\/gamestore.com.uy\/store\/producto\/libro-unicornios-magicos-mi-maleta-de-actividades-y-colorear\/","title":{"rendered":"Libro Unicornios M\u00e1gicos Mi Maleta de Actividades y Colorear"},"content":{"rendered":"<p>Con m\u00e1s de 100 Pegatinas, 2 libros para colorear, un libro de juegos y 6 l\u00e1pices de colores cortos<\/p>\n","protected":false},"excerpt":{"rendered":"<p>Con m\u00e1s de 100 Pegatinas, 2 libros para colorear, un libro de juegos y 6 l\u00e1pices de colores cortos<\/p>\n","protected":false},"featured_media":14377,"template":"","meta":[],"pwb-brand":[],"product_brand":[],"product_cat":[157],"product_tag":[],"class_list":{"0":"post-14376","1":"product","2":"type-product","3":"status-publish","4":"has-post-thumbnail","6":"product_cat-libros","8":"first","9":"instock","10":"shipping-taxable","11":"purchasable","12":"product-type-simple"},"brands":[],"_links":{"self":[{"href":"https:\/\/gamestore.com.uy\/store\/wp-json\/wp\/v2\/product\/14376","targetHints":{"allow":["GET"]}}],"collection":[{"href":"https:\/\/gamestore.com.uy\/store\/wp-json\/wp\/v2\/product"}],"about":[{"href":"https:\/\/gamestore.com.uy\/store\/wp-json\/wp\/v2\/types\/product"}],"version-history":[{"count":1,"href":"https:\/\/gamestore.com.uy\/store\/wp-json\/wp\/v2\/product\/14376\/revisions"}],"predecessor-version":[{"id":14379,"href":"https:\/\/gamestore.com.uy\/store\/wp-json\/wp\/v2\/product\/14376\/revisions\/14379"}],"wp:featuredmedia":[{"embeddable":true,"href":"https:\/\/gamestore.com.uy\/store\/wp-json\/wp\/v2\/media\/14377"}],"wp:attachment":[{"href":"https:\/\/gamestore.com.uy\/store\/wp-json\/wp\/v2\/media?parent=14376"}],"wp:term":[{"taxonomy":"pwb-brand","embeddable":true,"href":"https:\/\/gamestore.com.uy\/store\/wp-json\/wp\/v2\/pwb-brand?post=14376"},{"taxonomy":"product_brand","embeddable":true,"href":"https:\/\/gamestore.com.uy\/store\/wp-json\/wp\/v2\/product_brand?post=14376"},{"taxonomy":"product_cat","embeddable":true,"href":"https:\/\/gamestore.com.uy\/store\/wp-json\/wp\/v2\/product_cat?post=14376"},{"taxonomy":"product_tag","embeddable":true,"href":"https:\/\/gamestore.com.uy\/store\/wp-json\/wp\/v2\/product_tag?post=14376"}],"curies":[{"name":"wp","href":"https:\/\/api.w.org\/{rel}","templated":true}]}}