{"id":15010,"date":"2022-08-09T22:21:46","date_gmt":"2022-08-10T01:21:46","guid":{"rendered":"https:\/\/gamestore.com.uy\/store\/?post_type=product&#038;p=15010"},"modified":"2024-12-30T12:25:21","modified_gmt":"2024-12-30T15:25:21","slug":"super-20-juegos-didacta-juego-de-mesa","status":"publish","type":"product","link":"https:\/\/gamestore.com.uy\/store\/producto\/super-20-juegos-didacta-juego-de-mesa\/","title":{"rendered":"Super 20 Juegos Didacta Juego de Mesa"},"content":{"rendered":"<p>La mejor colecci\u00f3n de juegos, reunidos para la diversi\u00f3n de todos. Conjugando grandes cl\u00e1sicos como Ludo, Damas y Ta-Te-Ti, con juegos novedosos y entretenidos. Super 20 Juegos es una excelente opci\u00f3n para pasarlo bien.<\/p>\n","protected":false},"excerpt":{"rendered":"<p>La mejor colecci\u00f3n de juegos, reunidos para la diversi\u00f3n de todos. Conjugando grandes cl\u00e1sicos como Ludo, Damas y Ta-Te-Ti, con juegos novedosos y entretenidos. Super 20 Juegos es una excelente opci\u00f3n para pasarlo bien.<\/p>\n","protected":false},"featured_media":15011,"template":"","meta":[],"pwb-brand":[],"product_brand":[],"product_cat":[133,131],"product_tag":[],"class_list":{"0":"post-15010","1":"product","2":"type-product","3":"status-publish","4":"has-post-thumbnail","6":"product_cat-juegos-mesa","7":"product_cat-juguetes","9":"first","10":"instock","11":"shipping-taxable","12":"purchasable","13":"product-type-simple"},"brands":[],"_links":{"self":[{"href":"https:\/\/gamestore.com.uy\/store\/wp-json\/wp\/v2\/product\/15010","targetHints":{"allow":["GET"]}}],"collection":[{"href":"https:\/\/gamestore.com.uy\/store\/wp-json\/wp\/v2\/product"}],"about":[{"href":"https:\/\/gamestore.com.uy\/store\/wp-json\/wp\/v2\/types\/product"}],"version-history":[{"count":1,"href":"https:\/\/gamestore.com.uy\/store\/wp-json\/wp\/v2\/product\/15010\/revisions"}],"predecessor-version":[{"id":15015,"href":"https:\/\/gamestore.com.uy\/store\/wp-json\/wp\/v2\/product\/15010\/revisions\/15015"}],"wp:featuredmedia":[{"embeddable":true,"href":"https:\/\/gamestore.com.uy\/store\/wp-json\/wp\/v2\/media\/15011"}],"wp:attachment":[{"href":"https:\/\/gamestore.com.uy\/store\/wp-json\/wp\/v2\/media?parent=15010"}],"wp:term":[{"taxonomy":"pwb-brand","embeddable":true,"href":"https:\/\/gamestore.com.uy\/store\/wp-json\/wp\/v2\/pwb-brand?post=15010"},{"taxonomy":"product_brand","embeddable":true,"href":"https:\/\/gamestore.com.uy\/store\/wp-json\/wp\/v2\/product_brand?post=15010"},{"taxonomy":"product_cat","embeddable":true,"href":"https:\/\/gamestore.com.uy\/store\/wp-json\/wp\/v2\/product_cat?post=15010"},{"taxonomy":"product_tag","embeddable":true,"href":"https:\/\/gamestore.com.uy\/store\/wp-json\/wp\/v2\/product_tag?post=15010"}],"curies":[{"name":"wp","href":"https:\/\/api.w.org\/{rel}","templated":true}]}}