{"id":15639,"date":"2022-09-30T17:23:33","date_gmt":"2022-09-30T20:23:33","guid":{"rendered":"https:\/\/gamestore.com.uy\/store\/?post_type=product&#038;p=15639"},"modified":"2023-03-07T12:38:21","modified_gmt":"2023-03-07T15:38:21","slug":"libro-c-sonido-canciones-del-jardin-un-elefante-se-balanceaba","status":"publish","type":"product","link":"https:\/\/gamestore.com.uy\/store\/producto\/libro-c-sonido-canciones-del-jardin-un-elefante-se-balanceaba\/","title":{"rendered":"Libro C\/ Sonido Canciones del Jard\u00edn Un Elefante se Balanceaba"},"content":{"rendered":"<p>Presiona el bot\u00f3n para escuchar la canci\u00f3n<\/p>\n","protected":false},"excerpt":{"rendered":"<p>Presiona el bot\u00f3n para escuchar la canci\u00f3n<\/p>\n","protected":false},"featured_media":15640,"template":"","meta":[],"pwb-brand":[],"product_brand":[],"product_cat":[158,157],"product_tag":[],"class_list":{"0":"post-15639","1":"product","2":"type-product","3":"status-publish","4":"has-post-thumbnail","6":"product_cat-educativos","7":"product_cat-libros","9":"first","10":"instock","11":"shipping-taxable","12":"purchasable","13":"product-type-simple"},"brands":[],"_links":{"self":[{"href":"https:\/\/gamestore.com.uy\/store\/wp-json\/wp\/v2\/product\/15639","targetHints":{"allow":["GET"]}}],"collection":[{"href":"https:\/\/gamestore.com.uy\/store\/wp-json\/wp\/v2\/product"}],"about":[{"href":"https:\/\/gamestore.com.uy\/store\/wp-json\/wp\/v2\/types\/product"}],"version-history":[{"count":1,"href":"https:\/\/gamestore.com.uy\/store\/wp-json\/wp\/v2\/product\/15639\/revisions"}],"predecessor-version":[{"id":15642,"href":"https:\/\/gamestore.com.uy\/store\/wp-json\/wp\/v2\/product\/15639\/revisions\/15642"}],"wp:featuredmedia":[{"embeddable":true,"href":"https:\/\/gamestore.com.uy\/store\/wp-json\/wp\/v2\/media\/15640"}],"wp:attachment":[{"href":"https:\/\/gamestore.com.uy\/store\/wp-json\/wp\/v2\/media?parent=15639"}],"wp:term":[{"taxonomy":"pwb-brand","embeddable":true,"href":"https:\/\/gamestore.com.uy\/store\/wp-json\/wp\/v2\/pwb-brand?post=15639"},{"taxonomy":"product_brand","embeddable":true,"href":"https:\/\/gamestore.com.uy\/store\/wp-json\/wp\/v2\/product_brand?post=15639"},{"taxonomy":"product_cat","embeddable":true,"href":"https:\/\/gamestore.com.uy\/store\/wp-json\/wp\/v2\/product_cat?post=15639"},{"taxonomy":"product_tag","embeddable":true,"href":"https:\/\/gamestore.com.uy\/store\/wp-json\/wp\/v2\/product_tag?post=15639"}],"curies":[{"name":"wp","href":"https:\/\/api.w.org\/{rel}","templated":true}]}}