{"id":15651,"date":"2022-09-30T17:54:14","date_gmt":"2022-09-30T20:54:14","guid":{"rendered":"https:\/\/gamestore.com.uy\/store\/?post_type=product&#038;p=15651"},"modified":"2025-04-12T11:36:27","modified_gmt":"2025-04-12T14:36:27","slug":"libro-c-sonido-atento-al-semaforo","status":"publish","type":"product","link":"https:\/\/gamestore.com.uy\/store\/producto\/libro-c-sonido-atento-al-semaforo\/","title":{"rendered":"Libro C\/ Sonido Atento al Sem\u00e1foro"},"content":{"rendered":"<p>Descubre las se\u00f1ales de tr\u00e1fico llevan do 5 veh\u00edculos por la ciudad! El tr\u00e1fico, los sem\u00e1foros y los peatones&#8230; \u00a1Hay que estar muy at en to a todo! Con este libro podr\u00e1s practicar y aprender a moverte por la ciudad respetando las se\u00f1ales de tr\u00e1fico. \u00a1Ver\u00e1s qu\u00e9 divertido!<\/p>\n","protected":false},"excerpt":{"rendered":"<p>Descubre las se\u00f1ales de tr\u00e1fico llevan do 5 veh\u00edculos por la ciudad! El tr\u00e1fico, los sem\u00e1foros y los peatones&#8230; \u00a1Hay que estar muy at en to a todo! Con este libro podr\u00e1s practicar y aprender a moverte por la ciudad respetando las se\u00f1ales de tr\u00e1fico. \u00a1Ver\u00e1s qu\u00e9 divertido!<\/p>\n","protected":false},"featured_media":15652,"template":"","meta":[],"pwb-brand":[],"product_brand":[],"product_cat":[158,157],"product_tag":[],"class_list":{"0":"post-15651","1":"product","2":"type-product","3":"status-publish","4":"has-post-thumbnail","6":"product_cat-educativos","7":"product_cat-libros","9":"first","10":"instock","11":"shipping-taxable","12":"purchasable","13":"product-type-simple"},"brands":[],"_links":{"self":[{"href":"https:\/\/gamestore.com.uy\/store\/wp-json\/wp\/v2\/product\/15651","targetHints":{"allow":["GET"]}}],"collection":[{"href":"https:\/\/gamestore.com.uy\/store\/wp-json\/wp\/v2\/product"}],"about":[{"href":"https:\/\/gamestore.com.uy\/store\/wp-json\/wp\/v2\/types\/product"}],"version-history":[{"count":1,"href":"https:\/\/gamestore.com.uy\/store\/wp-json\/wp\/v2\/product\/15651\/revisions"}],"predecessor-version":[{"id":15655,"href":"https:\/\/gamestore.com.uy\/store\/wp-json\/wp\/v2\/product\/15651\/revisions\/15655"}],"wp:featuredmedia":[{"embeddable":true,"href":"https:\/\/gamestore.com.uy\/store\/wp-json\/wp\/v2\/media\/15652"}],"wp:attachment":[{"href":"https:\/\/gamestore.com.uy\/store\/wp-json\/wp\/v2\/media?parent=15651"}],"wp:term":[{"taxonomy":"pwb-brand","embeddable":true,"href":"https:\/\/gamestore.com.uy\/store\/wp-json\/wp\/v2\/pwb-brand?post=15651"},{"taxonomy":"product_brand","embeddable":true,"href":"https:\/\/gamestore.com.uy\/store\/wp-json\/wp\/v2\/product_brand?post=15651"},{"taxonomy":"product_cat","embeddable":true,"href":"https:\/\/gamestore.com.uy\/store\/wp-json\/wp\/v2\/product_cat?post=15651"},{"taxonomy":"product_tag","embeddable":true,"href":"https:\/\/gamestore.com.uy\/store\/wp-json\/wp\/v2\/product_tag?post=15651"}],"curies":[{"name":"wp","href":"https:\/\/api.w.org\/{rel}","templated":true}]}}