{"id":16493,"date":"2022-11-14T14:34:47","date_gmt":"2022-11-14T17:34:47","guid":{"rendered":"https:\/\/gamestore.com.uy\/store\/?post_type=product&#038;p=16493"},"modified":"2024-12-30T12:31:21","modified_gmt":"2024-12-30T15:31:21","slug":"monster-truck-war-metal-machines-suspencion-lanzador-sonido-y-luces-calavera","status":"publish","type":"product","link":"https:\/\/gamestore.com.uy\/store\/producto\/monster-truck-war-metal-machines-suspencion-lanzador-sonido-y-luces-calavera\/","title":{"rendered":"Monster Truck War Metal Mach\u00ednes Suspenci\u00f3n Lanzador Sonido y Luces Calavera"},"content":{"rendered":"<p>Monster Truck Wars trae diversi\u00f3n con ruedas libres con suspensi\u00f3n de siguiente nivel y acci\u00f3n de giro y direcci\u00f3n que te permite conducir sin miedo. Prep\u00e1rate para retumbar con el arma de disparo del techo de tu camioneta y enga\u00f1ar luces y sonidos. \u00bfLuchar\u00e1s con el T-Rex, Jawesome o Bone Breaker? Colecciona los 3 y pon el pedal al metal con Metal Machines Monster Truck Wars<\/p>\n","protected":false},"excerpt":{"rendered":"<p>Monster Truck Wars trae diversi\u00f3n con ruedas libres con suspensi\u00f3n de siguiente nivel y acci\u00f3n de giro y direcci\u00f3n que te permite conducir sin miedo. Prep\u00e1rate para retumbar con el arma de disparo del techo de tu camioneta y enga\u00f1ar luces y sonidos. \u00bfLuchar\u00e1s con el T-Rex, Jawesome o Bone Breaker? Colecciona los 3 y [&hellip;]<\/p>\n","protected":false},"featured_media":16494,"template":"","meta":[],"pwb-brand":[677],"product_brand":[],"product_cat":[131,156],"product_tag":[],"class_list":{"0":"post-16493","1":"product","2":"type-product","3":"status-publish","4":"has-post-thumbnail","6":"pwb-brand-metalmachines","7":"product_cat-juguetes","8":"product_cat-vehiculos","10":"first","11":"instock","12":"shipping-taxable","13":"purchasable","14":"product-type-simple"},"brands":[{"id":677,"name":"Metal Machines","slug":"metalmachines"}],"_links":{"self":[{"href":"https:\/\/gamestore.com.uy\/store\/wp-json\/wp\/v2\/product\/16493","targetHints":{"allow":["GET"]}}],"collection":[{"href":"https:\/\/gamestore.com.uy\/store\/wp-json\/wp\/v2\/product"}],"about":[{"href":"https:\/\/gamestore.com.uy\/store\/wp-json\/wp\/v2\/types\/product"}],"version-history":[{"count":2,"href":"https:\/\/gamestore.com.uy\/store\/wp-json\/wp\/v2\/product\/16493\/revisions"}],"predecessor-version":[{"id":16501,"href":"https:\/\/gamestore.com.uy\/store\/wp-json\/wp\/v2\/product\/16493\/revisions\/16501"}],"wp:featuredmedia":[{"embeddable":true,"href":"https:\/\/gamestore.com.uy\/store\/wp-json\/wp\/v2\/media\/16494"}],"wp:attachment":[{"href":"https:\/\/gamestore.com.uy\/store\/wp-json\/wp\/v2\/media?parent=16493"}],"wp:term":[{"taxonomy":"pwb-brand","embeddable":true,"href":"https:\/\/gamestore.com.uy\/store\/wp-json\/wp\/v2\/pwb-brand?post=16493"},{"taxonomy":"product_brand","embeddable":true,"href":"https:\/\/gamestore.com.uy\/store\/wp-json\/wp\/v2\/product_brand?post=16493"},{"taxonomy":"product_cat","embeddable":true,"href":"https:\/\/gamestore.com.uy\/store\/wp-json\/wp\/v2\/product_cat?post=16493"},{"taxonomy":"product_tag","embeddable":true,"href":"https:\/\/gamestore.com.uy\/store\/wp-json\/wp\/v2\/product_tag?post=16493"}],"curies":[{"name":"wp","href":"https:\/\/api.w.org\/{rel}","templated":true}]}}