{"id":16989,"date":"2022-11-28T10:06:44","date_gmt":"2022-11-28T13:06:44","guid":{"rendered":"https:\/\/gamestore.com.uy\/store\/?post_type=product&#038;p=16989"},"modified":"2025-04-12T11:35:29","modified_gmt":"2025-04-12T14:35:29","slug":"libro-infantil-fiesta-de-sonidos-incluye-100-sonidos","status":"publish","type":"product","link":"https:\/\/gamestore.com.uy\/store\/producto\/libro-infantil-fiesta-de-sonidos-incluye-100-sonidos\/","title":{"rendered":"Libro Infantil Fiesta de Sonidos Incluye 100 Sonidos"},"content":{"rendered":"<p>Con divertido Libro, los ni\u00f1os descubrir\u00e1n sonidos de animales, veh\u00edculos y\u00a0 objetos, para familiarizarse con su entorno por medio de todos sus sentidos<\/p>\n<p>Dimensiones 30 x 26cms Hojas de Cart\u00f3n Duro<\/p>\n","protected":false},"excerpt":{"rendered":"<p>Con divertido Libro, los ni\u00f1os descubrir\u00e1n sonidos de animales, veh\u00edculos y\u00a0 objetos, para familiarizarse con su entorno por medio de todos sus sentidos Dimensiones 30 x 26cms Hojas de Cart\u00f3n Duro<\/p>\n","protected":false},"featured_media":16990,"template":"","meta":[],"pwb-brand":[],"product_brand":[],"product_cat":[158,134,157],"product_tag":[],"class_list":{"0":"post-16989","1":"product","2":"type-product","3":"status-publish","4":"has-post-thumbnail","6":"product_cat-educativos","7":"product_cat-juguetesbb","8":"product_cat-libros","10":"first","11":"instock","12":"sale","13":"shipping-taxable","14":"purchasable","15":"product-type-simple"},"brands":[],"_links":{"self":[{"href":"https:\/\/gamestore.com.uy\/store\/wp-json\/wp\/v2\/product\/16989","targetHints":{"allow":["GET"]}}],"collection":[{"href":"https:\/\/gamestore.com.uy\/store\/wp-json\/wp\/v2\/product"}],"about":[{"href":"https:\/\/gamestore.com.uy\/store\/wp-json\/wp\/v2\/types\/product"}],"version-history":[{"count":3,"href":"https:\/\/gamestore.com.uy\/store\/wp-json\/wp\/v2\/product\/16989\/revisions"}],"predecessor-version":[{"id":23291,"href":"https:\/\/gamestore.com.uy\/store\/wp-json\/wp\/v2\/product\/16989\/revisions\/23291"}],"wp:featuredmedia":[{"embeddable":true,"href":"https:\/\/gamestore.com.uy\/store\/wp-json\/wp\/v2\/media\/16990"}],"wp:attachment":[{"href":"https:\/\/gamestore.com.uy\/store\/wp-json\/wp\/v2\/media?parent=16989"}],"wp:term":[{"taxonomy":"pwb-brand","embeddable":true,"href":"https:\/\/gamestore.com.uy\/store\/wp-json\/wp\/v2\/pwb-brand?post=16989"},{"taxonomy":"product_brand","embeddable":true,"href":"https:\/\/gamestore.com.uy\/store\/wp-json\/wp\/v2\/product_brand?post=16989"},{"taxonomy":"product_cat","embeddable":true,"href":"https:\/\/gamestore.com.uy\/store\/wp-json\/wp\/v2\/product_cat?post=16989"},{"taxonomy":"product_tag","embeddable":true,"href":"https:\/\/gamestore.com.uy\/store\/wp-json\/wp\/v2\/product_tag?post=16989"}],"curies":[{"name":"wp","href":"https:\/\/api.w.org\/{rel}","templated":true}]}}