{"id":17009,"date":"2022-12-01T15:07:54","date_gmt":"2022-12-01T18:07:54","guid":{"rendered":"https:\/\/gamestore.com.uy\/store\/?post_type=product&#038;p=17009"},"modified":"2022-12-01T15:07:55","modified_gmt":"2022-12-01T18:07:55","slug":"mega-set-juego-magnetico-pizarra-formas-numeros-letras-aprendizaje-y-creatividad","status":"publish","type":"product","link":"https:\/\/gamestore.com.uy\/store\/producto\/mega-set-juego-magnetico-pizarra-formas-numeros-letras-aprendizaje-y-creatividad\/","title":{"rendered":"Mega Set Juego Magn\u00e9tico Pizarra  Formas N\u00fameros Letras Aprendizaje y Creatividad"},"content":{"rendered":"<p>Est\u00e1 Cajita Set Magn\u00e9tico est\u00e1 pensado para el desarrollo creativo y Cognitivo de los ni\u00f1os. Con su gran variedad de formas geom\u00e9tricas pueden crear todo tipo de figuras, adem\u00e1s practicar numeraci\u00f3n cuentas y escritura. Incluye bastones para conteo y marcador para utilizar de pizarra<\/p>\n","protected":false},"excerpt":{"rendered":"<p>Est\u00e1 Cajita Set Magn\u00e9tico est\u00e1 pensado para el desarrollo creativo y Cognitivo de los ni\u00f1os. Con su gran variedad de formas geom\u00e9tricas pueden crear todo tipo de figuras, adem\u00e1s practicar numeraci\u00f3n cuentas y escritura. Incluye bastones para conteo y marcador para utilizar de pizarra<\/p>\n","protected":false},"featured_media":17010,"template":"","meta":[],"pwb-brand":[],"product_brand":[],"product_cat":[174,133,131,134,279],"product_tag":[],"class_list":{"0":"post-17009","1":"product","2":"type-product","3":"status-publish","4":"has-post-thumbnail","6":"product_cat-didacticos","7":"product_cat-juegos-mesa","8":"product_cat-juguetes","9":"product_cat-juguetesbb","10":"product_cat-manuales","12":"first","13":"instock","14":"shipping-taxable","15":"purchasable","16":"product-type-simple"},"brands":[],"_links":{"self":[{"href":"https:\/\/gamestore.com.uy\/store\/wp-json\/wp\/v2\/product\/17009","targetHints":{"allow":["GET"]}}],"collection":[{"href":"https:\/\/gamestore.com.uy\/store\/wp-json\/wp\/v2\/product"}],"about":[{"href":"https:\/\/gamestore.com.uy\/store\/wp-json\/wp\/v2\/types\/product"}],"version-history":[{"count":1,"href":"https:\/\/gamestore.com.uy\/store\/wp-json\/wp\/v2\/product\/17009\/revisions"}],"predecessor-version":[{"id":17012,"href":"https:\/\/gamestore.com.uy\/store\/wp-json\/wp\/v2\/product\/17009\/revisions\/17012"}],"wp:featuredmedia":[{"embeddable":true,"href":"https:\/\/gamestore.com.uy\/store\/wp-json\/wp\/v2\/media\/17010"}],"wp:attachment":[{"href":"https:\/\/gamestore.com.uy\/store\/wp-json\/wp\/v2\/media?parent=17009"}],"wp:term":[{"taxonomy":"pwb-brand","embeddable":true,"href":"https:\/\/gamestore.com.uy\/store\/wp-json\/wp\/v2\/pwb-brand?post=17009"},{"taxonomy":"product_brand","embeddable":true,"href":"https:\/\/gamestore.com.uy\/store\/wp-json\/wp\/v2\/product_brand?post=17009"},{"taxonomy":"product_cat","embeddable":true,"href":"https:\/\/gamestore.com.uy\/store\/wp-json\/wp\/v2\/product_cat?post=17009"},{"taxonomy":"product_tag","embeddable":true,"href":"https:\/\/gamestore.com.uy\/store\/wp-json\/wp\/v2\/product_tag?post=17009"}],"curies":[{"name":"wp","href":"https:\/\/api.w.org\/{rel}","templated":true}]}}