{"id":18729,"date":"2023-05-15T11:15:43","date_gmt":"2023-05-15T14:15:43","guid":{"rendered":"https:\/\/gamestore.com.uy\/store\/?post_type=product&#038;p=18729"},"modified":"2024-10-14T17:37:10","modified_gmt":"2024-10-14T20:37:10","slug":"barbie-muneca-clasica","status":"publish","type":"product","link":"https:\/\/gamestore.com.uy\/store\/producto\/barbie-muneca-clasica\/","title":{"rendered":"Barbie Mu\u00f1eca Cl\u00e1sica"},"content":{"rendered":"<p>Consultar Dise\u00f1os<\/p>\n","protected":false},"excerpt":{"rendered":"<p>Consultar Dise\u00f1os<\/p>\n","protected":false},"featured_media":18731,"template":"","meta":[],"pwb-brand":[],"product_brand":[],"product_cat":[136,131,135],"product_tag":[],"class_list":{"0":"post-18729","1":"product","2":"type-product","3":"status-publish","4":"has-post-thumbnail","6":"product_cat-coleccionables","7":"product_cat-juguetes","8":"product_cat-muniecos","10":"first","11":"instock","12":"shipping-taxable","13":"purchasable","14":"product-type-simple"},"brands":[],"_links":{"self":[{"href":"https:\/\/gamestore.com.uy\/store\/wp-json\/wp\/v2\/product\/18729","targetHints":{"allow":["GET"]}}],"collection":[{"href":"https:\/\/gamestore.com.uy\/store\/wp-json\/wp\/v2\/product"}],"about":[{"href":"https:\/\/gamestore.com.uy\/store\/wp-json\/wp\/v2\/types\/product"}],"version-history":[{"count":1,"href":"https:\/\/gamestore.com.uy\/store\/wp-json\/wp\/v2\/product\/18729\/revisions"}],"predecessor-version":[{"id":18736,"href":"https:\/\/gamestore.com.uy\/store\/wp-json\/wp\/v2\/product\/18729\/revisions\/18736"}],"wp:featuredmedia":[{"embeddable":true,"href":"https:\/\/gamestore.com.uy\/store\/wp-json\/wp\/v2\/media\/18731"}],"wp:attachment":[{"href":"https:\/\/gamestore.com.uy\/store\/wp-json\/wp\/v2\/media?parent=18729"}],"wp:term":[{"taxonomy":"pwb-brand","embeddable":true,"href":"https:\/\/gamestore.com.uy\/store\/wp-json\/wp\/v2\/pwb-brand?post=18729"},{"taxonomy":"product_brand","embeddable":true,"href":"https:\/\/gamestore.com.uy\/store\/wp-json\/wp\/v2\/product_brand?post=18729"},{"taxonomy":"product_cat","embeddable":true,"href":"https:\/\/gamestore.com.uy\/store\/wp-json\/wp\/v2\/product_cat?post=18729"},{"taxonomy":"product_tag","embeddable":true,"href":"https:\/\/gamestore.com.uy\/store\/wp-json\/wp\/v2\/product_tag?post=18729"}],"curies":[{"name":"wp","href":"https:\/\/api.w.org\/{rel}","templated":true}]}}