{"id":18952,"date":"2023-05-20T10:46:14","date_gmt":"2023-05-20T13:46:14","guid":{"rendered":"https:\/\/gamestore.com.uy\/store\/?post_type=product&#038;p=18952"},"modified":"2023-05-20T10:47:38","modified_gmt":"2023-05-20T13:47:38","slug":"sonipedis-animales-libro-con-sonidos-de-animales-selva-bosque-sabana-y-mar","status":"publish","type":"product","link":"https:\/\/gamestore.com.uy\/store\/producto\/sonipedis-animales-libro-con-sonidos-de-animales-selva-bosque-sabana-y-mar\/","title":{"rendered":"Sonipedia Animales Libro con Sonidos de Animales Selva Bosque Sabana y Mar"},"content":{"rendered":"<p>Animales del Bosque, de la Selva, Sabana y Mar invitan a los m\u00e1s peque\u00f1os a conocer su mundo, donde podr\u00e1n escuchar su voz. Tapa dura 25.6 cm x 25.6 cm x 2 cm<\/p>\n","protected":false},"excerpt":{"rendered":"<p>Animales del Bosque, de la Selva, Sabana y Mar invitan a los m\u00e1s peque\u00f1os a conocer su mundo, donde podr\u00e1n escuchar su voz. Tapa dura 25.6 cm x 25.6 cm x 2 cm<\/p>\n","protected":false},"featured_media":18953,"template":"","meta":[],"pwb-brand":[],"product_brand":[],"product_cat":[158,157],"product_tag":[],"class_list":{"0":"post-18952","1":"product","2":"type-product","3":"status-publish","4":"has-post-thumbnail","6":"product_cat-educativos","7":"product_cat-libros","9":"first","10":"instock","11":"shipping-taxable","12":"purchasable","13":"product-type-simple"},"brands":[],"_links":{"self":[{"href":"https:\/\/gamestore.com.uy\/store\/wp-json\/wp\/v2\/product\/18952","targetHints":{"allow":["GET"]}}],"collection":[{"href":"https:\/\/gamestore.com.uy\/store\/wp-json\/wp\/v2\/product"}],"about":[{"href":"https:\/\/gamestore.com.uy\/store\/wp-json\/wp\/v2\/types\/product"}],"version-history":[{"count":3,"href":"https:\/\/gamestore.com.uy\/store\/wp-json\/wp\/v2\/product\/18952\/revisions"}],"predecessor-version":[{"id":18958,"href":"https:\/\/gamestore.com.uy\/store\/wp-json\/wp\/v2\/product\/18952\/revisions\/18958"}],"wp:featuredmedia":[{"embeddable":true,"href":"https:\/\/gamestore.com.uy\/store\/wp-json\/wp\/v2\/media\/18953"}],"wp:attachment":[{"href":"https:\/\/gamestore.com.uy\/store\/wp-json\/wp\/v2\/media?parent=18952"}],"wp:term":[{"taxonomy":"pwb-brand","embeddable":true,"href":"https:\/\/gamestore.com.uy\/store\/wp-json\/wp\/v2\/pwb-brand?post=18952"},{"taxonomy":"product_brand","embeddable":true,"href":"https:\/\/gamestore.com.uy\/store\/wp-json\/wp\/v2\/product_brand?post=18952"},{"taxonomy":"product_cat","embeddable":true,"href":"https:\/\/gamestore.com.uy\/store\/wp-json\/wp\/v2\/product_cat?post=18952"},{"taxonomy":"product_tag","embeddable":true,"href":"https:\/\/gamestore.com.uy\/store\/wp-json\/wp\/v2\/product_tag?post=18952"}],"curies":[{"name":"wp","href":"https:\/\/api.w.org\/{rel}","templated":true}]}}