{"id":19611,"date":"2023-07-14T16:22:31","date_gmt":"2023-07-14T19:22:31","guid":{"rendered":"https:\/\/gamestore.com.uy\/store\/?post_type=product&#038;p=19611"},"modified":"2024-05-09T15:18:33","modified_gmt":"2024-05-09T18:18:33","slug":"valija-maletin-la-granja-de-pepito-libro-sonoro-personajes","status":"publish","type":"product","link":"https:\/\/gamestore.com.uy\/store\/producto\/valija-maletin-la-granja-de-pepito-libro-sonoro-personajes\/","title":{"rendered":"Valija Malet\u00edn La Granja de Pepito Libro Sonoro + Personajes"},"content":{"rendered":"<p>Mi caja de juegos: la granja de Pepito &#8211; Libro<br \/>\nDivertida y colorida Valija de cart\u00f3n con cierre y asa que contiene:<br \/>\nUn libro de cart\u00f3n con Sonidos<br \/>\n6 juguetes Personajes<br \/>\n2 escenarios<br \/>\nEl libro de esta caja est\u00e1 repleto de sonidos de animales, que te acompa\u00f1ar\u00e1n mientras cantas la famosa canci\u00f3n.<br \/>\nSeis juguetes y dos escenarios te permitir\u00e1n adem\u00e1s crear tu propia granja.<br \/>\n\u00a1Bienvenido a la granja de Pepito!<br \/>\nN\u00ba de p\u00e1ginas: 8<br \/>\nEditorial: S.A. TODOLIBRO EDICIONES<br \/>\nIdioma: CASTELLANO<br \/>\nEncuadernaci\u00f3n: Tapa dura<\/p>\n","protected":false},"excerpt":{"rendered":"<p>Mi caja de juegos: la granja de Pepito &#8211; Libro Divertida y colorida Valija de cart\u00f3n con cierre y asa que contiene: Un libro de cart\u00f3n con Sonidos 6 juguetes Personajes 2 escenarios El libro de esta caja est\u00e1 repleto de sonidos de animales, que te acompa\u00f1ar\u00e1n mientras cantas la famosa canci\u00f3n. Seis juguetes y [&hellip;]<\/p>\n","protected":false},"featured_media":23508,"template":"","meta":[],"pwb-brand":[],"product_brand":[],"product_cat":[158,280,131,157,135],"product_tag":[],"class_list":{"0":"post-19611","1":"product","2":"type-product","3":"status-publish","4":"has-post-thumbnail","6":"product_cat-educativos","7":"product_cat-escenarios","8":"product_cat-juguetes","9":"product_cat-libros","10":"product_cat-muniecos","12":"first","13":"instock","14":"shipping-taxable","15":"purchasable","16":"product-type-simple"},"brands":[],"_links":{"self":[{"href":"https:\/\/gamestore.com.uy\/store\/wp-json\/wp\/v2\/product\/19611","targetHints":{"allow":["GET"]}}],"collection":[{"href":"https:\/\/gamestore.com.uy\/store\/wp-json\/wp\/v2\/product"}],"about":[{"href":"https:\/\/gamestore.com.uy\/store\/wp-json\/wp\/v2\/types\/product"}],"version-history":[{"count":1,"href":"https:\/\/gamestore.com.uy\/store\/wp-json\/wp\/v2\/product\/19611\/revisions"}],"predecessor-version":[{"id":19615,"href":"https:\/\/gamestore.com.uy\/store\/wp-json\/wp\/v2\/product\/19611\/revisions\/19615"}],"wp:featuredmedia":[{"embeddable":true,"href":"https:\/\/gamestore.com.uy\/store\/wp-json\/wp\/v2\/media\/23508"}],"wp:attachment":[{"href":"https:\/\/gamestore.com.uy\/store\/wp-json\/wp\/v2\/media?parent=19611"}],"wp:term":[{"taxonomy":"pwb-brand","embeddable":true,"href":"https:\/\/gamestore.com.uy\/store\/wp-json\/wp\/v2\/pwb-brand?post=19611"},{"taxonomy":"product_brand","embeddable":true,"href":"https:\/\/gamestore.com.uy\/store\/wp-json\/wp\/v2\/product_brand?post=19611"},{"taxonomy":"product_cat","embeddable":true,"href":"https:\/\/gamestore.com.uy\/store\/wp-json\/wp\/v2\/product_cat?post=19611"},{"taxonomy":"product_tag","embeddable":true,"href":"https:\/\/gamestore.com.uy\/store\/wp-json\/wp\/v2\/product_tag?post=19611"}],"curies":[{"name":"wp","href":"https:\/\/api.w.org\/{rel}","templated":true}]}}