{"id":20403,"date":"2023-08-22T11:03:15","date_gmt":"2023-08-22T14:03:15","guid":{"rendered":"https:\/\/gamestore.com.uy\/store\/?post_type=product&#038;p=20403"},"modified":"2024-10-28T10:09:52","modified_gmt":"2024-10-28T13:09:52","slug":"juego-de-construccion-en-madera-herramientas-26-piezas","status":"publish","type":"product","link":"https:\/\/gamestore.com.uy\/store\/producto\/juego-de-construccion-en-madera-herramientas-26-piezas\/","title":{"rendered":"Juego de Construcci\u00f3n en Madera Herramientas 26 Piezas"},"content":{"rendered":"<p>Medida 20x15x7cm<\/p>\n<p>Caracter\u00edsticas:<br \/>\n1. Este juego de herramientas de construcci\u00f3n para ni\u00f1os peque\u00f1os puede desarrollar sus habilidades motoras, los ni\u00f1os pueden jugar con llave o martillo y aprender a utilizar estas herramientas, ejercitar su coordinaci\u00f3n ojo-mano.<br \/>\n2. Contiene una variedad de colores y diferentes formas de juguetes, que pueden desarrollar la capacidad de cognici\u00f3n de color y forma de los ni\u00f1os, un juguete Montessori adecuado para ni\u00f1os peque\u00f1os.<br \/>\n3. Hecho de material de madera de alta calidad, resistente, no es f\u00e1cil de romper, duradero y cuidadosamente pulido, suave y sin rebabas, no da\u00f1a las manos de tu hijo, por favor, \u00fasalo con confianza.<\/p>\n<p>Especificaciones:<\/p>\n<p>Contenido del paquete:<br \/>\n1 juego de herramientas de desmontaje de rompecabezas.<br \/>\nIncluye:<br \/>\nDestornillador de hoja plana<br \/>\n2 bloques de construcci\u00f3n combinados.<br \/>\nLlave hexagonal<br \/>\n4 tornillos ranurados.<br \/>\nTornillos hexagonales.<br \/>\n12 placas combinadas.<br \/>\n4 ruedas.<\/p>\n","protected":false},"excerpt":{"rendered":"<p>Medida 20x15x7cm Caracter\u00edsticas: 1. Este juego de herramientas de construcci\u00f3n para ni\u00f1os peque\u00f1os puede desarrollar sus habilidades motoras, los ni\u00f1os pueden jugar con llave o martillo y aprender a utilizar estas herramientas, ejercitar su coordinaci\u00f3n ojo-mano. 2. Contiene una variedad de colores y diferentes formas de juguetes, que pueden desarrollar la capacidad de cognici\u00f3n de [&hellip;]<\/p>\n","protected":false},"featured_media":20404,"template":"","meta":[],"pwb-brand":[],"product_brand":[],"product_cat":[161,174,133,131,134],"product_tag":[373,859,377,757,600,574,910,1003,751],"class_list":{"0":"post-20403","1":"product","2":"type-product","3":"status-publish","4":"has-post-thumbnail","6":"product_cat-construccion","7":"product_cat-didacticos","8":"product_cat-juegos-mesa","9":"product_cat-juguetes","10":"product_cat-juguetesbb","11":"product_tag-armar","12":"product_tag-autito","13":"product_tag-auto","14":"product_tag-cumpleanos","15":"product_tag-madera","16":"product_tag-regalitos","17":"product_tag-regalo","18":"product_tag-regalos","19":"product_tag-vehiculo","21":"first","22":"instock","23":"shipping-taxable","24":"purchasable","25":"product-type-simple"},"brands":[],"_links":{"self":[{"href":"https:\/\/gamestore.com.uy\/store\/wp-json\/wp\/v2\/product\/20403","targetHints":{"allow":["GET"]}}],"collection":[{"href":"https:\/\/gamestore.com.uy\/store\/wp-json\/wp\/v2\/product"}],"about":[{"href":"https:\/\/gamestore.com.uy\/store\/wp-json\/wp\/v2\/types\/product"}],"version-history":[{"count":1,"href":"https:\/\/gamestore.com.uy\/store\/wp-json\/wp\/v2\/product\/20403\/revisions"}],"predecessor-version":[{"id":20406,"href":"https:\/\/gamestore.com.uy\/store\/wp-json\/wp\/v2\/product\/20403\/revisions\/20406"}],"wp:featuredmedia":[{"embeddable":true,"href":"https:\/\/gamestore.com.uy\/store\/wp-json\/wp\/v2\/media\/20404"}],"wp:attachment":[{"href":"https:\/\/gamestore.com.uy\/store\/wp-json\/wp\/v2\/media?parent=20403"}],"wp:term":[{"taxonomy":"pwb-brand","embeddable":true,"href":"https:\/\/gamestore.com.uy\/store\/wp-json\/wp\/v2\/pwb-brand?post=20403"},{"taxonomy":"product_brand","embeddable":true,"href":"https:\/\/gamestore.com.uy\/store\/wp-json\/wp\/v2\/product_brand?post=20403"},{"taxonomy":"product_cat","embeddable":true,"href":"https:\/\/gamestore.com.uy\/store\/wp-json\/wp\/v2\/product_cat?post=20403"},{"taxonomy":"product_tag","embeddable":true,"href":"https:\/\/gamestore.com.uy\/store\/wp-json\/wp\/v2\/product_tag?post=20403"}],"curies":[{"name":"wp","href":"https:\/\/api.w.org\/{rel}","templated":true}]}}