{"id":21547,"date":"2023-12-07T18:42:15","date_gmt":"2023-12-07T21:42:15","guid":{"rendered":"https:\/\/gamestore.com.uy\/store\/?post_type=product&#038;p=21547"},"modified":"2024-10-26T13:43:33","modified_gmt":"2024-10-26T16:43:33","slug":"snap-juego-de-mesa-6-estimulacion-chau-pantallas","status":"publish","type":"product","link":"https:\/\/gamestore.com.uy\/store\/producto\/snap-juego-de-mesa-6-estimulacion-chau-pantallas\/","title":{"rendered":"Snap Juego de Mesa +6 Estimulacion Chau Pantallas"},"content":{"rendered":"<p>Se reparten todas las cartas entre los jugadores. Cada jugador debe mezclar sus cartas y colocar el mazo boca abajo. Solo las podr\u00e1n ver cuando tengan que buscar una coincidencia. Empieza jugando el jugador de menor edad quien debe sacra una carta al azar y darla vuelta en el medio de la zona de juego. Ese jugador elige una de las dos im\u00e1genes de la carta y debe decir una palabra o frase que la describa. Despu\u00e9s, todos cuentan a la vez 1,2,3, SNAP. Todos los jugadores deben buscar entre sus cartas una imagen que coincida con la descripci\u00f3n. El primero en encontrarla debe colocar esa carta boca arriba sobre la carta del medio. Si la coincidencia es v\u00e1lida, entonces tiene que decir otra frase que describa alguna de las im\u00e1genes de esa carta. Si los jugadores NO est\u00e1n de acuerdo, se deber\u00e1 de devolver la carta y contar 1,2,3 \u00a1SNAP! La partida finaliza cuando un jugador se haya descartado de todas las cartas de su mazo.<\/p>\n","protected":false},"excerpt":{"rendered":"<p>Se reparten todas las cartas entre los jugadores. Cada jugador debe mezclar sus cartas y colocar el mazo boca abajo. Solo las podr\u00e1n ver cuando tengan que buscar una coincidencia. Empieza jugando el jugador de menor edad quien debe sacra una carta al azar y darla vuelta en el medio de la zona de juego. [&hellip;]<\/p>\n","protected":false},"featured_media":21548,"template":"","meta":[],"pwb-brand":[],"product_brand":[],"product_cat":[133,131],"product_tag":[757,574,910,1003],"class_list":{"0":"post-21547","1":"product","2":"type-product","3":"status-publish","4":"has-post-thumbnail","6":"product_cat-juegos-mesa","7":"product_cat-juguetes","8":"product_tag-cumpleanos","9":"product_tag-regalitos","10":"product_tag-regalo","11":"product_tag-regalos","13":"first","14":"instock","15":"shipping-taxable","16":"purchasable","17":"product-type-simple"},"brands":[],"_links":{"self":[{"href":"https:\/\/gamestore.com.uy\/store\/wp-json\/wp\/v2\/product\/21547","targetHints":{"allow":["GET"]}}],"collection":[{"href":"https:\/\/gamestore.com.uy\/store\/wp-json\/wp\/v2\/product"}],"about":[{"href":"https:\/\/gamestore.com.uy\/store\/wp-json\/wp\/v2\/types\/product"}],"version-history":[{"count":1,"href":"https:\/\/gamestore.com.uy\/store\/wp-json\/wp\/v2\/product\/21547\/revisions"}],"predecessor-version":[{"id":21550,"href":"https:\/\/gamestore.com.uy\/store\/wp-json\/wp\/v2\/product\/21547\/revisions\/21550"}],"wp:featuredmedia":[{"embeddable":true,"href":"https:\/\/gamestore.com.uy\/store\/wp-json\/wp\/v2\/media\/21548"}],"wp:attachment":[{"href":"https:\/\/gamestore.com.uy\/store\/wp-json\/wp\/v2\/media?parent=21547"}],"wp:term":[{"taxonomy":"pwb-brand","embeddable":true,"href":"https:\/\/gamestore.com.uy\/store\/wp-json\/wp\/v2\/pwb-brand?post=21547"},{"taxonomy":"product_brand","embeddable":true,"href":"https:\/\/gamestore.com.uy\/store\/wp-json\/wp\/v2\/product_brand?post=21547"},{"taxonomy":"product_cat","embeddable":true,"href":"https:\/\/gamestore.com.uy\/store\/wp-json\/wp\/v2\/product_cat?post=21547"},{"taxonomy":"product_tag","embeddable":true,"href":"https:\/\/gamestore.com.uy\/store\/wp-json\/wp\/v2\/product_tag?post=21547"}],"curies":[{"name":"wp","href":"https:\/\/api.w.org\/{rel}","templated":true}]}}