{"id":22927,"date":"2024-04-25T17:53:45","date_gmt":"2024-04-25T20:53:45","guid":{"rendered":"https:\/\/gamestore.com.uy\/store\/?post_type=product&#038;p=22927"},"modified":"2024-12-08T01:09:37","modified_gmt":"2024-12-08T04:09:37","slug":"generala-juegos-de-mesa-clasicos-royal","status":"publish","type":"product","link":"https:\/\/gamestore.com.uy\/store\/producto\/generala-juegos-de-mesa-clasicos-royal\/","title":{"rendered":"Situaci\u00f3n L\u00edmite Juego de Mesa Didacta"},"content":{"rendered":"<p>Original y emocionante juego de competici\u00f3n en el que los sentimientos y creencias de los jugadores se ponen encima de la mesa. En cada tarjeta se plantea una situaci\u00f3n ante la cual hay cuatro alternativas de respuesta, ni una m\u00e1s.<\/p>\n<p>Cada jugador deber\u00e1 responder sinceramente y escoger la alternativa que m\u00e1s se ajuste a su car\u00e1cter. No es posible mentir, ya que sus compa\u00f1eros de juego tambi\u00e9n deber\u00e1n adivinar qu\u00e9 har\u00eda cada jugador ante una Situaci\u00f3n L\u00edmite. Si aciertan, permitir\u00e1n el avance por las casillas del tablero. Ganar\u00e1 el primero que llegue al final del recorrido.<\/p>\n<p>Edad: 14 a\u00f1os en adelante<\/p>\n<p>Cantidad de jugadores: 2 a 6 jugadores<\/p>\n<p>Contenido: Tablero, 288 cartas, tarjetas, peones<\/p>\n<p>Medidas: 37 x 27 x 5 cm<\/p>\n","protected":false},"excerpt":{"rendered":"<p>Original y emocionante juego de competici\u00f3n en el que los sentimientos y creencias de los jugadores se ponen encima de la mesa. En cada tarjeta se plantea una situaci\u00f3n ante la cual hay cuatro alternativas de respuesta, ni una m\u00e1s. Cada jugador deber\u00e1 responder sinceramente y escoger la alternativa que m\u00e1s se ajuste a su [&hellip;]<\/p>\n","protected":false},"featured_media":26743,"template":"","meta":[],"pwb-brand":[],"product_brand":[],"product_cat":[133,131],"product_tag":[],"class_list":{"0":"post-22927","1":"product","2":"type-product","3":"status-publish","4":"has-post-thumbnail","6":"product_cat-juegos-mesa","7":"product_cat-juguetes","9":"first","10":"instock","11":"shipping-taxable","12":"purchasable","13":"product-type-simple"},"brands":[],"_links":{"self":[{"href":"https:\/\/gamestore.com.uy\/store\/wp-json\/wp\/v2\/product\/22927","targetHints":{"allow":["GET"]}}],"collection":[{"href":"https:\/\/gamestore.com.uy\/store\/wp-json\/wp\/v2\/product"}],"about":[{"href":"https:\/\/gamestore.com.uy\/store\/wp-json\/wp\/v2\/types\/product"}],"version-history":[{"count":3,"href":"https:\/\/gamestore.com.uy\/store\/wp-json\/wp\/v2\/product\/22927\/revisions"}],"predecessor-version":[{"id":26745,"href":"https:\/\/gamestore.com.uy\/store\/wp-json\/wp\/v2\/product\/22927\/revisions\/26745"}],"wp:featuredmedia":[{"embeddable":true,"href":"https:\/\/gamestore.com.uy\/store\/wp-json\/wp\/v2\/media\/26743"}],"wp:attachment":[{"href":"https:\/\/gamestore.com.uy\/store\/wp-json\/wp\/v2\/media?parent=22927"}],"wp:term":[{"taxonomy":"pwb-brand","embeddable":true,"href":"https:\/\/gamestore.com.uy\/store\/wp-json\/wp\/v2\/pwb-brand?post=22927"},{"taxonomy":"product_brand","embeddable":true,"href":"https:\/\/gamestore.com.uy\/store\/wp-json\/wp\/v2\/product_brand?post=22927"},{"taxonomy":"product_cat","embeddable":true,"href":"https:\/\/gamestore.com.uy\/store\/wp-json\/wp\/v2\/product_cat?post=22927"},{"taxonomy":"product_tag","embeddable":true,"href":"https:\/\/gamestore.com.uy\/store\/wp-json\/wp\/v2\/product_tag?post=22927"}],"curies":[{"name":"wp","href":"https:\/\/api.w.org\/{rel}","templated":true}]}}