{"id":22976,"date":"2024-04-25T19:05:57","date_gmt":"2024-04-25T22:05:57","guid":{"rendered":"https:\/\/gamestore.com.uy\/store\/?post_type=product&#038;p=22976"},"modified":"2025-06-20T15:28:48","modified_gmt":"2025-06-20T18:28:48","slug":"futbol-manager-juego-de-mesa-royal","status":"publish","type":"product","link":"https:\/\/gamestore.com.uy\/store\/producto\/futbol-manager-juego-de-mesa-royal\/","title":{"rendered":"Futbol Manager Juego de Mesa Royal"},"content":{"rendered":"<p>Aprende a dirigir tus propios clubes. Podr\u00e1s comprar, vender, ganar premios y esperar que la pr\u00f3xima tarjeta amarilla que te saquen no te depare m\u00e1s gastos. Un juego para quienes buscan divertirse uni\u00e9ndose a la pasi\u00f3n del f\u00fatbol. Los m\u00e1s grandes equipos ser\u00e1n tus aliados, incluso podr\u00e1s manejar al equipo de tus sue\u00f1os. Contiene: 1 tablero, peones, dados, juego de billetes, juego de t\u00edtulos de propiedad de clubes, tarjetas rojas y amarillas y balones.<\/p>\n","protected":false},"excerpt":{"rendered":"<p>Aprende a dirigir tus propios clubes. Podr\u00e1s comprar, vender, ganar premios y esperar que la pr\u00f3xima tarjeta amarilla que te saquen no te depare m\u00e1s gastos. Un juego para quienes buscan divertirse uni\u00e9ndose a la pasi\u00f3n del f\u00fatbol. Los m\u00e1s grandes equipos ser\u00e1n tus aliados, incluso podr\u00e1s manejar al equipo de tus sue\u00f1os. Contiene: 1 [&hellip;]<\/p>\n","protected":false},"featured_media":22978,"template":"","meta":[],"pwb-brand":[],"product_brand":[],"product_cat":[133,131],"product_tag":[],"class_list":{"0":"post-22976","1":"product","2":"type-product","3":"status-publish","4":"has-post-thumbnail","6":"product_cat-juegos-mesa","7":"product_cat-juguetes","9":"first","10":"instock","11":"shipping-taxable","12":"purchasable","13":"product-type-simple"},"brands":[],"_links":{"self":[{"href":"https:\/\/gamestore.com.uy\/store\/wp-json\/wp\/v2\/product\/22976","targetHints":{"allow":["GET"]}}],"collection":[{"href":"https:\/\/gamestore.com.uy\/store\/wp-json\/wp\/v2\/product"}],"about":[{"href":"https:\/\/gamestore.com.uy\/store\/wp-json\/wp\/v2\/types\/product"}],"version-history":[{"count":1,"href":"https:\/\/gamestore.com.uy\/store\/wp-json\/wp\/v2\/product\/22976\/revisions"}],"predecessor-version":[{"id":22977,"href":"https:\/\/gamestore.com.uy\/store\/wp-json\/wp\/v2\/product\/22976\/revisions\/22977"}],"wp:featuredmedia":[{"embeddable":true,"href":"https:\/\/gamestore.com.uy\/store\/wp-json\/wp\/v2\/media\/22978"}],"wp:attachment":[{"href":"https:\/\/gamestore.com.uy\/store\/wp-json\/wp\/v2\/media?parent=22976"}],"wp:term":[{"taxonomy":"pwb-brand","embeddable":true,"href":"https:\/\/gamestore.com.uy\/store\/wp-json\/wp\/v2\/pwb-brand?post=22976"},{"taxonomy":"product_brand","embeddable":true,"href":"https:\/\/gamestore.com.uy\/store\/wp-json\/wp\/v2\/product_brand?post=22976"},{"taxonomy":"product_cat","embeddable":true,"href":"https:\/\/gamestore.com.uy\/store\/wp-json\/wp\/v2\/product_cat?post=22976"},{"taxonomy":"product_tag","embeddable":true,"href":"https:\/\/gamestore.com.uy\/store\/wp-json\/wp\/v2\/product_tag?post=22976"}],"curies":[{"name":"wp","href":"https:\/\/api.w.org\/{rel}","templated":true}]}}