{"id":23491,"date":"2024-05-09T13:22:57","date_gmt":"2024-05-09T16:22:57","guid":{"rendered":"https:\/\/gamestore.com.uy\/store\/?post_type=product&#038;p=23491"},"modified":"2024-05-09T13:23:31","modified_gmt":"2024-05-09T16:23:31","slug":"juego-de-cocina-pileta-lavatorio-simulacion","status":"publish","type":"product","link":"https:\/\/gamestore.com.uy\/store\/producto\/juego-de-cocina-pileta-lavatorio-simulacion\/","title":{"rendered":"Juego de Cocina Pileta Lavatorio Simulaci\u00f3n"},"content":{"rendered":"<p>Juguete de cocina con el que el ni\u00f1o comienza a reconocer los utensilios de cocina, su funcionamiento y su utilidad. De esta forma, desarrolla su imaginaci\u00f3n asumiendo el papel de un aut\u00e9ntico chef.<\/p>\n<p>Ea un jueguete de simulaci\u00f3n, este modelo no requiere agua.<\/p>\n<p>Disponible en color celeste o rosado<\/p>\n","protected":false},"excerpt":{"rendered":"<p>Juguete de cocina con el que el ni\u00f1o comienza a reconocer los utensilios de cocina, su funcionamiento y su utilidad. De esta forma, desarrolla su imaginaci\u00f3n asumiendo el papel de un aut\u00e9ntico chef. Ea un jueguete de simulaci\u00f3n, este modelo no requiere agua. Disponible en color celeste o rosado<\/p>\n","protected":false},"featured_media":23492,"template":"","meta":[],"pwb-brand":[],"product_brand":[],"product_cat":[274,280,131,135,359],"product_tag":[535,369,533,536,534],"class_list":{"0":"post-23491","1":"product","2":"type-product","3":"status-publish","4":"has-post-thumbnail","6":"product_cat-accesorios","7":"product_cat-escenarios","8":"product_cat-juguetes","9":"product_cat-muniecos","10":"product_cat-oficios","11":"product_tag-cicinita","12":"product_tag-cocina","13":"product_tag-oficio","14":"product_tag-pileta","15":"product_tag-rol","17":"first","18":"instock","19":"shipping-taxable","20":"purchasable","21":"product-type-simple"},"brands":[],"_links":{"self":[{"href":"https:\/\/gamestore.com.uy\/store\/wp-json\/wp\/v2\/product\/23491","targetHints":{"allow":["GET"]}}],"collection":[{"href":"https:\/\/gamestore.com.uy\/store\/wp-json\/wp\/v2\/product"}],"about":[{"href":"https:\/\/gamestore.com.uy\/store\/wp-json\/wp\/v2\/types\/product"}],"version-history":[{"count":2,"href":"https:\/\/gamestore.com.uy\/store\/wp-json\/wp\/v2\/product\/23491\/revisions"}],"predecessor-version":[{"id":23494,"href":"https:\/\/gamestore.com.uy\/store\/wp-json\/wp\/v2\/product\/23491\/revisions\/23494"}],"wp:featuredmedia":[{"embeddable":true,"href":"https:\/\/gamestore.com.uy\/store\/wp-json\/wp\/v2\/media\/23492"}],"wp:attachment":[{"href":"https:\/\/gamestore.com.uy\/store\/wp-json\/wp\/v2\/media?parent=23491"}],"wp:term":[{"taxonomy":"pwb-brand","embeddable":true,"href":"https:\/\/gamestore.com.uy\/store\/wp-json\/wp\/v2\/pwb-brand?post=23491"},{"taxonomy":"product_brand","embeddable":true,"href":"https:\/\/gamestore.com.uy\/store\/wp-json\/wp\/v2\/product_brand?post=23491"},{"taxonomy":"product_cat","embeddable":true,"href":"https:\/\/gamestore.com.uy\/store\/wp-json\/wp\/v2\/product_cat?post=23491"},{"taxonomy":"product_tag","embeddable":true,"href":"https:\/\/gamestore.com.uy\/store\/wp-json\/wp\/v2\/product_tag?post=23491"}],"curies":[{"name":"wp","href":"https:\/\/api.w.org\/{rel}","templated":true}]}}