{"id":23498,"date":"2024-05-09T14:17:34","date_gmt":"2024-05-09T17:17:34","guid":{"rendered":"https:\/\/gamestore.com.uy\/store\/?post_type=product&#038;p=23498"},"modified":"2024-05-09T14:17:35","modified_gmt":"2024-05-09T17:17:35","slug":"playset-veterinaria-muneca-cutie-articulada-con-mascotas-y-accesorios","status":"publish","type":"product","link":"https:\/\/gamestore.com.uy\/store\/producto\/playset-veterinaria-muneca-cutie-articulada-con-mascotas-y-accesorios\/","title":{"rendered":"Playset Veterinaria Mu\u00f1eca Cutie Articulada con Mascotas y Accesorios"},"content":{"rendered":"<p>\u00c9ste set incluye una hermosa mu\u00f1eca articulada con 4 Mascotas Perritos y accesorios para el ba\u00f1o, comidita y diversi\u00f3n<\/p>\n","protected":false},"excerpt":{"rendered":"<p>\u00c9ste set incluye una hermosa mu\u00f1eca articulada con 4 Mascotas Perritos y accesorios para el ba\u00f1o, comidita y diversi\u00f3n<\/p>\n","protected":false},"featured_media":23499,"template":"","meta":[],"pwb-brand":[],"product_brand":[],"product_cat":[274,280,131,135,359],"product_tag":[545,544,192,542,543],"class_list":{"0":"post-23498","1":"product","2":"type-product","3":"status-publish","4":"has-post-thumbnail","6":"product_cat-accesorios","7":"product_cat-escenarios","8":"product_cat-juguetes","9":"product_cat-muniecos","10":"product_cat-oficios","11":"product_tag-articulada","12":"product_tag-mascota","13":"product_tag-munecas","14":"product_tag-perrito","15":"product_tag-veterinaria","17":"first","18":"instock","19":"shipping-taxable","20":"purchasable","21":"product-type-simple"},"brands":[],"_links":{"self":[{"href":"https:\/\/gamestore.com.uy\/store\/wp-json\/wp\/v2\/product\/23498","targetHints":{"allow":["GET"]}}],"collection":[{"href":"https:\/\/gamestore.com.uy\/store\/wp-json\/wp\/v2\/product"}],"about":[{"href":"https:\/\/gamestore.com.uy\/store\/wp-json\/wp\/v2\/types\/product"}],"version-history":[{"count":1,"href":"https:\/\/gamestore.com.uy\/store\/wp-json\/wp\/v2\/product\/23498\/revisions"}],"predecessor-version":[{"id":23501,"href":"https:\/\/gamestore.com.uy\/store\/wp-json\/wp\/v2\/product\/23498\/revisions\/23501"}],"wp:featuredmedia":[{"embeddable":true,"href":"https:\/\/gamestore.com.uy\/store\/wp-json\/wp\/v2\/media\/23499"}],"wp:attachment":[{"href":"https:\/\/gamestore.com.uy\/store\/wp-json\/wp\/v2\/media?parent=23498"}],"wp:term":[{"taxonomy":"pwb-brand","embeddable":true,"href":"https:\/\/gamestore.com.uy\/store\/wp-json\/wp\/v2\/pwb-brand?post=23498"},{"taxonomy":"product_brand","embeddable":true,"href":"https:\/\/gamestore.com.uy\/store\/wp-json\/wp\/v2\/product_brand?post=23498"},{"taxonomy":"product_cat","embeddable":true,"href":"https:\/\/gamestore.com.uy\/store\/wp-json\/wp\/v2\/product_cat?post=23498"},{"taxonomy":"product_tag","embeddable":true,"href":"https:\/\/gamestore.com.uy\/store\/wp-json\/wp\/v2\/product_tag?post=23498"}],"curies":[{"name":"wp","href":"https:\/\/api.w.org\/{rel}","templated":true}]}}