{"id":23838,"date":"2024-06-12T14:19:35","date_gmt":"2024-06-12T17:19:35","guid":{"rendered":"https:\/\/gamestore.com.uy\/store\/?post_type=product&#038;p=23838"},"modified":"2026-02-28T18:38:53","modified_gmt":"2026-02-28T21:38:53","slug":"rainbocorns-eggzania-surprise-mascota-mega-peluche-huevos-sorpresas","status":"publish","type":"product","link":"https:\/\/gamestore.com.uy\/store\/producto\/rainbocorns-eggzania-surprise-mascota-mega-peluche-huevos-sorpresas\/","title":{"rendered":"Rainbocorns Eggzania Surprise Mascota Mega Peluche Huevos Sorpresas"},"content":{"rendered":"<p><span class=\"a-list-item\">M\u00e1s de 20 sorpresas para descubrir. : Rainbocorns Eggzania est\u00e1 repleto de m\u00e1s de 20 sorpresas inmejorables. Rompe tu huevo para conocer tu nuevo peluche Eggzania, 5 mini sorpresas de huevo, slime Yolkie, chistes Yolkie y accesorios port\u00e1tiles como anillos, sellos, pulseras y calcoman\u00edas Este huevo rezuma sorpresas tan adorables esperando a ser eclosionado<\/span><\/p>\n","protected":false},"excerpt":{"rendered":"<p>M\u00e1s de 20 sorpresas para descubrir. : Rainbocorns Eggzania est\u00e1 repleto de m\u00e1s de 20 sorpresas inmejorables. Rompe tu huevo para conocer tu nuevo peluche Eggzania, 5 mini sorpresas de huevo, slime Yolkie, chistes Yolkie y accesorios port\u00e1tiles como anillos, sellos, pulseras y calcoman\u00edas Este huevo rezuma sorpresas tan adorables esperando a ser eclosionado<\/p>\n","protected":false},"featured_media":23839,"template":"","meta":[],"pwb-brand":[2078,682,2075],"product_brand":[],"product_cat":[274,136,131,135],"product_tag":[429,625,672,673,242,671],"class_list":{"0":"post-23838","1":"product","2":"type-product","3":"status-publish","4":"has-post-thumbnail","6":"pwb-brand-5-surprise","7":"pwb-brand-rainbowcorns","8":"pwb-brand-zuru","9":"product_cat-accesorios","10":"product_cat-coleccionables","11":"product_cat-juguetes","12":"product_cat-muniecos","13":"product_tag-animales","14":"product_tag-animalitos","15":"product_tag-huevos","16":"product_tag-mascotas","17":"product_tag-peluche","18":"product_tag-sorpresa","20":"first","21":"instock","22":"shipping-taxable","23":"purchasable","24":"product-type-simple"},"brands":[{"id":2078,"name":"5 SURPRISE","slug":"5-surprise"},{"id":682,"name":"Rainbowcorns","slug":"rainbowcorns"},{"id":2075,"name":"ZURU","slug":"zuru"}],"_links":{"self":[{"href":"https:\/\/gamestore.com.uy\/store\/wp-json\/wp\/v2\/product\/23838","targetHints":{"allow":["GET"]}}],"collection":[{"href":"https:\/\/gamestore.com.uy\/store\/wp-json\/wp\/v2\/product"}],"about":[{"href":"https:\/\/gamestore.com.uy\/store\/wp-json\/wp\/v2\/types\/product"}],"version-history":[{"count":2,"href":"https:\/\/gamestore.com.uy\/store\/wp-json\/wp\/v2\/product\/23838\/revisions"}],"predecessor-version":[{"id":23846,"href":"https:\/\/gamestore.com.uy\/store\/wp-json\/wp\/v2\/product\/23838\/revisions\/23846"}],"wp:featuredmedia":[{"embeddable":true,"href":"https:\/\/gamestore.com.uy\/store\/wp-json\/wp\/v2\/media\/23839"}],"wp:attachment":[{"href":"https:\/\/gamestore.com.uy\/store\/wp-json\/wp\/v2\/media?parent=23838"}],"wp:term":[{"taxonomy":"pwb-brand","embeddable":true,"href":"https:\/\/gamestore.com.uy\/store\/wp-json\/wp\/v2\/pwb-brand?post=23838"},{"taxonomy":"product_brand","embeddable":true,"href":"https:\/\/gamestore.com.uy\/store\/wp-json\/wp\/v2\/product_brand?post=23838"},{"taxonomy":"product_cat","embeddable":true,"href":"https:\/\/gamestore.com.uy\/store\/wp-json\/wp\/v2\/product_cat?post=23838"},{"taxonomy":"product_tag","embeddable":true,"href":"https:\/\/gamestore.com.uy\/store\/wp-json\/wp\/v2\/product_tag?post=23838"}],"curies":[{"name":"wp","href":"https:\/\/api.w.org\/{rel}","templated":true}]}}