{"id":23877,"date":"2024-06-12T17:11:14","date_gmt":"2024-06-12T20:11:14","guid":{"rendered":"https:\/\/gamestore.com.uy\/store\/?post_type=product&#038;p=23877"},"modified":"2026-02-28T18:36:38","modified_gmt":"2026-02-28T21:36:38","slug":"arana-tarantula-gigante-robotica-robo-alive-zuru","status":"publish","type":"product","link":"https:\/\/gamestore.com.uy\/store\/producto\/arana-tarantula-gigante-robotica-robo-alive-zuru\/","title":{"rendered":"Ara\u00f1a Tarantula Gigante Rob\u00f3tica Robo Alive Zuru"},"content":{"rendered":"<p>Unite a la aventura de Robo Alive con su lado salvaje!<br \/>\nLa Tar\u00e1ntula Gigante con su tecnolog\u00eda de movimiento inteligente y detalles espeluznantes imita a una ara\u00f1a real.<\/p>\n","protected":false},"excerpt":{"rendered":"<p>Unite a la aventura de Robo Alive con su lado salvaje! La Tar\u00e1ntula Gigante con su tecnolog\u00eda de movimiento inteligente y detalles espeluznantes imita a una ara\u00f1a real.<\/p>\n","protected":false},"featured_media":23878,"template":"","meta":[],"pwb-brand":[675,2075],"product_brand":[],"product_cat":[131,135,266],"product_tag":[],"class_list":{"0":"post-23877","1":"product","2":"type-product","3":"status-publish","4":"has-post-thumbnail","6":"pwb-brand-roboalive","7":"pwb-brand-zuru","8":"product_cat-juguetes","9":"product_cat-muniecos","10":"product_cat-robots","12":"first","13":"instock","14":"shipping-taxable","15":"purchasable","16":"product-type-simple"},"brands":[{"id":675,"name":"RoboAlive","slug":"roboalive"},{"id":2075,"name":"ZURU","slug":"zuru"}],"_links":{"self":[{"href":"https:\/\/gamestore.com.uy\/store\/wp-json\/wp\/v2\/product\/23877","targetHints":{"allow":["GET"]}}],"collection":[{"href":"https:\/\/gamestore.com.uy\/store\/wp-json\/wp\/v2\/product"}],"about":[{"href":"https:\/\/gamestore.com.uy\/store\/wp-json\/wp\/v2\/types\/product"}],"version-history":[{"count":1,"href":"https:\/\/gamestore.com.uy\/store\/wp-json\/wp\/v2\/product\/23877\/revisions"}],"predecessor-version":[{"id":23880,"href":"https:\/\/gamestore.com.uy\/store\/wp-json\/wp\/v2\/product\/23877\/revisions\/23880"}],"wp:featuredmedia":[{"embeddable":true,"href":"https:\/\/gamestore.com.uy\/store\/wp-json\/wp\/v2\/media\/23878"}],"wp:attachment":[{"href":"https:\/\/gamestore.com.uy\/store\/wp-json\/wp\/v2\/media?parent=23877"}],"wp:term":[{"taxonomy":"pwb-brand","embeddable":true,"href":"https:\/\/gamestore.com.uy\/store\/wp-json\/wp\/v2\/pwb-brand?post=23877"},{"taxonomy":"product_brand","embeddable":true,"href":"https:\/\/gamestore.com.uy\/store\/wp-json\/wp\/v2\/product_brand?post=23877"},{"taxonomy":"product_cat","embeddable":true,"href":"https:\/\/gamestore.com.uy\/store\/wp-json\/wp\/v2\/product_cat?post=23877"},{"taxonomy":"product_tag","embeddable":true,"href":"https:\/\/gamestore.com.uy\/store\/wp-json\/wp\/v2\/product_tag?post=23877"}],"curies":[{"name":"wp","href":"https:\/\/api.w.org\/{rel}","templated":true}]}}