{"id":23884,"date":"2024-06-12T17:23:03","date_gmt":"2024-06-12T20:23:03","guid":{"rendered":"https:\/\/gamestore.com.uy\/store\/?post_type=product&#038;p=23884"},"modified":"2026-02-28T18:38:51","modified_gmt":"2026-02-28T21:38:51","slug":"camion-smashers-monster-trucks-25-sorpresas-y-sonidos-zuru","status":"publish","type":"product","link":"https:\/\/gamestore.com.uy\/store\/producto\/camion-smashers-monster-trucks-25-sorpresas-y-sonidos-zuru\/","title":{"rendered":"Cami\u00f3n Smashers Monster Trucks 25 Sorpresas y Sonidos Zuru"},"content":{"rendered":"<p>Prep\u00e1rate para construir, correr, chocar y aplastar con Smashers Monster Truck Surprise! \u00c1brete camino a trav\u00e9s de arena y limo para descubrir y construir tu Monster Truck. Prepara a tu conductor antes de SMASH a trav\u00e9s de 25 sorpresas \u00e9picas<\/p>\n","protected":false},"excerpt":{"rendered":"<p>Prep\u00e1rate para construir, correr, chocar y aplastar con Smashers Monster Truck Surprise! \u00c1brete camino a trav\u00e9s de arena y limo para descubrir y construir tu Monster Truck. Prepara a tu conductor antes de SMASH a trav\u00e9s de 25 sorpresas \u00e9picas<\/p>\n","protected":false},"featured_media":23885,"template":"","meta":[],"pwb-brand":[2078,681,2075],"product_brand":[],"product_cat":[274,136,280,131,135,156],"product_tag":[377,674],"class_list":{"0":"post-23884","1":"product","2":"type-product","3":"status-publish","4":"has-post-thumbnail","6":"pwb-brand-5-surprise","7":"pwb-brand-smashers","8":"pwb-brand-zuru","9":"product_cat-accesorios","10":"product_cat-coleccionables","11":"product_cat-escenarios","12":"product_cat-juguetes","13":"product_cat-muniecos","14":"product_cat-vehiculos","15":"product_tag-auto","16":"product_tag-surprise","18":"first","19":"instock","20":"shipping-taxable","21":"purchasable","22":"product-type-simple"},"brands":[{"id":2078,"name":"5 SURPRISE","slug":"5-surprise"},{"id":681,"name":"Smashers","slug":"smashers"},{"id":2075,"name":"ZURU","slug":"zuru"}],"_links":{"self":[{"href":"https:\/\/gamestore.com.uy\/store\/wp-json\/wp\/v2\/product\/23884","targetHints":{"allow":["GET"]}}],"collection":[{"href":"https:\/\/gamestore.com.uy\/store\/wp-json\/wp\/v2\/product"}],"about":[{"href":"https:\/\/gamestore.com.uy\/store\/wp-json\/wp\/v2\/types\/product"}],"version-history":[{"count":1,"href":"https:\/\/gamestore.com.uy\/store\/wp-json\/wp\/v2\/product\/23884\/revisions"}],"predecessor-version":[{"id":23892,"href":"https:\/\/gamestore.com.uy\/store\/wp-json\/wp\/v2\/product\/23884\/revisions\/23892"}],"wp:featuredmedia":[{"embeddable":true,"href":"https:\/\/gamestore.com.uy\/store\/wp-json\/wp\/v2\/media\/23885"}],"wp:attachment":[{"href":"https:\/\/gamestore.com.uy\/store\/wp-json\/wp\/v2\/media?parent=23884"}],"wp:term":[{"taxonomy":"pwb-brand","embeddable":true,"href":"https:\/\/gamestore.com.uy\/store\/wp-json\/wp\/v2\/pwb-brand?post=23884"},{"taxonomy":"product_brand","embeddable":true,"href":"https:\/\/gamestore.com.uy\/store\/wp-json\/wp\/v2\/product_brand?post=23884"},{"taxonomy":"product_cat","embeddable":true,"href":"https:\/\/gamestore.com.uy\/store\/wp-json\/wp\/v2\/product_cat?post=23884"},{"taxonomy":"product_tag","embeddable":true,"href":"https:\/\/gamestore.com.uy\/store\/wp-json\/wp\/v2\/product_tag?post=23884"}],"curies":[{"name":"wp","href":"https:\/\/api.w.org\/{rel}","templated":true}]}}