{"id":23893,"date":"2024-06-12T17:27:40","date_gmt":"2024-06-12T20:27:40","guid":{"rendered":"https:\/\/gamestore.com.uy\/store\/?post_type=product&#038;p=23893"},"modified":"2025-06-06T14:08:32","modified_gmt":"2025-06-06T17:08:32","slug":"huevo-dino-fosil-con-sorpresas-dinosaurio-robo-alive","status":"publish","type":"product","link":"https:\/\/gamestore.com.uy\/store\/producto\/huevo-dino-fosil-con-sorpresas-dinosaurio-robo-alive\/","title":{"rendered":"Huevo Dino F\u00f3sil con Sorpresas Dinosaurio Robo Alive"},"content":{"rendered":"<p>Excava tu dinosaurio a trav\u00e9s de roca, arena y limo utilizando la herramienta de excavaci\u00f3n encontrar todas las piezas de Dino Fossil.<\/p>\n<p>Est\u00e1 vivo: Monta las piezas de f\u00f3siles dar vida a tu esqueleto de dinosaurio<\/p>\n<p>Luces y sonidos de dinosaurio: Una vez montado, este esqueleto de dinosaurio cobra vida Tira de la cola de los dinosaurios ver sus ojos iluminados y deja salir un temible rugido de dinosaurio<!--\/data\/user\/0\/com.samsung.android.app.notes\/files\/clipdata\/clipdata_bodytext_240614_184205_784.sdocx--><\/p>\n<p>&nbsp;<\/p>\n<p>Unite a la aventura de Robo Alive con tu Huevo Dino F\u00f3sil!<br \/>\nExcav\u00e1 entre las rocas para encontrar los f\u00f3siles de dinosaurios sorpresa!<br \/>\nQu\u00e9 dinosaurios prehist\u00f3ricos encontrar\u00e1s?<\/p>\n","protected":false},"excerpt":{"rendered":"<p>Excava tu dinosaurio a trav\u00e9s de roca, arena y limo utilizando la herramienta de excavaci\u00f3n encontrar todas las piezas de Dino Fossil. Est\u00e1 vivo: Monta las piezas de f\u00f3siles dar vida a tu esqueleto de dinosaurio Luces y sonidos de dinosaurio: Una vez montado, este esqueleto de dinosaurio cobra vida Tira de la cola de [&hellip;]<\/p>\n","protected":false},"featured_media":24082,"template":"","meta":[],"pwb-brand":[675],"product_brand":[],"product_cat":[274,136,161,131,135,266],"product_tag":[],"class_list":{"0":"post-23893","1":"product","2":"type-product","3":"status-publish","4":"has-post-thumbnail","6":"pwb-brand-roboalive","7":"product_cat-accesorios","8":"product_cat-coleccionables","9":"product_cat-construccion","10":"product_cat-juguetes","11":"product_cat-muniecos","12":"product_cat-robots","14":"first","15":"instock","16":"shipping-taxable","17":"purchasable","18":"product-type-simple"},"brands":[{"id":675,"name":"RoboAlive","slug":"roboalive"}],"_links":{"self":[{"href":"https:\/\/gamestore.com.uy\/store\/wp-json\/wp\/v2\/product\/23893","targetHints":{"allow":["GET"]}}],"collection":[{"href":"https:\/\/gamestore.com.uy\/store\/wp-json\/wp\/v2\/product"}],"about":[{"href":"https:\/\/gamestore.com.uy\/store\/wp-json\/wp\/v2\/types\/product"}],"version-history":[{"count":3,"href":"https:\/\/gamestore.com.uy\/store\/wp-json\/wp\/v2\/product\/23893\/revisions"}],"predecessor-version":[{"id":24088,"href":"https:\/\/gamestore.com.uy\/store\/wp-json\/wp\/v2\/product\/23893\/revisions\/24088"}],"wp:featuredmedia":[{"embeddable":true,"href":"https:\/\/gamestore.com.uy\/store\/wp-json\/wp\/v2\/media\/24082"}],"wp:attachment":[{"href":"https:\/\/gamestore.com.uy\/store\/wp-json\/wp\/v2\/media?parent=23893"}],"wp:term":[{"taxonomy":"pwb-brand","embeddable":true,"href":"https:\/\/gamestore.com.uy\/store\/wp-json\/wp\/v2\/pwb-brand?post=23893"},{"taxonomy":"product_brand","embeddable":true,"href":"https:\/\/gamestore.com.uy\/store\/wp-json\/wp\/v2\/product_brand?post=23893"},{"taxonomy":"product_cat","embeddable":true,"href":"https:\/\/gamestore.com.uy\/store\/wp-json\/wp\/v2\/product_cat?post=23893"},{"taxonomy":"product_tag","embeddable":true,"href":"https:\/\/gamestore.com.uy\/store\/wp-json\/wp\/v2\/product_tag?post=23893"}],"curies":[{"name":"wp","href":"https:\/\/api.w.org\/{rel}","templated":true}]}}