{"id":23899,"date":"2024-06-12T18:59:04","date_gmt":"2024-06-12T21:59:04","guid":{"rendered":"https:\/\/gamestore.com.uy\/store\/?post_type=product&#038;p=23899"},"modified":"2026-02-28T18:38:51","modified_gmt":"2026-02-28T21:38:51","slug":"rainbocorns-kittycorn-surprise-huevo-sopresa-gatitos","status":"publish","type":"product","link":"https:\/\/gamestore.com.uy\/store\/producto\/rainbocorns-kittycorn-surprise-huevo-sopresa-gatitos\/","title":{"rendered":"Rainbocorns Kittycorn Surprise Huevo Sopresa Gatitos"},"content":{"rendered":"<p>Conoce a los gatitos m\u00e1s lindos de Rainboville con la sorpresa Rainbocorns Kittycorn! \u00a1Estos tiernos gatitos est\u00e1n llenos de sorpresas que querr\u00e1s abrir ahora mismo! Abre el huevo Kittycorn para revelar un Kittycorns perfecto con pegatinas, gu\u00eda para coleccionistas, compuesto de arena para gatos Kittycorn y unos Kitty Boo-Boocorns tan lindos. Con 7 Kittycorns para coleccionar, \u00bfadoptar\u00e1s a Lucky, Clover, Pippa o Dixie? \u00a1Pela y revela el coraz\u00f3n de tu gatito para revelar lo que ama, luego apaga las luces para ver sus ojos de gatito brillar en la oscuridad! \u00a1Estos Kittycorns est\u00e1n llenos de personalidad y no pueden esperar a ser tu nuevo amigo peludo! \u00bfQu\u00e9 gatito adoptar\u00e1s?<\/p>\n","protected":false},"excerpt":{"rendered":"<p>Conoce a los gatitos m\u00e1s lindos de Rainboville con la sorpresa Rainbocorns Kittycorn! \u00a1Estos tiernos gatitos est\u00e1n llenos de sorpresas que querr\u00e1s abrir ahora mismo! Abre el huevo Kittycorn para revelar un Kittycorns perfecto con pegatinas, gu\u00eda para coleccionistas, compuesto de arena para gatos Kittycorn y unos Kitty Boo-Boocorns tan lindos. Con 7 Kittycorns para [&hellip;]<\/p>\n","protected":false},"featured_media":23906,"template":"","meta":[],"pwb-brand":[2078,682,2075],"product_brand":[],"product_cat":[274,136,131,135],"product_tag":[242],"class_list":{"0":"post-23899","1":"product","2":"type-product","3":"status-publish","4":"has-post-thumbnail","6":"pwb-brand-5-surprise","7":"pwb-brand-rainbowcorns","8":"pwb-brand-zuru","9":"product_cat-accesorios","10":"product_cat-coleccionables","11":"product_cat-juguetes","12":"product_cat-muniecos","13":"product_tag-peluche","15":"first","16":"instock","17":"shipping-taxable","18":"purchasable","19":"product-type-simple"},"brands":[{"id":2078,"name":"5 SURPRISE","slug":"5-surprise"},{"id":682,"name":"Rainbowcorns","slug":"rainbowcorns"},{"id":2075,"name":"ZURU","slug":"zuru"}],"_links":{"self":[{"href":"https:\/\/gamestore.com.uy\/store\/wp-json\/wp\/v2\/product\/23899","targetHints":{"allow":["GET"]}}],"collection":[{"href":"https:\/\/gamestore.com.uy\/store\/wp-json\/wp\/v2\/product"}],"about":[{"href":"https:\/\/gamestore.com.uy\/store\/wp-json\/wp\/v2\/types\/product"}],"version-history":[{"count":1,"href":"https:\/\/gamestore.com.uy\/store\/wp-json\/wp\/v2\/product\/23899\/revisions"}],"predecessor-version":[{"id":23915,"href":"https:\/\/gamestore.com.uy\/store\/wp-json\/wp\/v2\/product\/23899\/revisions\/23915"}],"wp:featuredmedia":[{"embeddable":true,"href":"https:\/\/gamestore.com.uy\/store\/wp-json\/wp\/v2\/media\/23906"}],"wp:attachment":[{"href":"https:\/\/gamestore.com.uy\/store\/wp-json\/wp\/v2\/media?parent=23899"}],"wp:term":[{"taxonomy":"pwb-brand","embeddable":true,"href":"https:\/\/gamestore.com.uy\/store\/wp-json\/wp\/v2\/pwb-brand?post=23899"},{"taxonomy":"product_brand","embeddable":true,"href":"https:\/\/gamestore.com.uy\/store\/wp-json\/wp\/v2\/product_brand?post=23899"},{"taxonomy":"product_cat","embeddable":true,"href":"https:\/\/gamestore.com.uy\/store\/wp-json\/wp\/v2\/product_cat?post=23899"},{"taxonomy":"product_tag","embeddable":true,"href":"https:\/\/gamestore.com.uy\/store\/wp-json\/wp\/v2\/product_tag?post=23899"}],"curies":[{"name":"wp","href":"https:\/\/api.w.org\/{rel}","templated":true}]}}