{"id":24035,"date":"2024-06-13T14:48:50","date_gmt":"2024-06-13T17:48:50","guid":{"rendered":"https:\/\/gamestore.com.uy\/store\/?post_type=product&#038;p=24035"},"modified":"2026-02-28T18:38:45","modified_gmt":"2026-02-28T21:38:45","slug":"casa-del-arbol-driver-surprise-playset","status":"publish","type":"product","link":"https:\/\/gamestore.com.uy\/store\/producto\/casa-del-arbol-driver-surprise-playset\/","title":{"rendered":"Casa del \u00c1rbol Diver Surprise Playset"},"content":{"rendered":"<p>Con Diver Surprise los ni\u00f1os tendr\u00e1n en casa la casa del \u00e1rbol que so\u00f1aron! Deja que tu imaginaci\u00f3n te lleve al \u00e1rbol m\u00e1s alto.<br \/>\nLas experiencias de los ni\u00f1os ser\u00e1n incre\u00edbles! Su dise\u00f1o fomenta la creatividad y la imaginaci\u00f3n. Hay 3 bolsas con sorpresas con piezas de muebles y 1 modelo de mu\u00f1eca s\u00faper linda<!--\/data\/user\/0\/com.samsung.android.app.notes\/files\/clipdata\/clipdata_bodytext_240613_144031_605.sdocx--><\/p>\n","protected":false},"excerpt":{"rendered":"<p>Con Diver Surprise los ni\u00f1os tendr\u00e1n en casa la casa del \u00e1rbol que so\u00f1aron! Deja que tu imaginaci\u00f3n te lleve al \u00e1rbol m\u00e1s alto. Las experiencias de los ni\u00f1os ser\u00e1n incre\u00edbles! Su dise\u00f1o fomenta la creatividad y la imaginaci\u00f3n. Hay 3 bolsas con sorpresas con piezas de muebles y 1 modelo de mu\u00f1eca s\u00faper linda<\/p>\n","protected":false},"featured_media":24036,"template":"","meta":[],"pwb-brand":[2078,687,2075],"product_brand":[],"product_cat":[274,136,280,131,135,359],"product_tag":[532,530,531,589,192,368,281,550,671,710],"class_list":{"0":"post-24035","1":"product","2":"type-product","3":"status-publish","4":"has-post-thumbnail","6":"pwb-brand-5-surprise","7":"pwb-brand-diver-surprise","8":"pwb-brand-zuru","9":"product_cat-accesorios","10":"product_cat-coleccionables","11":"product_cat-escenarios","12":"product_cat-juguetes","13":"product_cat-muniecos","14":"product_cat-oficios","15":"product_tag-casa","16":"product_tag-casita","17":"product_tag-muebles","18":"product_tag-muneca","19":"product_tag-munecas","20":"product_tag-ninas","21":"product_tag-playset","22":"product_tag-set","23":"product_tag-sorpresa","24":"product_tag-sorpresas","26":"first","27":"instock","28":"sale","29":"shipping-taxable","30":"purchasable","31":"product-type-simple"},"brands":[{"id":2078,"name":"5 SURPRISE","slug":"5-surprise"},{"id":687,"name":"DIVER SURPRISE","slug":"diver-surprise"},{"id":2075,"name":"ZURU","slug":"zuru"}],"_links":{"self":[{"href":"https:\/\/gamestore.com.uy\/store\/wp-json\/wp\/v2\/product\/24035","targetHints":{"allow":["GET"]}}],"collection":[{"href":"https:\/\/gamestore.com.uy\/store\/wp-json\/wp\/v2\/product"}],"about":[{"href":"https:\/\/gamestore.com.uy\/store\/wp-json\/wp\/v2\/types\/product"}],"version-history":[{"count":2,"href":"https:\/\/gamestore.com.uy\/store\/wp-json\/wp\/v2\/product\/24035\/revisions"}],"predecessor-version":[{"id":24365,"href":"https:\/\/gamestore.com.uy\/store\/wp-json\/wp\/v2\/product\/24035\/revisions\/24365"}],"wp:featuredmedia":[{"embeddable":true,"href":"https:\/\/gamestore.com.uy\/store\/wp-json\/wp\/v2\/media\/24036"}],"wp:attachment":[{"href":"https:\/\/gamestore.com.uy\/store\/wp-json\/wp\/v2\/media?parent=24035"}],"wp:term":[{"taxonomy":"pwb-brand","embeddable":true,"href":"https:\/\/gamestore.com.uy\/store\/wp-json\/wp\/v2\/pwb-brand?post=24035"},{"taxonomy":"product_brand","embeddable":true,"href":"https:\/\/gamestore.com.uy\/store\/wp-json\/wp\/v2\/product_brand?post=24035"},{"taxonomy":"product_cat","embeddable":true,"href":"https:\/\/gamestore.com.uy\/store\/wp-json\/wp\/v2\/product_cat?post=24035"},{"taxonomy":"product_tag","embeddable":true,"href":"https:\/\/gamestore.com.uy\/store\/wp-json\/wp\/v2\/product_tag?post=24035"}],"curies":[{"name":"wp","href":"https:\/\/api.w.org\/{rel}","templated":true}]}}