{"id":24060,"date":"2024-06-14T16:08:48","date_gmt":"2024-06-14T19:08:48","guid":{"rendered":"https:\/\/gamestore.com.uy\/store\/?post_type=product&#038;p=24060"},"modified":"2024-12-11T23:48:23","modified_gmt":"2024-12-12T02:48:23","slug":"x-shot-skins-sonic-pistola-revolver-c-8-dardos","status":"publish","type":"product","link":"https:\/\/gamestore.com.uy\/store\/producto\/x-shot-skins-sonic-pistola-revolver-c-8-dardos\/","title":{"rendered":"X-Shot Skins Sonic Pistola Revolver C\/ 8 Dardos"},"content":{"rendered":"<p>Despeja tu blaster con la velocidad s\u00faper s\u00f3nica de Sonic the Hedgehog! Con una capacidad para un solo dardo y almacenamiento frontal para 2 dardos, el mecanismo f\u00e1cil de recarga significa que siempre estar\u00e1s listo para la batalla. El Flux puede alcanzar objetivos a una distancia de hasta 20 m y retrocede despu\u00e9s de cada disparo para obtener la m\u00e1xima potencia. Busca los 6 dise\u00f1os de Sonic the Hedgehog<!--\/data\/user\/0\/com.samsung.android.app.notes\/files\/clipdata\/clipdata_bodytext_240614_160216_632.sdocx--><\/p>\n","protected":false},"excerpt":{"rendered":"<p>Despeja tu blaster con la velocidad s\u00faper s\u00f3nica de Sonic the Hedgehog! Con una capacidad para un solo dardo y almacenamiento frontal para 2 dardos, el mecanismo f\u00e1cil de recarga significa que siempre estar\u00e1s listo para la batalla. El Flux puede alcanzar objetivos a una distancia de hasta 20 m y retrocede despu\u00e9s de cada [&hellip;]<\/p>\n","protected":false},"featured_media":24061,"template":"","meta":[],"pwb-brand":[],"product_brand":[],"product_cat":[132,160,131],"product_tag":[334,722,333,308,325,327,720,719,312,311,721],"class_list":{"0":"post-24060","1":"product","2":"type-product","3":"status-publish","4":"has-post-thumbnail","6":"product_cat-airelibre","7":"product_cat-armas-y-lanzadores","8":"product_cat-juguetes","9":"product_tag-dardo","10":"product_tag-lanza","11":"product_tag-lanzador","12":"product_tag-pistola","13":"product_tag-revolver","14":"product_tag-shot","15":"product_tag-skins","16":"product_tag-sonic","17":"product_tag-x-shot","18":"product_tag-xshot","19":"product_tag-zuru","21":"first","22":"instock","23":"shipping-taxable","24":"purchasable","25":"product-type-simple"},"brands":[],"_links":{"self":[{"href":"https:\/\/gamestore.com.uy\/store\/wp-json\/wp\/v2\/product\/24060","targetHints":{"allow":["GET"]}}],"collection":[{"href":"https:\/\/gamestore.com.uy\/store\/wp-json\/wp\/v2\/product"}],"about":[{"href":"https:\/\/gamestore.com.uy\/store\/wp-json\/wp\/v2\/types\/product"}],"version-history":[{"count":1,"href":"https:\/\/gamestore.com.uy\/store\/wp-json\/wp\/v2\/product\/24060\/revisions"}],"predecessor-version":[{"id":24064,"href":"https:\/\/gamestore.com.uy\/store\/wp-json\/wp\/v2\/product\/24060\/revisions\/24064"}],"wp:featuredmedia":[{"embeddable":true,"href":"https:\/\/gamestore.com.uy\/store\/wp-json\/wp\/v2\/media\/24061"}],"wp:attachment":[{"href":"https:\/\/gamestore.com.uy\/store\/wp-json\/wp\/v2\/media?parent=24060"}],"wp:term":[{"taxonomy":"pwb-brand","embeddable":true,"href":"https:\/\/gamestore.com.uy\/store\/wp-json\/wp\/v2\/pwb-brand?post=24060"},{"taxonomy":"product_brand","embeddable":true,"href":"https:\/\/gamestore.com.uy\/store\/wp-json\/wp\/v2\/product_brand?post=24060"},{"taxonomy":"product_cat","embeddable":true,"href":"https:\/\/gamestore.com.uy\/store\/wp-json\/wp\/v2\/product_cat?post=24060"},{"taxonomy":"product_tag","embeddable":true,"href":"https:\/\/gamestore.com.uy\/store\/wp-json\/wp\/v2\/product_tag?post=24060"}],"curies":[{"name":"wp","href":"https:\/\/api.w.org\/{rel}","templated":true}]}}