{"id":24300,"date":"2024-06-25T16:15:00","date_gmt":"2024-06-25T19:15:00","guid":{"rendered":"https:\/\/gamestore.com.uy\/store\/?post_type=product&#038;p=24300"},"modified":"2024-10-28T10:37:11","modified_gmt":"2024-10-28T13:37:11","slug":"heladeria-con-luz-accesorios-para-casita-de-munecas","status":"publish","type":"product","link":"https:\/\/gamestore.com.uy\/store\/producto\/heladeria-con-luz-accesorios-para-casita-de-munecas\/","title":{"rendered":"Helader\u00eda con Luz Accesorios para Casita de Mu\u00f1ecas"},"content":{"rendered":"<ul class=\"a-unordered-list a-vertical a-spacing-none\">\n<li class=\"a-spacing-mini\"><span class=\"a-list-item\">fabricado con materiales pl\u00e1sticos, duradero, los colores brillantes y las formas lindas atraen la atenci\u00f3n de los ni\u00f1os.<\/span><\/li>\n<li class=\"a-spacing-mini\"><span class=\"a-list-item\">Cami\u00f3n de helados: estimula la creatividad y la imaginaci\u00f3n de los ni\u00f1os con este juguete. proporcionar horas de diversi\u00f3n y entretenimiento para los ni\u00f1os.<\/span><\/li>\n<li>Requiere 2 Pilas AAA no incluidas<\/li>\n<\/ul>\n","protected":false},"excerpt":{"rendered":"<p>fabricado con materiales pl\u00e1sticos, duradero, los colores brillantes y las formas lindas atraen la atenci\u00f3n de los ni\u00f1os. Cami\u00f3n de helados: estimula la creatividad y la imaginaci\u00f3n de los ni\u00f1os con este juguete. proporcionar horas de diversi\u00f3n y entretenimiento para los ni\u00f1os. Requiere 2 Pilas AAA no incluidas<\/p>\n","protected":false},"featured_media":24301,"template":"","meta":[],"pwb-brand":[],"product_brand":[],"product_cat":[274,280,131,135,359,156],"product_tag":[775,838,837,532,831,369,537,836,538,835,834,757,829,828,731,832,531,589,192,666,574,910,1003,833],"class_list":{"0":"post-24300","1":"product","2":"type-product","3":"status-publish","4":"has-post-thumbnail","6":"product_cat-accesorios","7":"product_cat-escenarios","8":"product_cat-juguetes","9":"product_cat-muniecos","10":"product_cat-oficios","11":"product_cat-vehiculos","12":"product_tag-accesorios","13":"product_tag-carrito","14":"product_tag-carro","15":"product_tag-casa","16":"product_tag-casitas","17":"product_tag-cocina","18":"product_tag-cocinita","19":"product_tag-comida","20":"product_tag-comidita","21":"product_tag-conejitos","22":"product_tag-conejos","23":"product_tag-cumpleanos","24":"product_tag-helado","25":"product_tag-helados","26":"product_tag-luz","27":"product_tag-mueble","28":"product_tag-muebles","29":"product_tag-muneca","30":"product_tag-munecas","31":"product_tag-polly","32":"product_tag-regalitos","33":"product_tag-regalo","34":"product_tag-regalos","35":"product_tag-sylvanian","37":"first","38":"instock","39":"shipping-taxable","40":"purchasable","41":"product-type-simple"},"brands":[],"_links":{"self":[{"href":"https:\/\/gamestore.com.uy\/store\/wp-json\/wp\/v2\/product\/24300","targetHints":{"allow":["GET"]}}],"collection":[{"href":"https:\/\/gamestore.com.uy\/store\/wp-json\/wp\/v2\/product"}],"about":[{"href":"https:\/\/gamestore.com.uy\/store\/wp-json\/wp\/v2\/types\/product"}],"version-history":[{"count":1,"href":"https:\/\/gamestore.com.uy\/store\/wp-json\/wp\/v2\/product\/24300\/revisions"}],"predecessor-version":[{"id":24309,"href":"https:\/\/gamestore.com.uy\/store\/wp-json\/wp\/v2\/product\/24300\/revisions\/24309"}],"wp:featuredmedia":[{"embeddable":true,"href":"https:\/\/gamestore.com.uy\/store\/wp-json\/wp\/v2\/media\/24301"}],"wp:attachment":[{"href":"https:\/\/gamestore.com.uy\/store\/wp-json\/wp\/v2\/media?parent=24300"}],"wp:term":[{"taxonomy":"pwb-brand","embeddable":true,"href":"https:\/\/gamestore.com.uy\/store\/wp-json\/wp\/v2\/pwb-brand?post=24300"},{"taxonomy":"product_brand","embeddable":true,"href":"https:\/\/gamestore.com.uy\/store\/wp-json\/wp\/v2\/product_brand?post=24300"},{"taxonomy":"product_cat","embeddable":true,"href":"https:\/\/gamestore.com.uy\/store\/wp-json\/wp\/v2\/product_cat?post=24300"},{"taxonomy":"product_tag","embeddable":true,"href":"https:\/\/gamestore.com.uy\/store\/wp-json\/wp\/v2\/product_tag?post=24300"}],"curies":[{"name":"wp","href":"https:\/\/api.w.org\/{rel}","templated":true}]}}