{"id":24405,"date":"2024-07-16T11:47:20","date_gmt":"2024-07-16T14:47:20","guid":{"rendered":"https:\/\/gamestore.com.uy\/store\/?post_type=product&#038;p=24405"},"modified":"2025-06-26T16:36:43","modified_gmt":"2025-06-26T19:36:43","slug":"gimnasio-musical-alfombra-de-entrenamiento-bebe","status":"publish","type":"product","link":"https:\/\/gamestore.com.uy\/store\/producto\/gimnasio-musical-alfombra-de-entrenamiento-bebe\/","title":{"rendered":"Gimnasio Musical Alfombra de Entrenamiento Beb\u00e9"},"content":{"rendered":"<p>Gimnasio con cinco teclas de piano iluminadas, un arco de juguete reposicionable y cuatro configuraciones musicales que mantendr\u00e1n a tu peque\u00f1o entretenido.<br \/>\nA medida que su beb\u00e9 crece desde la postura y el juego hasta la barriguita o sentarse al piano,<br \/>\ntambi\u00e9n puede cambiar la m\u00fasica y aprender.<br \/>\nLa tecnolog\u00eda Smart Stages le permite cambiar el contenido de aprendizaje para que se ajuste mejor a la edad y al escenario de su beb\u00e9, mientras que las notas de piano reales alientan a su peque\u00f1o Mozart a crear una canci\u00f3n propia.<br \/>\nIncluso puede desconectar el teclado para divertirse musicalmente mientras viaja.<\/p>\n","protected":false},"excerpt":{"rendered":"<p>Gimnasio con cinco teclas de piano iluminadas, un arco de juguete reposicionable y cuatro configuraciones musicales que mantendr\u00e1n a tu peque\u00f1o entretenido. A medida que su beb\u00e9 crece desde la postura y el juego hasta la barriguita o sentarse al piano, tambi\u00e9n puede cambiar la m\u00fasica y aprender. La tecnolog\u00eda Smart Stages le permite cambiar [&hellip;]<\/p>\n","protected":false},"featured_media":24406,"template":"","meta":[],"pwb-brand":[],"product_brand":[],"product_cat":[174,131,134],"product_tag":[669,552,435,709,879,529,436,611,885,886,432,778,883,434,597,880,884,732],"class_list":{"0":"post-24405","1":"product","2":"type-product","3":"status-publish","4":"has-post-thumbnail","6":"product_cat-didacticos","7":"product_cat-juguetes","8":"product_cat-juguetesbb","9":"product_tag-actividades","10":"product_tag-alfombra","11":"product_tag-bebe","12":"product_tag-bebes","13":"product_tag-habilidades","14":"product_tag-infantil","15":"product_tag-luces","16":"product_tag-motricidad","17":"product_tag-movil","18":"product_tag-moviles","19":"product_tag-musica","20":"product_tag-musicales","21":"product_tag-pianito","22":"product_tag-piano","23":"product_tag-primera-infancia","24":"product_tag-sensorial","25":"product_tag-sonajero","26":"product_tag-sonido","28":"first","29":"instock","30":"shipping-taxable","31":"purchasable","32":"product-type-simple"},"brands":[],"_links":{"self":[{"href":"https:\/\/gamestore.com.uy\/store\/wp-json\/wp\/v2\/product\/24405","targetHints":{"allow":["GET"]}}],"collection":[{"href":"https:\/\/gamestore.com.uy\/store\/wp-json\/wp\/v2\/product"}],"about":[{"href":"https:\/\/gamestore.com.uy\/store\/wp-json\/wp\/v2\/types\/product"}],"version-history":[{"count":1,"href":"https:\/\/gamestore.com.uy\/store\/wp-json\/wp\/v2\/product\/24405\/revisions"}],"predecessor-version":[{"id":24409,"href":"https:\/\/gamestore.com.uy\/store\/wp-json\/wp\/v2\/product\/24405\/revisions\/24409"}],"wp:featuredmedia":[{"embeddable":true,"href":"https:\/\/gamestore.com.uy\/store\/wp-json\/wp\/v2\/media\/24406"}],"wp:attachment":[{"href":"https:\/\/gamestore.com.uy\/store\/wp-json\/wp\/v2\/media?parent=24405"}],"wp:term":[{"taxonomy":"pwb-brand","embeddable":true,"href":"https:\/\/gamestore.com.uy\/store\/wp-json\/wp\/v2\/pwb-brand?post=24405"},{"taxonomy":"product_brand","embeddable":true,"href":"https:\/\/gamestore.com.uy\/store\/wp-json\/wp\/v2\/product_brand?post=24405"},{"taxonomy":"product_cat","embeddable":true,"href":"https:\/\/gamestore.com.uy\/store\/wp-json\/wp\/v2\/product_cat?post=24405"},{"taxonomy":"product_tag","embeddable":true,"href":"https:\/\/gamestore.com.uy\/store\/wp-json\/wp\/v2\/product_tag?post=24405"}],"curies":[{"name":"wp","href":"https:\/\/api.w.org\/{rel}","templated":true}]}}