{"id":24428,"date":"2024-07-16T12:09:00","date_gmt":"2024-07-16T15:09:00","guid":{"rendered":"https:\/\/gamestore.com.uy\/store\/?post_type=product&#038;p=24428"},"modified":"2025-12-15T14:12:35","modified_gmt":"2025-12-15T17:12:35","slug":"maquina-aplicadora-de-gemas-brillos-para-el-cabello","status":"publish","type":"product","link":"https:\/\/gamestore.com.uy\/store\/producto\/maquina-aplicadora-de-gemas-brillos-para-el-cabello\/","title":{"rendered":"Maquina Aplicadora de Gemas Brillos para el Cabello"},"content":{"rendered":"<p>MAQUINA APLICADORA DE GEMAS<\/p>\n<p>El juego de herramientas de peinado incluye 1 deslumbrador (m\u00e1quina) para el cabello, y gemas para el cabello.<br \/>\nSeguro y f\u00e1cil de usar, esta m\u00e1quina funciona con todo tipo de cabello y es f\u00e1cil de despegar.<\/p>\n","protected":false},"excerpt":{"rendered":"<p>MAQUINA APLICADORA DE GEMAS El juego de herramientas de peinado incluye 1 deslumbrador (m\u00e1quina) para el cabello, y gemas para el cabello. Seguro y f\u00e1cil de usar, esta m\u00e1quina funciona con todo tipo de cabello y es f\u00e1cil de despegar.<\/p>\n","protected":false},"featured_media":24429,"template":"","meta":[],"pwb-brand":[],"product_brand":[],"product_cat":[274,131,135,359],"product_tag":[775,754,716,758,895,903,902,898,896,897,547,546,368,900,899,892,894,893,901,573],"class_list":{"0":"post-24428","1":"product","2":"type-product","3":"status-publish","4":"has-post-thumbnail","6":"product_cat-accesorios","7":"product_cat-juguetes","8":"product_cat-muniecos","9":"product_cat-oficios","10":"product_tag-accesorios","11":"product_tag-belleza","12":"product_tag-brillo","13":"product_tag-brillos","14":"product_tag-cabello","15":"product_tag-coqueta","16":"product_tag-coquetas","17":"product_tag-decoracion","18":"product_tag-gema","19":"product_tag-gemas","20":"product_tag-maquillaje","21":"product_tag-nina","22":"product_tag-ninas","23":"product_tag-peinados","24":"product_tag-peinar","25":"product_tag-pelo","26":"product_tag-peluquera","27":"product_tag-peluqueria","28":"product_tag-petacas","29":"product_tag-pinturas","31":"first","32":"instock","33":"shipping-taxable","34":"purchasable","35":"product-type-simple"},"brands":[],"_links":{"self":[{"href":"https:\/\/gamestore.com.uy\/store\/wp-json\/wp\/v2\/product\/24428","targetHints":{"allow":["GET"]}}],"collection":[{"href":"https:\/\/gamestore.com.uy\/store\/wp-json\/wp\/v2\/product"}],"about":[{"href":"https:\/\/gamestore.com.uy\/store\/wp-json\/wp\/v2\/types\/product"}],"version-history":[{"count":1,"href":"https:\/\/gamestore.com.uy\/store\/wp-json\/wp\/v2\/product\/24428\/revisions"}],"predecessor-version":[{"id":24436,"href":"https:\/\/gamestore.com.uy\/store\/wp-json\/wp\/v2\/product\/24428\/revisions\/24436"}],"wp:featuredmedia":[{"embeddable":true,"href":"https:\/\/gamestore.com.uy\/store\/wp-json\/wp\/v2\/media\/24429"}],"wp:attachment":[{"href":"https:\/\/gamestore.com.uy\/store\/wp-json\/wp\/v2\/media?parent=24428"}],"wp:term":[{"taxonomy":"pwb-brand","embeddable":true,"href":"https:\/\/gamestore.com.uy\/store\/wp-json\/wp\/v2\/pwb-brand?post=24428"},{"taxonomy":"product_brand","embeddable":true,"href":"https:\/\/gamestore.com.uy\/store\/wp-json\/wp\/v2\/product_brand?post=24428"},{"taxonomy":"product_cat","embeddable":true,"href":"https:\/\/gamestore.com.uy\/store\/wp-json\/wp\/v2\/product_cat?post=24428"},{"taxonomy":"product_tag","embeddable":true,"href":"https:\/\/gamestore.com.uy\/store\/wp-json\/wp\/v2\/product_tag?post=24428"}],"curies":[{"name":"wp","href":"https:\/\/api.w.org\/{rel}","templated":true}]}}