{"id":24628,"date":"2024-07-30T15:05:59","date_gmt":"2024-07-30T18:05:59","guid":{"rendered":"https:\/\/gamestore.com.uy\/store\/?post_type=product&#038;p=24628"},"modified":"2026-02-28T18:36:36","modified_gmt":"2026-02-28T21:36:36","slug":"mascota-interactiva-pets-alive-perrito-que-camina-y-ladra-perro-peluche-correa-electronica-zuru","status":"publish","type":"product","link":"https:\/\/gamestore.com.uy\/store\/producto\/mascota-interactiva-pets-alive-perrito-que-camina-y-ladra-perro-peluche-correa-electronica-zuru\/","title":{"rendered":"Mascota Interactiva Pets Alive Perrito que Camina y ladra. Perro Peluche Correa Electr\u00f3nica Zuru"},"content":{"rendered":"<p>\u00bfQui\u00e9n es el cachorro m\u00e1s esponjoso, m\u00e1s lindo y glamoroso del mundo? \u00a1Es Lil&#8217; Paw Paw! Este querido dise\u00f1o cl\u00e1sico con un toque moderno se une a la familia Pets Alive Esta maltesa est\u00e1 hecha para acurrucarse y sus ojos azules brillan casi tanto como su lazo y collar rosados perfectos. Lil&#8217; Paw Paw camina hacia adelante y hacia atr\u00e1s y ladra como un cachorro de verdad<!--\/data\/user\/0\/com.samsung.android.app.notes\/files\/clipdata\/clipdata_bodytext_240730_150115_484.sdocx--><\/p>\n","protected":false},"excerpt":{"rendered":"<p>\u00bfQui\u00e9n es el cachorro m\u00e1s esponjoso, m\u00e1s lindo y glamoroso del mundo? \u00a1Es Lil&#8217; Paw Paw! Este querido dise\u00f1o cl\u00e1sico con un toque moderno se une a la familia Pets Alive Esta maltesa est\u00e1 hecha para acurrucarse y sus ojos azules brillan casi tanto como su lazo y collar rosados perfectos. Lil&#8217; Paw Paw camina [&hellip;]<\/p>\n","protected":false},"featured_media":24649,"template":"","meta":[],"pwb-brand":[686,2075],"product_brand":[],"product_cat":[131,134,135,266],"product_tag":[967,963,965,827,964,673,242,713,542,690,966,714,219,671,721],"class_list":{"0":"post-24628","1":"product","2":"type-product","3":"status-publish","4":"has-post-thumbnail","6":"pwb-brand-diver-toys","7":"pwb-brand-zuru","8":"product_cat-juguetes","9":"product_cat-juguetesbb","10":"product_cat-muniecos","11":"product_cat-robots","12":"product_tag-alive","13":"product_tag-camina","14":"product_tag-correa","15":"product_tag-interactivo","16":"product_tag-ladra","17":"product_tag-mascotas","18":"product_tag-peluche","19":"product_tag-peluches","20":"product_tag-perrito","21":"product_tag-perro","22":"product_tag-pets","23":"product_tag-robot","24":"product_tag-robots","25":"product_tag-sorpresa","26":"product_tag-zuru","28":"first","29":"instock","30":"shipping-taxable","31":"purchasable","32":"product-type-simple"},"brands":[{"id":686,"name":"DIVER TOYS","slug":"diver-toys"},{"id":2075,"name":"ZURU","slug":"zuru"}],"_links":{"self":[{"href":"https:\/\/gamestore.com.uy\/store\/wp-json\/wp\/v2\/product\/24628","targetHints":{"allow":["GET"]}}],"collection":[{"href":"https:\/\/gamestore.com.uy\/store\/wp-json\/wp\/v2\/product"}],"about":[{"href":"https:\/\/gamestore.com.uy\/store\/wp-json\/wp\/v2\/types\/product"}],"version-history":[{"count":4,"href":"https:\/\/gamestore.com.uy\/store\/wp-json\/wp\/v2\/product\/24628\/revisions"}],"predecessor-version":[{"id":24650,"href":"https:\/\/gamestore.com.uy\/store\/wp-json\/wp\/v2\/product\/24628\/revisions\/24650"}],"wp:featuredmedia":[{"embeddable":true,"href":"https:\/\/gamestore.com.uy\/store\/wp-json\/wp\/v2\/media\/24649"}],"wp:attachment":[{"href":"https:\/\/gamestore.com.uy\/store\/wp-json\/wp\/v2\/media?parent=24628"}],"wp:term":[{"taxonomy":"pwb-brand","embeddable":true,"href":"https:\/\/gamestore.com.uy\/store\/wp-json\/wp\/v2\/pwb-brand?post=24628"},{"taxonomy":"product_brand","embeddable":true,"href":"https:\/\/gamestore.com.uy\/store\/wp-json\/wp\/v2\/product_brand?post=24628"},{"taxonomy":"product_cat","embeddable":true,"href":"https:\/\/gamestore.com.uy\/store\/wp-json\/wp\/v2\/product_cat?post=24628"},{"taxonomy":"product_tag","embeddable":true,"href":"https:\/\/gamestore.com.uy\/store\/wp-json\/wp\/v2\/product_tag?post=24628"}],"curies":[{"name":"wp","href":"https:\/\/api.w.org\/{rel}","templated":true}]}}