{"id":24639,"date":"2024-07-30T15:22:22","date_gmt":"2024-07-30T18:22:22","guid":{"rendered":"https:\/\/gamestore.com.uy\/store\/?post_type=product&#038;p=24639"},"modified":"2026-02-28T18:55:18","modified_gmt":"2026-02-28T21:55:18","slug":"max-huevo-para-armar-bloques-233-piezas-dinosaurio-personaje-vehiculo","status":"publish","type":"product","link":"https:\/\/gamestore.com.uy\/store\/producto\/max-huevo-para-armar-bloques-233-piezas-dinosaurio-personaje-vehiculo\/","title":{"rendered":"Max Huevo para Armar Bloques 233 Piezas Dinosaurio + Personaje + Veh\u00edculo"},"content":{"rendered":"<p>Construye tu cami\u00f3n y tu dinosaurio para la persecuci\u00f3n y batalla definitiva.<\/p>\n<p>Los ladrillos MAX son compatibles con las principales marcas.<\/p>\n","protected":false},"excerpt":{"rendered":"<p>Construye tu cami\u00f3n y tu dinosaurio para la persecuci\u00f3n y batalla definitiva. Los ladrillos MAX son compatibles con las principales marcas.<\/p>\n","protected":false},"featured_media":24641,"template":"","meta":[],"pwb-brand":[2077,2075],"product_brand":[],"product_cat":[274,136,161,174,280,131,135,156],"product_tag":[373,968,380,969,614,615,738,692,672,712,702,381],"class_list":{"0":"post-24639","1":"product","2":"type-product","3":"status-publish","4":"has-post-thumbnail","6":"pwb-brand-max","7":"pwb-brand-zuru","8":"product_cat-accesorios","9":"product_cat-coleccionables","10":"product_cat-construccion","11":"product_cat-didacticos","12":"product_cat-escenarios","13":"product_cat-juguetes","14":"product_cat-muniecos","15":"product_cat-vehiculos","16":"product_tag-armar","17":"product_tag-bloque","18":"product_tag-camion","19":"product_tag-camiones","20":"product_tag-dino","21":"product_tag-dinosaurio","22":"product_tag-dinosaurios","23":"product_tag-huevo","24":"product_tag-huevos","25":"product_tag-ladrillos","26":"product_tag-pcs","27":"product_tag-piezas","29":"first","30":"instock","31":"shipping-taxable","32":"purchasable","33":"product-type-simple"},"brands":[{"id":2077,"name":"MAX","slug":"max"},{"id":2075,"name":"ZURU","slug":"zuru"}],"_links":{"self":[{"href":"https:\/\/gamestore.com.uy\/store\/wp-json\/wp\/v2\/product\/24639","targetHints":{"allow":["GET"]}}],"collection":[{"href":"https:\/\/gamestore.com.uy\/store\/wp-json\/wp\/v2\/product"}],"about":[{"href":"https:\/\/gamestore.com.uy\/store\/wp-json\/wp\/v2\/types\/product"}],"version-history":[{"count":1,"href":"https:\/\/gamestore.com.uy\/store\/wp-json\/wp\/v2\/product\/24639\/revisions"}],"predecessor-version":[{"id":24648,"href":"https:\/\/gamestore.com.uy\/store\/wp-json\/wp\/v2\/product\/24639\/revisions\/24648"}],"wp:featuredmedia":[{"embeddable":true,"href":"https:\/\/gamestore.com.uy\/store\/wp-json\/wp\/v2\/media\/24641"}],"wp:attachment":[{"href":"https:\/\/gamestore.com.uy\/store\/wp-json\/wp\/v2\/media?parent=24639"}],"wp:term":[{"taxonomy":"pwb-brand","embeddable":true,"href":"https:\/\/gamestore.com.uy\/store\/wp-json\/wp\/v2\/pwb-brand?post=24639"},{"taxonomy":"product_brand","embeddable":true,"href":"https:\/\/gamestore.com.uy\/store\/wp-json\/wp\/v2\/product_brand?post=24639"},{"taxonomy":"product_cat","embeddable":true,"href":"https:\/\/gamestore.com.uy\/store\/wp-json\/wp\/v2\/product_cat?post=24639"},{"taxonomy":"product_tag","embeddable":true,"href":"https:\/\/gamestore.com.uy\/store\/wp-json\/wp\/v2\/product_tag?post=24639"}],"curies":[{"name":"wp","href":"https:\/\/api.w.org\/{rel}","templated":true}]}}