{"id":25040,"date":"2024-08-13T14:29:58","date_gmt":"2024-08-13T17:29:58","guid":{"rendered":"https:\/\/gamestore.com.uy\/store\/?post_type=product&#038;p=25040"},"modified":"2024-08-13T14:29:59","modified_gmt":"2024-08-13T17:29:59","slug":"perrito-interactivo-mascota-rescata-y-cura-con-sonido-y-sopresas-pets-alive-valija","status":"publish","type":"product","link":"https:\/\/gamestore.com.uy\/store\/producto\/perrito-interactivo-mascota-rescata-y-cura-con-sonido-y-sopresas-pets-alive-valija\/","title":{"rendered":"Perrito Interactivo Mascota Rescata y Cura con Sonido y Sopresas Pets Alive Valija"},"content":{"rendered":"<p>Sorprendente con la casita mascota de Pets Alive y descubr\u00ed qu\u00e9 animalito adoptar\u00e1s!<br \/>\n6 modelos sorpresa<br \/>\nEmiten sonidos de animales pero tambi\u00e9n le pod\u00e9s presionar su patita mientras le habl\u00e1s y te repetir\u00e1 cualquier cosa que le digas.<br \/>\nAdem\u00e1s viene lista para su primer pijamada contigo!<br \/>\nContiene m\u00e1s de 10 sorpresas para que puedan descubrir juntos!<\/p>\n","protected":false},"excerpt":{"rendered":"<p>Sorprendente con la casita mascota de Pets Alive y descubr\u00ed qu\u00e9 animalito adoptar\u00e1s! 6 modelos sorpresa Emiten sonidos de animales pero tambi\u00e9n le pod\u00e9s presionar su patita mientras le habl\u00e1s y te repetir\u00e1 cualquier cosa que le digas. Adem\u00e1s viene lista para su primer pijamada contigo! Contiene m\u00e1s de 10 sorpresas para que puedan descubrir [&hellip;]<\/p>\n","protected":false},"featured_media":25041,"template":"","meta":[],"pwb-brand":[],"product_brand":[],"product_cat":[136,131,135],"product_tag":[691,544,673,242,713,542,690,671,710],"class_list":{"0":"post-25040","1":"product","2":"type-product","3":"status-publish","4":"has-post-thumbnail","6":"product_cat-coleccionables","7":"product_cat-juguetes","8":"product_cat-muniecos","9":"product_tag-cachorro","10":"product_tag-mascota","11":"product_tag-mascotas","12":"product_tag-peluche","13":"product_tag-peluches","14":"product_tag-perrito","15":"product_tag-perro","16":"product_tag-sorpresa","17":"product_tag-sorpresas","19":"first","20":"instock","21":"shipping-taxable","22":"purchasable","23":"product-type-simple"},"brands":[],"_links":{"self":[{"href":"https:\/\/gamestore.com.uy\/store\/wp-json\/wp\/v2\/product\/25040","targetHints":{"allow":["GET"]}}],"collection":[{"href":"https:\/\/gamestore.com.uy\/store\/wp-json\/wp\/v2\/product"}],"about":[{"href":"https:\/\/gamestore.com.uy\/store\/wp-json\/wp\/v2\/types\/product"}],"version-history":[{"count":1,"href":"https:\/\/gamestore.com.uy\/store\/wp-json\/wp\/v2\/product\/25040\/revisions"}],"predecessor-version":[{"id":25053,"href":"https:\/\/gamestore.com.uy\/store\/wp-json\/wp\/v2\/product\/25040\/revisions\/25053"}],"wp:featuredmedia":[{"embeddable":true,"href":"https:\/\/gamestore.com.uy\/store\/wp-json\/wp\/v2\/media\/25041"}],"wp:attachment":[{"href":"https:\/\/gamestore.com.uy\/store\/wp-json\/wp\/v2\/media?parent=25040"}],"wp:term":[{"taxonomy":"pwb-brand","embeddable":true,"href":"https:\/\/gamestore.com.uy\/store\/wp-json\/wp\/v2\/pwb-brand?post=25040"},{"taxonomy":"product_brand","embeddable":true,"href":"https:\/\/gamestore.com.uy\/store\/wp-json\/wp\/v2\/product_brand?post=25040"},{"taxonomy":"product_cat","embeddable":true,"href":"https:\/\/gamestore.com.uy\/store\/wp-json\/wp\/v2\/product_cat?post=25040"},{"taxonomy":"product_tag","embeddable":true,"href":"https:\/\/gamestore.com.uy\/store\/wp-json\/wp\/v2\/product_tag?post=25040"}],"curies":[{"name":"wp","href":"https:\/\/api.w.org\/{rel}","templated":true}]}}