{"id":25114,"date":"2024-09-05T11:55:07","date_gmt":"2024-09-05T14:55:07","guid":{"rendered":"https:\/\/gamestore.com.uy\/store\/?post_type=product&#038;p=25114"},"modified":"2024-10-28T11:01:58","modified_gmt":"2024-10-28T14:01:58","slug":"cafetera-100-madera-juego-de-cocina-accesorios-oficios","status":"publish","type":"product","link":"https:\/\/gamestore.com.uy\/store\/producto\/cafetera-100-madera-juego-de-cocina-accesorios-oficios\/","title":{"rendered":"Cafetera 100% Madera Juego De Cocina Accesorios Oficios"},"content":{"rendered":"<p>Trae 6 divinos accesorios: una cajita de leche, una taza, un pote de az\u00facar, una cuchara y dos c\u00e1psulas de caf\u00e9.<br \/>\nMaterial: madera<\/p>\n","protected":false},"excerpt":{"rendered":"<p>Trae 6 divinos accesorios: una cajita de leche, una taza, un pote de az\u00facar, una cuchara y dos c\u00e1psulas de caf\u00e9. Material: madera<\/p>\n","protected":false},"featured_media":25115,"template":"","meta":[],"pwb-brand":[],"product_brand":[],"product_cat":[274,174,280,131,134,135,359],"product_tag":[369,757,574,910,1003],"class_list":{"0":"post-25114","1":"product","2":"type-product","3":"status-publish","4":"has-post-thumbnail","6":"product_cat-accesorios","7":"product_cat-didacticos","8":"product_cat-escenarios","9":"product_cat-juguetes","10":"product_cat-juguetesbb","11":"product_cat-muniecos","12":"product_cat-oficios","13":"product_tag-cocina","14":"product_tag-cumpleanos","15":"product_tag-regalitos","16":"product_tag-regalo","17":"product_tag-regalos","19":"first","20":"instock","21":"shipping-taxable","22":"purchasable","23":"product-type-simple"},"brands":[],"_links":{"self":[{"href":"https:\/\/gamestore.com.uy\/store\/wp-json\/wp\/v2\/product\/25114","targetHints":{"allow":["GET"]}}],"collection":[{"href":"https:\/\/gamestore.com.uy\/store\/wp-json\/wp\/v2\/product"}],"about":[{"href":"https:\/\/gamestore.com.uy\/store\/wp-json\/wp\/v2\/types\/product"}],"version-history":[{"count":2,"href":"https:\/\/gamestore.com.uy\/store\/wp-json\/wp\/v2\/product\/25114\/revisions"}],"predecessor-version":[{"id":25118,"href":"https:\/\/gamestore.com.uy\/store\/wp-json\/wp\/v2\/product\/25114\/revisions\/25118"}],"wp:featuredmedia":[{"embeddable":true,"href":"https:\/\/gamestore.com.uy\/store\/wp-json\/wp\/v2\/media\/25115"}],"wp:attachment":[{"href":"https:\/\/gamestore.com.uy\/store\/wp-json\/wp\/v2\/media?parent=25114"}],"wp:term":[{"taxonomy":"pwb-brand","embeddable":true,"href":"https:\/\/gamestore.com.uy\/store\/wp-json\/wp\/v2\/pwb-brand?post=25114"},{"taxonomy":"product_brand","embeddable":true,"href":"https:\/\/gamestore.com.uy\/store\/wp-json\/wp\/v2\/product_brand?post=25114"},{"taxonomy":"product_cat","embeddable":true,"href":"https:\/\/gamestore.com.uy\/store\/wp-json\/wp\/v2\/product_cat?post=25114"},{"taxonomy":"product_tag","embeddable":true,"href":"https:\/\/gamestore.com.uy\/store\/wp-json\/wp\/v2\/product_tag?post=25114"}],"curies":[{"name":"wp","href":"https:\/\/api.w.org\/{rel}","templated":true}]}}