{"id":25545,"date":"2024-09-10T17:56:50","date_gmt":"2024-09-10T20:56:50","guid":{"rendered":"https:\/\/gamestore.com.uy\/store\/?post_type=product&#038;p=25545"},"modified":"2024-09-10T17:56:51","modified_gmt":"2024-09-10T20:56:51","slug":"auricular-microfono-diadema-gamer-luces-rgb-ksc-1297","status":"publish","type":"product","link":"https:\/\/gamestore.com.uy\/store\/producto\/auricular-microfono-diadema-gamer-luces-rgb-ksc-1297\/","title":{"rendered":"Auricular Microfono Diadema Gamer Luces RGB KSC-1297"},"content":{"rendered":"<p>Diadema Gamer Pc Kakusiga Ksc-1297<br \/>\nSONIDO Y ESTILO EN UNO<br \/>\nSonido potente de 50 mm, iluminaci\u00f3n RGB din\u00e1mica desde auricular a vincha , micr\u00f3fono omnidireccional, y conexiones vers\u00e1tiles. \u00a1La combinaci\u00f3n perfecta para tus juegos!<\/p>\n","protected":false},"excerpt":{"rendered":"<p>Diadema Gamer Pc Kakusiga Ksc-1297 SONIDO Y ESTILO EN UNO Sonido potente de 50 mm, iluminaci\u00f3n RGB din\u00e1mica desde auricular a vincha , micr\u00f3fono omnidireccional, y conexiones vers\u00e1tiles. \u00a1La combinaci\u00f3n perfecta para tus juegos!<\/p>\n","protected":false},"featured_media":25546,"template":"","meta":[],"pwb-brand":[],"product_brand":[],"product_cat":[512,292,505,245,144,130],"product_tag":[],"class_list":{"0":"post-25545","1":"product","2":"type-product","3":"status-publish","4":"has-post-thumbnail","6":"product_cat-audifonos","7":"product_cat-audio-gaming","8":"product_cat-audio","9":"product_cat-audio-video","10":"product_cat-gaming","11":"product_cat-informatica","13":"first","14":"instock","15":"shipping-taxable","16":"purchasable","17":"product-type-simple"},"brands":[],"_links":{"self":[{"href":"https:\/\/gamestore.com.uy\/store\/wp-json\/wp\/v2\/product\/25545","targetHints":{"allow":["GET"]}}],"collection":[{"href":"https:\/\/gamestore.com.uy\/store\/wp-json\/wp\/v2\/product"}],"about":[{"href":"https:\/\/gamestore.com.uy\/store\/wp-json\/wp\/v2\/types\/product"}],"version-history":[{"count":1,"href":"https:\/\/gamestore.com.uy\/store\/wp-json\/wp\/v2\/product\/25545\/revisions"}],"predecessor-version":[{"id":25550,"href":"https:\/\/gamestore.com.uy\/store\/wp-json\/wp\/v2\/product\/25545\/revisions\/25550"}],"wp:featuredmedia":[{"embeddable":true,"href":"https:\/\/gamestore.com.uy\/store\/wp-json\/wp\/v2\/media\/25546"}],"wp:attachment":[{"href":"https:\/\/gamestore.com.uy\/store\/wp-json\/wp\/v2\/media?parent=25545"}],"wp:term":[{"taxonomy":"pwb-brand","embeddable":true,"href":"https:\/\/gamestore.com.uy\/store\/wp-json\/wp\/v2\/pwb-brand?post=25545"},{"taxonomy":"product_brand","embeddable":true,"href":"https:\/\/gamestore.com.uy\/store\/wp-json\/wp\/v2\/product_brand?post=25545"},{"taxonomy":"product_cat","embeddable":true,"href":"https:\/\/gamestore.com.uy\/store\/wp-json\/wp\/v2\/product_cat?post=25545"},{"taxonomy":"product_tag","embeddable":true,"href":"https:\/\/gamestore.com.uy\/store\/wp-json\/wp\/v2\/product_tag?post=25545"}],"curies":[{"name":"wp","href":"https:\/\/api.w.org\/{rel}","templated":true}]}}