{"id":25551,"date":"2024-09-10T18:09:55","date_gmt":"2024-09-10T21:09:55","guid":{"rendered":"https:\/\/gamestore.com.uy\/store\/?post_type=product&#038;p=25551"},"modified":"2024-09-10T18:09:57","modified_gmt":"2024-09-10T21:09:57","slug":"auricular-microfono-diadema-gamer-acrilico-luces-rgb-ksc-1298","status":"publish","type":"product","link":"https:\/\/gamestore.com.uy\/store\/producto\/auricular-microfono-diadema-gamer-acrilico-luces-rgb-ksc-1298\/","title":{"rendered":"Auricular Microfono Diadema Gamer Acrilico Luces RGB KSC-1298"},"content":{"rendered":"<p>Auriculares Acrilico Gamerr con cable de 2 m para juegos competitivos con micr\u00f3fono con reducci\u00f3n de ruido y flexi\u00f3n libre de 360 \u200b\u200bgrados y efecto de iluminaci\u00f3n ambiental RGB de KAKUSIGA<\/p>\n","protected":false},"excerpt":{"rendered":"<p>Auriculares Acrilico Gamerr con cable de 2 m para juegos competitivos con micr\u00f3fono con reducci\u00f3n de ruido y flexi\u00f3n libre de 360 \u200b\u200bgrados y efecto de iluminaci\u00f3n ambiental RGB de KAKUSIGA<\/p>\n","protected":false},"featured_media":25552,"template":"","meta":[],"pwb-brand":[],"product_brand":[],"product_cat":[292,505,144,130],"product_tag":[],"class_list":{"0":"post-25551","1":"product","2":"type-product","3":"status-publish","4":"has-post-thumbnail","6":"product_cat-audio-gaming","7":"product_cat-audio","8":"product_cat-gaming","9":"product_cat-informatica","11":"first","12":"instock","13":"shipping-taxable","14":"purchasable","15":"product-type-simple"},"brands":[],"_links":{"self":[{"href":"https:\/\/gamestore.com.uy\/store\/wp-json\/wp\/v2\/product\/25551","targetHints":{"allow":["GET"]}}],"collection":[{"href":"https:\/\/gamestore.com.uy\/store\/wp-json\/wp\/v2\/product"}],"about":[{"href":"https:\/\/gamestore.com.uy\/store\/wp-json\/wp\/v2\/types\/product"}],"version-history":[{"count":1,"href":"https:\/\/gamestore.com.uy\/store\/wp-json\/wp\/v2\/product\/25551\/revisions"}],"predecessor-version":[{"id":25556,"href":"https:\/\/gamestore.com.uy\/store\/wp-json\/wp\/v2\/product\/25551\/revisions\/25556"}],"wp:featuredmedia":[{"embeddable":true,"href":"https:\/\/gamestore.com.uy\/store\/wp-json\/wp\/v2\/media\/25552"}],"wp:attachment":[{"href":"https:\/\/gamestore.com.uy\/store\/wp-json\/wp\/v2\/media?parent=25551"}],"wp:term":[{"taxonomy":"pwb-brand","embeddable":true,"href":"https:\/\/gamestore.com.uy\/store\/wp-json\/wp\/v2\/pwb-brand?post=25551"},{"taxonomy":"product_brand","embeddable":true,"href":"https:\/\/gamestore.com.uy\/store\/wp-json\/wp\/v2\/product_brand?post=25551"},{"taxonomy":"product_cat","embeddable":true,"href":"https:\/\/gamestore.com.uy\/store\/wp-json\/wp\/v2\/product_cat?post=25551"},{"taxonomy":"product_tag","embeddable":true,"href":"https:\/\/gamestore.com.uy\/store\/wp-json\/wp\/v2\/product_tag?post=25551"}],"curies":[{"name":"wp","href":"https:\/\/api.w.org\/{rel}","templated":true}]}}