{"id":26201,"date":"2024-10-31T15:11:12","date_gmt":"2024-10-31T18:11:12","guid":{"rendered":"https:\/\/gamestore.com.uy\/store\/?post_type=product&#038;p=26201"},"modified":"2024-10-31T15:11:13","modified_gmt":"2024-10-31T18:11:13","slug":"set-de-proteccion-casco-rodilleras-coderas-munequeras-deportes","status":"publish","type":"product","link":"https:\/\/gamestore.com.uy\/store\/producto\/set-de-proteccion-casco-rodilleras-coderas-munequeras-deportes\/","title":{"rendered":"Set de Protecci\u00f3n Casco Rodilleras Coderas Mu\u00f1equeras Deportes"},"content":{"rendered":"<p>Kit de protecci\u00f3n infantil: Casco coderas, rodillleras y mu\u00f1equeras<br \/>\nPara patin, skate, bicicleta.<br \/>\nColores: rosa, rojo y azul.<br \/>\nConsultar disponibilidad segun sucursal de retiro.<br \/>\nRealizados en pl\u00e1stico y tela<\/p>\n","protected":false},"excerpt":{"rendered":"<p>Kit de protecci\u00f3n infantil: Casco coderas, rodillleras y mu\u00f1equeras Para patin, skate, bicicleta. Colores: rosa, rojo y azul. Consultar disponibilidad segun sucursal de retiro. Realizados en pl\u00e1stico y tela<\/p>\n","protected":false},"featured_media":26202,"template":"","meta":[],"pwb-brand":[],"product_brand":[],"product_cat":[132,183,131],"product_tag":[1035,1036,424,1034,422,1039,1038,1037],"class_list":{"0":"post-26201","1":"product","2":"type-product","3":"status-publish","4":"has-post-thumbnail","6":"product_cat-airelibre","7":"product_cat-deportes","8":"product_cat-juguetes","9":"product_tag-bici","10":"product_tag-bicicleta","11":"product_tag-deportes","12":"product_tag-patin","13":"product_tag-patines","14":"product_tag-proteccion","15":"product_tag-protector","16":"product_tag-skate","18":"first","19":"instock","20":"shipping-taxable","21":"purchasable","22":"product-type-simple"},"brands":[],"_links":{"self":[{"href":"https:\/\/gamestore.com.uy\/store\/wp-json\/wp\/v2\/product\/26201","targetHints":{"allow":["GET"]}}],"collection":[{"href":"https:\/\/gamestore.com.uy\/store\/wp-json\/wp\/v2\/product"}],"about":[{"href":"https:\/\/gamestore.com.uy\/store\/wp-json\/wp\/v2\/types\/product"}],"version-history":[{"count":1,"href":"https:\/\/gamestore.com.uy\/store\/wp-json\/wp\/v2\/product\/26201\/revisions"}],"predecessor-version":[{"id":26205,"href":"https:\/\/gamestore.com.uy\/store\/wp-json\/wp\/v2\/product\/26201\/revisions\/26205"}],"wp:featuredmedia":[{"embeddable":true,"href":"https:\/\/gamestore.com.uy\/store\/wp-json\/wp\/v2\/media\/26202"}],"wp:attachment":[{"href":"https:\/\/gamestore.com.uy\/store\/wp-json\/wp\/v2\/media?parent=26201"}],"wp:term":[{"taxonomy":"pwb-brand","embeddable":true,"href":"https:\/\/gamestore.com.uy\/store\/wp-json\/wp\/v2\/pwb-brand?post=26201"},{"taxonomy":"product_brand","embeddable":true,"href":"https:\/\/gamestore.com.uy\/store\/wp-json\/wp\/v2\/product_brand?post=26201"},{"taxonomy":"product_cat","embeddable":true,"href":"https:\/\/gamestore.com.uy\/store\/wp-json\/wp\/v2\/product_cat?post=26201"},{"taxonomy":"product_tag","embeddable":true,"href":"https:\/\/gamestore.com.uy\/store\/wp-json\/wp\/v2\/product_tag?post=26201"}],"curies":[{"name":"wp","href":"https:\/\/api.w.org\/{rel}","templated":true}]}}