{"id":26371,"date":"2024-11-18T16:31:26","date_gmt":"2024-11-18T19:31:26","guid":{"rendered":"https:\/\/gamestore.com.uy\/store\/?post_type=product&#038;p=26371"},"modified":"2024-11-18T16:31:27","modified_gmt":"2024-11-18T19:31:27","slug":"arco-de-futbol-90cms-con-pelota-inflador-y-bolso","status":"publish","type":"product","link":"https:\/\/gamestore.com.uy\/store\/producto\/arco-de-futbol-90cms-con-pelota-inflador-y-bolso\/","title":{"rendered":"Arco de Futbol 90cms con Pelota Inflador y Bolso"},"content":{"rendered":"<p>Porter\u00eda desarmable para f\u00e1cil almacenamiento.<br \/>\nPelota de viaje ideal para llevar a cualquier lugar.<br \/>\nIncluye bomba para inflar la pelota r\u00e1pidamente.<\/p>\n","protected":false},"excerpt":{"rendered":"<p>Porter\u00eda desarmable para f\u00e1cil almacenamiento. Pelota de viaje ideal para llevar a cualquier lugar. Incluye bomba para inflar la pelota r\u00e1pidamente.<\/p>\n","protected":false},"featured_media":26372,"template":"","meta":[],"pwb-brand":[],"product_brand":[],"product_cat":[132,183,131],"product_tag":[815,424,1012,550],"class_list":{"0":"post-26371","1":"product","2":"type-product","3":"status-publish","4":"has-post-thumbnail","6":"product_cat-airelibre","7":"product_cat-deportes","8":"product_cat-juguetes","9":"product_tag-arcos","10":"product_tag-deportes","11":"product_tag-futbol","12":"product_tag-set","14":"first","15":"instock","16":"shipping-taxable","17":"purchasable","18":"product-type-simple"},"brands":[],"_links":{"self":[{"href":"https:\/\/gamestore.com.uy\/store\/wp-json\/wp\/v2\/product\/26371","targetHints":{"allow":["GET"]}}],"collection":[{"href":"https:\/\/gamestore.com.uy\/store\/wp-json\/wp\/v2\/product"}],"about":[{"href":"https:\/\/gamestore.com.uy\/store\/wp-json\/wp\/v2\/types\/product"}],"version-history":[{"count":1,"href":"https:\/\/gamestore.com.uy\/store\/wp-json\/wp\/v2\/product\/26371\/revisions"}],"predecessor-version":[{"id":26373,"href":"https:\/\/gamestore.com.uy\/store\/wp-json\/wp\/v2\/product\/26371\/revisions\/26373"}],"wp:featuredmedia":[{"embeddable":true,"href":"https:\/\/gamestore.com.uy\/store\/wp-json\/wp\/v2\/media\/26372"}],"wp:attachment":[{"href":"https:\/\/gamestore.com.uy\/store\/wp-json\/wp\/v2\/media?parent=26371"}],"wp:term":[{"taxonomy":"pwb-brand","embeddable":true,"href":"https:\/\/gamestore.com.uy\/store\/wp-json\/wp\/v2\/pwb-brand?post=26371"},{"taxonomy":"product_brand","embeddable":true,"href":"https:\/\/gamestore.com.uy\/store\/wp-json\/wp\/v2\/product_brand?post=26371"},{"taxonomy":"product_cat","embeddable":true,"href":"https:\/\/gamestore.com.uy\/store\/wp-json\/wp\/v2\/product_cat?post=26371"},{"taxonomy":"product_tag","embeddable":true,"href":"https:\/\/gamestore.com.uy\/store\/wp-json\/wp\/v2\/product_tag?post=26371"}],"curies":[{"name":"wp","href":"https:\/\/api.w.org\/{rel}","templated":true}]}}