{"id":26673,"date":"2024-12-05T15:53:25","date_gmt":"2024-12-05T18:53:25","guid":{"rendered":"https:\/\/gamestore.com.uy\/store\/?post_type=product&#038;p=26673"},"modified":"2026-02-28T18:38:44","modified_gmt":"2026-02-28T21:38:44","slug":"lol-surprise-muneca-sweet-haribo-tween","status":"publish","type":"product","link":"https:\/\/gamestore.com.uy\/store\/producto\/lol-surprise-muneca-sweet-haribo-tween\/","title":{"rendered":"LOL Surprise Mu\u00f1eca Sweet Haribo Tween"},"content":{"rendered":"<p>Holly Happy tiene rasgos brillantes y hermosos, cabello de arco iris, modas y accesorios fabulosos con temas de dulces inspirados en GoldBears y viene articulado para muchas oportunidades de pose.<br \/>\nUna mu\u00f1eca de moda Tweens, moda fabulosa, zapatos, accesorios, aretes, una mochila Goldbears, un cepillo para el cabello y un soporte para mu\u00f1ecas.<br \/>\nHolly adem\u00e1s viste su falda de color caramelo brillante, chaqueta forrada de piel sint\u00e9tica sobre un mono con estampado Goldbears, calcetines a rayas hasta la rodilla y accesorios como una mochila amarilla Goldbears, cintur\u00f3n de cadena con peque\u00f1os Goldbears, zapatillas de deporte con cu\u00f1a rosa y amarilla, gafas de sol con forma de oso, sombrero de pescador rosa con orejas y aretes de bolsa de dulces Goldbears<\/p>\n","protected":false},"excerpt":{"rendered":"<p>Holly Happy tiene rasgos brillantes y hermosos, cabello de arco iris, modas y accesorios fabulosos con temas de dulces inspirados en GoldBears y viene articulado para muchas oportunidades de pose. Una mu\u00f1eca de moda Tweens, moda fabulosa, zapatos, accesorios, aretes, una mochila Goldbears, un cepillo para el cabello y un soporte para mu\u00f1ecas. Holly adem\u00e1s [&hellip;]<\/p>\n","protected":false},"featured_media":26674,"template":"","meta":[],"pwb-brand":[2078,2075],"product_brand":[],"product_cat":[274,136,280,131,135],"product_tag":[588,1130,191,256,192,665,674],"class_list":{"0":"post-26673","1":"product","2":"type-product","3":"status-publish","4":"has-post-thumbnail","6":"pwb-brand-5-surprise","7":"pwb-brand-zuru","8":"product_cat-accesorios","9":"product_cat-coleccionables","10":"product_cat-escenarios","11":"product_cat-juguetes","12":"product_cat-muniecos","13":"product_tag-barbie","14":"product_tag-high","15":"product_tag-lol","16":"product_tag-monster","17":"product_tag-munecas","18":"product_tag-rainbow","19":"product_tag-surprise","21":"first","22":"instock","23":"shipping-taxable","24":"purchasable","25":"product-type-simple"},"brands":[{"id":2078,"name":"5 SURPRISE","slug":"5-surprise"},{"id":2075,"name":"ZURU","slug":"zuru"}],"_links":{"self":[{"href":"https:\/\/gamestore.com.uy\/store\/wp-json\/wp\/v2\/product\/26673","targetHints":{"allow":["GET"]}}],"collection":[{"href":"https:\/\/gamestore.com.uy\/store\/wp-json\/wp\/v2\/product"}],"about":[{"href":"https:\/\/gamestore.com.uy\/store\/wp-json\/wp\/v2\/types\/product"}],"version-history":[{"count":1,"href":"https:\/\/gamestore.com.uy\/store\/wp-json\/wp\/v2\/product\/26673\/revisions"}],"predecessor-version":[{"id":26679,"href":"https:\/\/gamestore.com.uy\/store\/wp-json\/wp\/v2\/product\/26673\/revisions\/26679"}],"wp:featuredmedia":[{"embeddable":true,"href":"https:\/\/gamestore.com.uy\/store\/wp-json\/wp\/v2\/media\/26674"}],"wp:attachment":[{"href":"https:\/\/gamestore.com.uy\/store\/wp-json\/wp\/v2\/media?parent=26673"}],"wp:term":[{"taxonomy":"pwb-brand","embeddable":true,"href":"https:\/\/gamestore.com.uy\/store\/wp-json\/wp\/v2\/pwb-brand?post=26673"},{"taxonomy":"product_brand","embeddable":true,"href":"https:\/\/gamestore.com.uy\/store\/wp-json\/wp\/v2\/product_brand?post=26673"},{"taxonomy":"product_cat","embeddable":true,"href":"https:\/\/gamestore.com.uy\/store\/wp-json\/wp\/v2\/product_cat?post=26673"},{"taxonomy":"product_tag","embeddable":true,"href":"https:\/\/gamestore.com.uy\/store\/wp-json\/wp\/v2\/product_tag?post=26673"}],"curies":[{"name":"wp","href":"https:\/\/api.w.org\/{rel}","templated":true}]}}