{"id":26815,"date":"2024-12-08T02:39:36","date_gmt":"2024-12-08T05:39:36","guid":{"rendered":"https:\/\/gamestore.com.uy\/store\/?post_type=product&#038;p=26815"},"modified":"2025-06-06T14:06:50","modified_gmt":"2025-06-06T17:06:50","slug":"rainbocorns-eggzania-mini-mania-huevo-sorpresa","status":"publish","type":"product","link":"https:\/\/gamestore.com.uy\/store\/producto\/rainbocorns-eggzania-mini-mania-huevo-sorpresa\/","title":{"rendered":"Rainbocorns Eggzania Mini Mania Huevo Sorpresa"},"content":{"rendered":"<p>10 sorpresas por descubrir: \u00a1Rainbocorns Eggzania est\u00e1 repleto de m\u00e1s de 10 sorpresas inmejorables!<br \/>\nColecci\u00f3nalos todos: hay 6 peluches Eggzania Mini Mania y 6 Yolkies a juego para coleccionar.<br \/>\nYolkies: Una novedad en Rainboville, estos divertidos Rainbocorns son los amigos de bolsillo perfectos.<br \/>\nAccesorios llevables: \u00a1Descubre tu pulsera Eggzania dentro de tu huevo yolkie!<br \/>\nPelar y revelar: \u00a1Pela el coraz\u00f3n de tu Rainbocorn para revelar lo que aman!<\/p>\n","protected":false},"excerpt":{"rendered":"<p>10 sorpresas por descubrir: \u00a1Rainbocorns Eggzania est\u00e1 repleto de m\u00e1s de 10 sorpresas inmejorables! Colecci\u00f3nalos todos: hay 6 peluches Eggzania Mini Mania y 6 Yolkies a juego para coleccionar. Yolkies: Una novedad en Rainboville, estos divertidos Rainbocorns son los amigos de bolsillo perfectos. Accesorios llevables: \u00a1Descubre tu pulsera Eggzania dentro de tu huevo yolkie! Pelar [&hellip;]<\/p>\n","protected":false},"featured_media":26816,"template":"","meta":[],"pwb-brand":[682],"product_brand":[],"product_cat":[274,280,131,135],"product_tag":[672,673,713,710],"class_list":{"0":"post-26815","1":"product","2":"type-product","3":"status-publish","4":"has-post-thumbnail","6":"pwb-brand-rainbowcorns","7":"product_cat-accesorios","8":"product_cat-escenarios","9":"product_cat-juguetes","10":"product_cat-muniecos","11":"product_tag-huevos","12":"product_tag-mascotas","13":"product_tag-peluches","14":"product_tag-sorpresas","16":"first","17":"instock","18":"shipping-taxable","19":"purchasable","20":"product-type-simple"},"brands":[{"id":682,"name":"Rainbowcorns","slug":"rainbowcorns"}],"_links":{"self":[{"href":"https:\/\/gamestore.com.uy\/store\/wp-json\/wp\/v2\/product\/26815","targetHints":{"allow":["GET"]}}],"collection":[{"href":"https:\/\/gamestore.com.uy\/store\/wp-json\/wp\/v2\/product"}],"about":[{"href":"https:\/\/gamestore.com.uy\/store\/wp-json\/wp\/v2\/types\/product"}],"version-history":[{"count":1,"href":"https:\/\/gamestore.com.uy\/store\/wp-json\/wp\/v2\/product\/26815\/revisions"}],"predecessor-version":[{"id":26821,"href":"https:\/\/gamestore.com.uy\/store\/wp-json\/wp\/v2\/product\/26815\/revisions\/26821"}],"wp:featuredmedia":[{"embeddable":true,"href":"https:\/\/gamestore.com.uy\/store\/wp-json\/wp\/v2\/media\/26816"}],"wp:attachment":[{"href":"https:\/\/gamestore.com.uy\/store\/wp-json\/wp\/v2\/media?parent=26815"}],"wp:term":[{"taxonomy":"pwb-brand","embeddable":true,"href":"https:\/\/gamestore.com.uy\/store\/wp-json\/wp\/v2\/pwb-brand?post=26815"},{"taxonomy":"product_brand","embeddable":true,"href":"https:\/\/gamestore.com.uy\/store\/wp-json\/wp\/v2\/product_brand?post=26815"},{"taxonomy":"product_cat","embeddable":true,"href":"https:\/\/gamestore.com.uy\/store\/wp-json\/wp\/v2\/product_cat?post=26815"},{"taxonomy":"product_tag","embeddable":true,"href":"https:\/\/gamestore.com.uy\/store\/wp-json\/wp\/v2\/product_tag?post=26815"}],"curies":[{"name":"wp","href":"https:\/\/api.w.org\/{rel}","templated":true}]}}